{"id":710954,"date":"2025-08-27T16:40:50","date_gmt":"2025-08-27T13:40:50","guid":{"rendered":"https:\/\/roveyayinevi.com.tr\/index.php\/urun\/kiz-isi-oglan-isi\/"},"modified":"2026-04-16T02:19:43","modified_gmt":"2026-04-15T23:19:43","slug":"kiz-isi-oglan-isi","status":"publish","type":"product","link":"https:\/\/roveyayinevi.com.tr\/index.php\/urun\/kiz-isi-oglan-isi\/","title":{"rendered":"K\u0131z \u0130\u015fi O\u011flan \u0130\u015fi"},"content":{"rendered":"<p>\u201c\u2026Haber iletip, \u2018Aradan y\u0131llar, y\u00fczy\u0131llar ge\u00e7ti, h\u00e2l\u00e2 bitmedi mi \u015fu k\u0131z i\u015fi o\u011flan i\u015fi?\u2019 diye sordum. Bana \u015fu k\u00fc\u00e7\u00fck \u015fiirle cevap verdi: K\u0131z i\u015fi, o\u011flan i\u015fi\u2026 Bitmedi gitti, Bitmedi gitti, K\u0131z i\u015fi, o\u011flan i\u015fi\u2026\u201d S\u00fcleyman Bulut, y\u00fczy\u0131llard\u0131r hayat\u0131m\u0131zdan \u00e7\u0131karamad\u0131\u011f\u0131m\u0131z o \u201ck\u0131z i\u015fi, o\u011flan i\u015fi\u201d hik\u00e2yesini bir masal\u0131n i\u00e7inde yorumluyor bu kez. Hayata dair sorumluluklar\u0131n \u201ck\u0131z\u201d\u0131 \u201co\u011flan\u201d\u0131 olmad\u0131\u011f\u0131na dikkat \u00e7ekerken, hem k\u00fc\u00e7\u00fck okurlara hem de anne babalara sesleniyor. <\/p>\n","protected":false},"excerpt":{"rendered":"<p>\u201c\u2026Haber iletip, \u2018Aradan y\u0131llar, y\u00fczy\u0131llar ge\u00e7ti, h\u00e2l\u00e2 bitmedi mi \u015fu k\u0131z i\u015fi o\u011flan i\u015fi?\u2019 diye sordum. Bana \u015fu k\u00fc\u00e7\u00fck \u015fiirle cevap verdi: K\u0131z i\u015fi, o\u011flan i\u015fi\u2026<span class=\"excerpt-hellip\"> [\u2026]<\/span><\/p>\n","protected":false},"featured_media":0,"template":"","meta":{"_monsterinsights_skip_tracking":false,"_monsterinsights_sitenote_active":false,"_monsterinsights_sitenote_note":"","_monsterinsights_sitenote_category":0},"product_brand":[],"product_cat":[30023,13527],"product_tag":[],"class_list":{"0":"post-710954","1":"product","2":"type-product","3":"status-publish","5":"product_cat-edebiyat-sureli-yayinlar","6":"product_cat-sureli-yayinlar","7":"pa_cilt-ciltsiz","8":"pa_tur-kitap","9":"pa_yayinevi-can-cocuk-yayinlari","10":"pa_yazar-suleyman-bulut","12":"first","13":"instock","14":"sale","15":"shipping-taxable","16":"purchasable","17":"product-type-simple"},"_links":{"self":[{"href":"https:\/\/roveyayinevi.com.tr\/index.php\/wp-json\/wp\/v2\/product\/710954","targetHints":{"allow":["GET"]}}],"collection":[{"href":"https:\/\/roveyayinevi.com.tr\/index.php\/wp-json\/wp\/v2\/product"}],"about":[{"href":"https:\/\/roveyayinevi.com.tr\/index.php\/wp-json\/wp\/v2\/types\/product"}],"wp:attachment":[{"href":"https:\/\/roveyayinevi.com.tr\/index.php\/wp-json\/wp\/v2\/media?parent=710954"}],"wp:term":[{"taxonomy":"product_brand","embeddable":true,"href":"https:\/\/roveyayinevi.com.tr\/index.php\/wp-json\/wp\/v2\/product_brand?post=710954"},{"taxonomy":"product_cat","embeddable":true,"href":"https:\/\/roveyayinevi.com.tr\/index.php\/wp-json\/wp\/v2\/product_cat?post=710954"},{"taxonomy":"product_tag","embeddable":true,"href":"https:\/\/roveyayinevi.com.tr\/index.php\/wp-json\/wp\/v2\/product_tag?post=710954"}],"curies":[{"name":"wp","href":"https:\/\/api.w.org\/{rel}","templated":true}]}}