{"id":710953,"date":"2025-08-27T16:40:49","date_gmt":"2025-08-27T13:40:49","guid":{"rendered":"https:\/\/roveyayinevi.com.tr\/index.php\/urun\/bir-kustan-oburune-hayat-ve-yazmak-uzerine-tavsiyeler\/"},"modified":"2025-11-22T04:22:43","modified_gmt":"2025-11-22T01:22:43","slug":"bir-kustan-oburune-hayat-ve-yazmak-uzerine-tavsiyeler","status":"publish","type":"product","link":"https:\/\/roveyayinevi.com.tr\/index.php\/urun\/bir-kustan-oburune-hayat-ve-yazmak-uzerine-tavsiyeler\/","title":{"rendered":"Bir Ku\u015ftan \u00d6b\u00fcr\u00fcne: Hayat ve Yazmak \u00dczerine Tavsiyeler"},"content":{"rendered":"<p>Hep kitap\u2019\u0131n yazmay\u0131 hayat\u0131n\u0131n merkezine yerle\u015ftiren, herkesin ilgisini\u00e7eken \u201cAt\u00f6lye\u201d serisinden yazmak \u00fczerine bir meditasyon:Bir Ku\u015ftan \u00d6b\u00fcr\u00fcne: Hayat ve Yazmak \u00dczerine Tavsiyeler\u0130nand\u0131r\u0131c\u0131 diyaloglar yazmak o kadar da zor de\u011fil. \u0130lk taslaklar\u0131n\u0131z\u0131,bekledik\u00e7e rengi ortaya \u00e7\u0131kan polaroit foto\u011fraflar gibi d\u00fc\u015f\u00fcnebilirsiniz.Evet, taslak yazmak kolay i\u015f de\u011fil, ama emin olun en sevdi\u011finizyazar\u0131n da masas\u0131n\u0131 s\u00fcsl\u00fcyor o korkun\u00e7 taslaklar. Evet, olay\u00f6rg\u00fcs\u00fcn\u00fc planlamak da sonra aksayan taraflar\u0131n\u0131 bulup \u00e7\u0131karmakda zahmetli. Bu gibi durumlarda bazen tek ihtiyac\u0131n\u0131z olan, girmeye\u00e7al\u0131\u015ft\u0131\u011f\u0131n\u0131z yolun t\u00fcm engebelerini, birka\u00e7 labirentin \u00e7\u0131k\u0131\u015f\u0131n\u0131 bilenbir yazard\u0131r. \u0130\u015fte y\u0131llard\u0131r yarat\u0131c\u0131 yazarl\u0131k dersleri veren AnneLamott tam da bunu yap\u0131yor. Yazar adaylar\u0131na hem yazarl\u0131\u011f\u0131n zorluklar\u0131n\u0131hem de kitaplar\u0131n\u0131 yay\u0131mlatamasalar bile yazman\u0131n ba\u015fl\u0131ba\u015f\u0131na bir l\u00fctuf oldu\u011funu anlat\u0131yor.\u0130\u015fler i\u00e7inden \u00e7\u0131k\u0131lmaz bir hal ald\u0131\u011f\u0131nda tek yapman\u0131z gereken,yay\u0131mland\u0131\u011f\u0131 y\u0131ldan beri yazar adaylar\u0131n\u0131n ba\u015f ucu kitab\u0131 olanBir Ku\u015ftan \u00d6b\u00fcr\u00fcne\u2019den rastgele bir sayfa a\u00e7mak, gerisini AnneLamott\u2019un kelimeleri hallediyor! <\/p>\n","protected":false},"excerpt":{"rendered":"<p>Hep kitap\u2019\u0131n yazmay\u0131 hayat\u0131n\u0131n merkezine yerle\u015ftiren, herkesin ilgisini\u00e7eken \u201cAt\u00f6lye\u201d serisinden yazmak \u00fczerine bir meditasyon:Bir Ku\u015ftan \u00d6b\u00fcr\u00fcne: Hayat ve Yazmak \u00dczerine Tavsiyeler\u0130nand\u0131r\u0131c\u0131 diyaloglar yazmak o kadar da<span class=\"excerpt-hellip\"> [\u2026]<\/span><\/p>\n","protected":false},"featured_media":0,"template":"","meta":{"_monsterinsights_skip_tracking":false,"_monsterinsights_sitenote_active":false,"_monsterinsights_sitenote_note":"","_monsterinsights_sitenote_category":0},"product_brand":[],"product_cat":[18545,12291],"product_tag":[],"class_list":{"0":"post-710953","1":"product","2":"type-product","3":"status-publish","5":"product_cat-anlati","6":"product_cat-edebiyat","7":"pa_cilt-ciltsiz","8":"pa_tur-kitap","9":"pa_yayinevi-hep-kitap","10":"pa_yazar-anne-lamott","12":"first","13":"instock","14":"sale","15":"shipping-taxable","16":"purchasable","17":"product-type-simple"},"_links":{"self":[{"href":"https:\/\/roveyayinevi.com.tr\/index.php\/wp-json\/wp\/v2\/product\/710953","targetHints":{"allow":["GET"]}}],"collection":[{"href":"https:\/\/roveyayinevi.com.tr\/index.php\/wp-json\/wp\/v2\/product"}],"about":[{"href":"https:\/\/roveyayinevi.com.tr\/index.php\/wp-json\/wp\/v2\/types\/product"}],"wp:attachment":[{"href":"https:\/\/roveyayinevi.com.tr\/index.php\/wp-json\/wp\/v2\/media?parent=710953"}],"wp:term":[{"taxonomy":"product_brand","embeddable":true,"href":"https:\/\/roveyayinevi.com.tr\/index.php\/wp-json\/wp\/v2\/product_brand?post=710953"},{"taxonomy":"product_cat","embeddable":true,"href":"https:\/\/roveyayinevi.com.tr\/index.php\/wp-json\/wp\/v2\/product_cat?post=710953"},{"taxonomy":"product_tag","embeddable":true,"href":"https:\/\/roveyayinevi.com.tr\/index.php\/wp-json\/wp\/v2\/product_tag?post=710953"}],"curies":[{"name":"wp","href":"https:\/\/api.w.org\/{rel}","templated":true}]}}