{"id":710951,"date":"2025-08-27T16:40:48","date_gmt":"2025-08-27T13:40:48","guid":{"rendered":"https:\/\/roveyayinevi.com.tr\/index.php\/urun\/bay-ordek-ise-basliyor\/"},"modified":"2026-04-16T02:19:43","modified_gmt":"2026-04-15T23:19:43","slug":"bay-ordek-ise-basliyor","status":"publish","type":"product","link":"https:\/\/roveyayinevi.com.tr\/index.php\/urun\/bay-ordek-ise-basliyor\/","title":{"rendered":"Bay \u00d6rdek \u0130\u015fe Ba\u015fl\u0131yor"},"content":{"rendered":"<p>T\u00fcm arkada\u015flar\u0131 \u015fehir merkezinde \u00e7al\u0131\u015f\u0131p s\u00fcrekli i\u015flerindens\u00f6z edip durunca Bay \u00d6rdek de i\u015f aramaya ba\u015flar. \u0130\u015f ilanlar\u0131nabakar, bir g\u00f6r\u00fc\u015fme ayarlar. M\u00fclakata nas\u0131l gidece\u011fini, m\u00fclakatesnas\u0131nda nas\u0131l davranmas\u0131 gerekti\u011fini d\u00fc\u015f\u00fcn\u00fcp durur. G\u00f6r\u00fc\u015fmesonunda i\u015fe ba\u015flar fakat yapt\u0131\u011f\u0131 i\u015ften mutlu olmaz. Derken birg\u00fcn g\u00f6nl\u00fcnde yatan i\u015fi yapmak i\u00e7in harekete ge\u00e7er.\u0130nsan\u0131n kendine uygun mesle\u011fi se\u00e7mesi, gelece\u011fiyle ilgili karar <\/p>\n","protected":false},"excerpt":{"rendered":"<p>T\u00fcm arkada\u015flar\u0131 \u015fehir merkezinde \u00e7al\u0131\u015f\u0131p s\u00fcrekli i\u015flerindens\u00f6z edip durunca Bay \u00d6rdek de i\u015f aramaya ba\u015flar. \u0130\u015f ilanlar\u0131nabakar, bir g\u00f6r\u00fc\u015fme ayarlar. M\u00fclakata nas\u0131l gidece\u011fini, m\u00fclakatesnas\u0131nda nas\u0131l davranmas\u0131<span class=\"excerpt-hellip\"> [\u2026]<\/span><\/p>\n","protected":false},"featured_media":0,"template":"","meta":{"_monsterinsights_skip_tracking":false,"_monsterinsights_sitenote_active":false,"_monsterinsights_sitenote_note":"","_monsterinsights_sitenote_category":0},"product_brand":[],"product_cat":[12274,12284],"product_tag":[],"class_list":{"0":"post-710951","1":"product","2":"type-product","3":"status-publish","5":"product_cat-cocuk-ve-genclik-kitaplari","6":"product_cat-hikayeler","7":"pa_cilt-ciltsiz","8":"pa_tur-kitap","9":"pa_yayinevi-hep-kitap","10":"pa_yazar-sonny-ross","12":"first","13":"instock","14":"sale","15":"shipping-taxable","16":"purchasable","17":"product-type-simple"},"_links":{"self":[{"href":"https:\/\/roveyayinevi.com.tr\/index.php\/wp-json\/wp\/v2\/product\/710951","targetHints":{"allow":["GET"]}}],"collection":[{"href":"https:\/\/roveyayinevi.com.tr\/index.php\/wp-json\/wp\/v2\/product"}],"about":[{"href":"https:\/\/roveyayinevi.com.tr\/index.php\/wp-json\/wp\/v2\/types\/product"}],"wp:attachment":[{"href":"https:\/\/roveyayinevi.com.tr\/index.php\/wp-json\/wp\/v2\/media?parent=710951"}],"wp:term":[{"taxonomy":"product_brand","embeddable":true,"href":"https:\/\/roveyayinevi.com.tr\/index.php\/wp-json\/wp\/v2\/product_brand?post=710951"},{"taxonomy":"product_cat","embeddable":true,"href":"https:\/\/roveyayinevi.com.tr\/index.php\/wp-json\/wp\/v2\/product_cat?post=710951"},{"taxonomy":"product_tag","embeddable":true,"href":"https:\/\/roveyayinevi.com.tr\/index.php\/wp-json\/wp\/v2\/product_tag?post=710951"}],"curies":[{"name":"wp","href":"https:\/\/api.w.org\/{rel}","templated":true}]}}