{"id":710949,"date":"2025-08-27T16:40:47","date_gmt":"2025-08-27T13:40:47","guid":{"rendered":"https:\/\/roveyayinevi.com.tr\/index.php\/urun\/ingilizce-destekli-ilk-buyuk-hayvanlar-kitabim\/"},"modified":"2026-04-16T02:19:43","modified_gmt":"2026-04-15T23:19:43","slug":"ingilizce-destekli-ilk-buyuk-hayvanlar-kitabim","status":"publish","type":"product","link":"https:\/\/roveyayinevi.com.tr\/index.php\/urun\/ingilizce-destekli-ilk-buyuk-hayvanlar-kitabim\/","title":{"rendered":"\u0130ngilizce Destekli \u0130lk B\u00fcy\u00fck Hayvanlar Kitab\u0131m"},"content":{"rendered":"<p>Tavuktan timsaha, ku\u015ftan z\u00fcrafaya ne \u00e7ok hayvan ya\u015f\u0131yor d\u00fcnyam\u0131zda!\u00c7iftlik hayvanlar\u0131, yabani hayvanlar, evcil hayvanlar ve deniz canl\u0131lar\u0131 \u0130ngilizce kar\u015f\u0131l\u0131klar\u0131yla birlikte bu kitapta.Okul \u00d6ncesi m\u00fcfredat\u0131na uygun ve \u00e7ocuk geli\u015fim uzman\u0131 g\u00f6zetiminde haz\u0131rlanan bu kitap:-\u00c7ocuklar\u0131n s\u00f6zc\u00fck da\u011farc\u0131\u011f\u0131n\u0131 geli\u015ftirmesine-G\u00f6rsel materyalleri okumas\u0131na-Nesne veya varl\u0131klar\u0131 g\u00f6zlemleyerek \u00f6\u011frenmesine yard\u0131mc\u0131 oluyor.Hayvanlar\u0131 kendi ya\u015fam alanlar\u0131nda g\u00f6steren zengin g\u00f6rseller sayesinde \u00e7ocuklar kitab\u0131 kendi ba\u015f\u0131na inceleyebilir, resimlerle hik\u00e2ye olu\u015fturabilir, hayvanlar\u0131 inceleyerek \u00f6zelliklerini kar\u015f\u0131la\u015ft\u0131rabilir ve \u00f6\u011frendiklerini tekrar edebilir. <\/p>\n","protected":false},"excerpt":{"rendered":"<p>Tavuktan timsaha, ku\u015ftan z\u00fcrafaya ne \u00e7ok hayvan ya\u015f\u0131yor d\u00fcnyam\u0131zda!\u00c7iftlik hayvanlar\u0131, yabani hayvanlar, evcil hayvanlar ve deniz canl\u0131lar\u0131 \u0130ngilizce kar\u015f\u0131l\u0131klar\u0131yla birlikte bu kitapta.Okul \u00d6ncesi m\u00fcfredat\u0131na uygun ve<span class=\"excerpt-hellip\"> [\u2026]<\/span><\/p>\n","protected":false},"featured_media":0,"template":"","meta":{"_monsterinsights_skip_tracking":false,"_monsterinsights_sitenote_active":false,"_monsterinsights_sitenote_note":"","_monsterinsights_sitenote_category":0},"product_brand":[],"product_cat":[12274,12518],"product_tag":[],"class_list":{"0":"post-710949","1":"product","2":"type-product","3":"status-publish","5":"product_cat-cocuk-ve-genclik-kitaplari","6":"product_cat-okul-oncesi-kitaplar","7":"pa_cilt-ciltli","8":"pa_tur-kitap","9":"pa_yayinevi-sincap-kitap","10":"pa_yazar-kollektif","12":"first","13":"instock","14":"sale","15":"shipping-taxable","16":"purchasable","17":"product-type-simple"},"_links":{"self":[{"href":"https:\/\/roveyayinevi.com.tr\/index.php\/wp-json\/wp\/v2\/product\/710949","targetHints":{"allow":["GET"]}}],"collection":[{"href":"https:\/\/roveyayinevi.com.tr\/index.php\/wp-json\/wp\/v2\/product"}],"about":[{"href":"https:\/\/roveyayinevi.com.tr\/index.php\/wp-json\/wp\/v2\/types\/product"}],"wp:attachment":[{"href":"https:\/\/roveyayinevi.com.tr\/index.php\/wp-json\/wp\/v2\/media?parent=710949"}],"wp:term":[{"taxonomy":"product_brand","embeddable":true,"href":"https:\/\/roveyayinevi.com.tr\/index.php\/wp-json\/wp\/v2\/product_brand?post=710949"},{"taxonomy":"product_cat","embeddable":true,"href":"https:\/\/roveyayinevi.com.tr\/index.php\/wp-json\/wp\/v2\/product_cat?post=710949"},{"taxonomy":"product_tag","embeddable":true,"href":"https:\/\/roveyayinevi.com.tr\/index.php\/wp-json\/wp\/v2\/product_tag?post=710949"}],"curies":[{"name":"wp","href":"https:\/\/api.w.org\/{rel}","templated":true}]}}