{"id":710947,"date":"2025-08-27T16:40:46","date_gmt":"2025-08-27T13:40:46","guid":{"rendered":"https:\/\/roveyayinevi.com.tr\/index.php\/urun\/efsanevi-korsan-stortebeker-denizlerdeki-buyuk-sir\/"},"modified":"2026-04-16T02:19:43","modified_gmt":"2026-04-15T23:19:43","slug":"efsanevi-korsan-stortebeker-denizlerdeki-buyuk-sir","status":"publish","type":"product","link":"https:\/\/roveyayinevi.com.tr\/index.php\/urun\/efsanevi-korsan-stortebeker-denizlerdeki-buyuk-sir\/","title":{"rendered":"Efsanevi Korsan St\u00f6rtebeker Denizlerdeki B\u00fcy\u00fck S\u0131r"},"content":{"rendered":"<p>St\u00f6rtebeker tarihin en korkusuz korsanlar\u0131ndan biriydi!D\u00f6rt bir yana korku salan korsan \u00e7etesinin lideri Klaus St\u00f6rtebeker ortaya \u00e7\u0131kmasayd\u0131, gemilerle \u00e7e\u015fitli mallar ta\u015f\u0131yan t\u00fcccarlar i\u00e7in hayat \u00e7ok daha rahat olabilirdi. \u00c7\u00fcnk\u00fc hi\u00e7bir geminin kaptan\u0131 kendini g\u00fcvende hissedemiyordu. Ama bu korkusuz korsan\u0131n kar\u015f\u0131s\u0131na hi\u00e7 beklemedi\u011fi biri \u00e7\u0131kacakt\u0131, hem de k\u00fc\u00e7\u00fck k\u00f6pe\u011fiyle birlikte! Ve kim bilir, belki de onu yenecekti! <\/p>\n","protected":false},"excerpt":{"rendered":"<p>St\u00f6rtebeker tarihin en korkusuz korsanlar\u0131ndan biriydi!D\u00f6rt bir yana korku salan korsan \u00e7etesinin lideri Klaus St\u00f6rtebeker ortaya \u00e7\u0131kmasayd\u0131, gemilerle \u00e7e\u015fitli mallar ta\u015f\u0131yan t\u00fcccarlar i\u00e7in hayat \u00e7ok daha<span class=\"excerpt-hellip\"> [\u2026]<\/span><\/p>\n","protected":false},"featured_media":0,"template":"","meta":{"_monsterinsights_skip_tracking":false,"_monsterinsights_sitenote_active":false,"_monsterinsights_sitenote_note":"","_monsterinsights_sitenote_category":0},"product_brand":[],"product_cat":[12274,12284],"product_tag":[],"class_list":{"0":"post-710947","1":"product","2":"type-product","3":"status-publish","5":"product_cat-cocuk-ve-genclik-kitaplari","6":"product_cat-hikayeler","7":"pa_cilt-ciltsiz","8":"pa_tur-kitap","9":"pa_yayinevi-kirmizi-kedi-yayinevi","10":"pa_yazar-harald-parigger","12":"first","13":"instock","14":"sale","15":"shipping-taxable","16":"purchasable","17":"product-type-simple"},"_links":{"self":[{"href":"https:\/\/roveyayinevi.com.tr\/index.php\/wp-json\/wp\/v2\/product\/710947","targetHints":{"allow":["GET"]}}],"collection":[{"href":"https:\/\/roveyayinevi.com.tr\/index.php\/wp-json\/wp\/v2\/product"}],"about":[{"href":"https:\/\/roveyayinevi.com.tr\/index.php\/wp-json\/wp\/v2\/types\/product"}],"wp:attachment":[{"href":"https:\/\/roveyayinevi.com.tr\/index.php\/wp-json\/wp\/v2\/media?parent=710947"}],"wp:term":[{"taxonomy":"product_brand","embeddable":true,"href":"https:\/\/roveyayinevi.com.tr\/index.php\/wp-json\/wp\/v2\/product_brand?post=710947"},{"taxonomy":"product_cat","embeddable":true,"href":"https:\/\/roveyayinevi.com.tr\/index.php\/wp-json\/wp\/v2\/product_cat?post=710947"},{"taxonomy":"product_tag","embeddable":true,"href":"https:\/\/roveyayinevi.com.tr\/index.php\/wp-json\/wp\/v2\/product_tag?post=710947"}],"curies":[{"name":"wp","href":"https:\/\/api.w.org\/{rel}","templated":true}]}}