{"id":710946,"date":"2025-08-27T16:40:45","date_gmt":"2025-08-27T13:40:45","guid":{"rendered":"https:\/\/roveyayinevi.com.tr\/index.php\/urun\/bocek-tamircisi\/"},"modified":"2026-04-05T02:23:04","modified_gmt":"2026-04-04T23:23:04","slug":"bocek-tamircisi","status":"publish","type":"product","link":"https:\/\/roveyayinevi.com.tr\/index.php\/urun\/bocek-tamircisi\/","title":{"rendered":"B\u00f6cek Tamircisi"},"content":{"rendered":"<p>Tudem Yay\u0131nlar\u0131 etiketiyle \u00e7\u0131kan B\u00f6cek Tamircisi, aile gelene\u011fine g\u00f6re b\u00f6cekleri iyile\u015ftirmesi gereken ama b\u00f6ceklerden deli gibi korkan bir \u00e7ocu\u011fun hik\u00e2yesini anlat\u0131yor. Frans\u0131z yazar Nastasia Rugani&#8217;nin kaleme ald\u0131\u011f\u0131 kitap, meslek se\u00e7imi, gelenekler ve toplumsal roller \u00fczerine \u00e7ok e\u011flenceli bir roman.B\u00fct\u00fcn hayat\u0131n\u0131, kanad\u0131 hasar g\u00f6ren ya da bacaklar\u0131 yaralanan mini mini b\u00f6cekleri iyile\u015ftirmeye adayan mucizevi B\u00f6cek Tamircisinin emeklilik zaman\u0131 geldi. Tamirci, ya\u015fad\u0131klar\u0131 orman\u0131n geleneklerine g\u00f6re, baba mesle\u011fini \u00f6zel bir t\u00f6renle o\u011flu Nok&#8217;a devretmek zorunda; fakat k\u00fc\u00e7\u00fcc\u00fck bir sorunlar\u0131 var: Nok&#8217;un b\u00f6cek fobisi var!\u2026Frans\u0131z yazar Nastasia Rugani&#8217;nin kaleme ald\u0131\u011f\u0131 B\u00f6cek Tamircisi, okuma maceralar\u0131n\u0131n ba\u015f\u0131ndaki k\u00fc\u00e7\u00fckleri ola\u011fan\u00fcst\u00fc bir b\u00f6cekler \u00e2lemine davet ediyor. Deneyimli ill\u00fcstrat\u00f6r Charline Collette&#8217;in b\u00f6cekleri bile sevimli g\u00f6stermeyi ba\u015faran ne\u015feli \u00e7izimleri e\u015fli\u011finde okurlar\u0131n d\u00fc\u015f d\u00fcnyalar\u0131n\u0131 harekete ge\u00e7iriyor. Kitap, meslek se\u00e7imi, gelenekler ve toplumsal roller gibi b\u00fcy\u00fck kavramlar\u0131 \u00e7ocuklar\u0131n anlayaca\u011f\u0131 dilde hem de \u00e7ok e\u011flenceli bir \u00f6yk\u00fcyle irdeliyor.Tudem Yay\u0131nlar\u0131 etiketiyle raflardaki yerini alan B\u00f6cek Tamircisi&#8217;ni okuduktan sonra, etrafta <\/p>\n","protected":false},"excerpt":{"rendered":"<p>Tudem Yay\u0131nlar\u0131 etiketiyle \u00e7\u0131kan B\u00f6cek Tamircisi, aile gelene\u011fine g\u00f6re b\u00f6cekleri iyile\u015ftirmesi gereken ama b\u00f6ceklerden deli gibi korkan bir \u00e7ocu\u011fun hik\u00e2yesini anlat\u0131yor. Frans\u0131z yazar Nastasia Rugani&#8217;nin kaleme<span class=\"excerpt-hellip\"> [\u2026]<\/span><\/p>\n","protected":false},"featured_media":0,"template":"","meta":{"_monsterinsights_skip_tracking":false,"_monsterinsights_sitenote_active":false,"_monsterinsights_sitenote_note":"","_monsterinsights_sitenote_category":0},"product_brand":[],"product_cat":[12274,12284],"product_tag":[],"class_list":{"0":"post-710946","1":"product","2":"type-product","3":"status-publish","5":"product_cat-cocuk-ve-genclik-kitaplari","6":"product_cat-hikayeler","7":"pa_cilt-ciltsiz","8":"pa_tur-kitap","9":"pa_yayinevi-tudem-yayinlari","10":"pa_yazar-nastasia-rugani","12":"first","13":"instock","14":"sale","15":"shipping-taxable","16":"purchasable","17":"product-type-simple"},"_links":{"self":[{"href":"https:\/\/roveyayinevi.com.tr\/index.php\/wp-json\/wp\/v2\/product\/710946","targetHints":{"allow":["GET"]}}],"collection":[{"href":"https:\/\/roveyayinevi.com.tr\/index.php\/wp-json\/wp\/v2\/product"}],"about":[{"href":"https:\/\/roveyayinevi.com.tr\/index.php\/wp-json\/wp\/v2\/types\/product"}],"wp:attachment":[{"href":"https:\/\/roveyayinevi.com.tr\/index.php\/wp-json\/wp\/v2\/media?parent=710946"}],"wp:term":[{"taxonomy":"product_brand","embeddable":true,"href":"https:\/\/roveyayinevi.com.tr\/index.php\/wp-json\/wp\/v2\/product_brand?post=710946"},{"taxonomy":"product_cat","embeddable":true,"href":"https:\/\/roveyayinevi.com.tr\/index.php\/wp-json\/wp\/v2\/product_cat?post=710946"},{"taxonomy":"product_tag","embeddable":true,"href":"https:\/\/roveyayinevi.com.tr\/index.php\/wp-json\/wp\/v2\/product_tag?post=710946"}],"curies":[{"name":"wp","href":"https:\/\/api.w.org\/{rel}","templated":true}]}}