{"id":710945,"date":"2025-08-27T16:40:44","date_gmt":"2025-08-27T13:40:44","guid":{"rendered":"https:\/\/roveyayinevi.com.tr\/index.php\/urun\/dunyanin-on-dort-gunu\/"},"modified":"2026-04-16T02:19:43","modified_gmt":"2026-04-15T23:19:43","slug":"dunyanin-on-dort-gunu","status":"publish","type":"product","link":"https:\/\/roveyayinevi.com.tr\/index.php\/urun\/dunyanin-on-dort-gunu\/","title":{"rendered":"D\u00fcnya&#8217;n\u0131n On D\u00f6rt G\u00fcn\u00fc"},"content":{"rendered":"<p>D\u00fcnya\u2019n\u0131n ya\u015fad\u0131\u011f\u0131 k\u00f6y, kalabal\u0131k ve g\u00fcr\u00fclt\u00fcl\u00fc kentlerin uza\u011f\u0131ndaym\u0131\u015f. Bu k\u00f6yde g\u00f6ky\u00fcz\u00fc griye d\u00f6nm\u00fc\u015f, y\u0131ld\u0131zlar g\u00f6r\u00fclmez olmu\u015f. \u0130nsanlar g\u00fclmeyi unutmu\u015f, g\u00fcne\u015f bile par\u0131lt\u0131s\u0131n\u0131 kaybedip solmu\u015f. G\u00fcnlerden bir g\u00fcn, k\u00f6yde zaman ans\u0131z\u0131n durmu\u015f. Ku\u015flar havada as\u0131l\u0131 kalm\u0131\u015f, r\u00fczg\u00e2r esmez, dere akmaz olmu\u015f. Ve k\u00f6y\u00fcn en k\u00fc\u00e7\u00fc\u011f\u00fc D\u00fcnya, ba\u015f\u0131na gelecekleri bilmeden bu gizemi \u00e7\u00f6zmek i\u00e7in yola koyulmu\u015f\u2026 <\/p>\n","protected":false},"excerpt":{"rendered":"<p>D\u00fcnya\u2019n\u0131n ya\u015fad\u0131\u011f\u0131 k\u00f6y, kalabal\u0131k ve g\u00fcr\u00fclt\u00fcl\u00fc kentlerin uza\u011f\u0131ndaym\u0131\u015f. Bu k\u00f6yde g\u00f6ky\u00fcz\u00fc griye d\u00f6nm\u00fc\u015f, y\u0131ld\u0131zlar g\u00f6r\u00fclmez olmu\u015f. \u0130nsanlar g\u00fclmeyi unutmu\u015f, g\u00fcne\u015f bile par\u0131lt\u0131s\u0131n\u0131 kaybedip solmu\u015f. G\u00fcnlerden bir<span class=\"excerpt-hellip\"> [\u2026]<\/span><\/p>\n","protected":false},"featured_media":0,"template":"","meta":{"_monsterinsights_skip_tracking":false,"_monsterinsights_sitenote_active":false,"_monsterinsights_sitenote_note":"","_monsterinsights_sitenote_category":0},"product_brand":[],"product_cat":[12274,12284],"product_tag":[],"class_list":{"0":"post-710945","1":"product","2":"type-product","3":"status-publish","5":"product_cat-cocuk-ve-genclik-kitaplari","6":"product_cat-hikayeler","7":"pa_cilt-ciltsiz","8":"pa_tur-kitap","9":"pa_yayinevi-kirmizi-kedi-yayinevi","10":"pa_yazar-asli-eti","12":"first","13":"instock","14":"sale","15":"shipping-taxable","16":"purchasable","17":"product-type-simple"},"_links":{"self":[{"href":"https:\/\/roveyayinevi.com.tr\/index.php\/wp-json\/wp\/v2\/product\/710945","targetHints":{"allow":["GET"]}}],"collection":[{"href":"https:\/\/roveyayinevi.com.tr\/index.php\/wp-json\/wp\/v2\/product"}],"about":[{"href":"https:\/\/roveyayinevi.com.tr\/index.php\/wp-json\/wp\/v2\/types\/product"}],"wp:attachment":[{"href":"https:\/\/roveyayinevi.com.tr\/index.php\/wp-json\/wp\/v2\/media?parent=710945"}],"wp:term":[{"taxonomy":"product_brand","embeddable":true,"href":"https:\/\/roveyayinevi.com.tr\/index.php\/wp-json\/wp\/v2\/product_brand?post=710945"},{"taxonomy":"product_cat","embeddable":true,"href":"https:\/\/roveyayinevi.com.tr\/index.php\/wp-json\/wp\/v2\/product_cat?post=710945"},{"taxonomy":"product_tag","embeddable":true,"href":"https:\/\/roveyayinevi.com.tr\/index.php\/wp-json\/wp\/v2\/product_tag?post=710945"}],"curies":[{"name":"wp","href":"https:\/\/api.w.org\/{rel}","templated":true}]}}