{"id":710944,"date":"2025-08-27T16:40:44","date_gmt":"2025-08-27T13:40:44","guid":{"rendered":"https:\/\/roveyayinevi.com.tr\/index.php\/urun\/bosluk-2\/"},"modified":"2026-04-16T02:19:43","modified_gmt":"2026-04-15T23:19:43","slug":"bosluk-2","status":"publish","type":"product","link":"https:\/\/roveyayinevi.com.tr\/index.php\/urun\/bosluk-2\/","title":{"rendered":"Bo\u015fluk"},"content":{"rendered":"<p>Julia hi\u00e7 ho\u015funa gitmeyen bir bo\u015fluktan \u015fikayet\u00e7idir. Bu bo\u015flu\u011fu doldurup yok etmek i\u00e7in \u00e7ok \u00e7e\u015fitli yollar dener. Peki ba\u015far\u0131l\u0131 olabilecek midir? Hayat rastlant\u0131larla doludur. Ayr\u0131ca kay\u0131plarla da doludur. Bazen \u00f6nemsiz kay\u0131plard\u0131r bunlar bir kalem ya da k\u00e2\u011f\u0131t par\u00e7as\u0131 kaybetmek gibi. Ancak ba\u015fka kay\u0131plar vard\u0131r ki sevdi\u011fin birini sa\u011fl\u0131\u011f\u0131n\u0131 ya da i\u015fini g\u00fcc\u00fcn\u00fc kaybetmek gibi i\u015fte onlar \u00f6nemlidir. BO\u015eLUK iyile\u015febilme zorluklar\u0131n \u00fcstesinden gelebilme g\u00fcc\u00fcm\u00fcz\u00fc ve hayattaki amac\u0131m\u0131z\u0131 bulmay\u0131 \u00f6\u011freten bir hikayedir. Anna Llenas \ufffcTan\u0131t\u0131m Metni<\/p>\n","protected":false},"excerpt":{"rendered":"<p>Julia hi\u00e7 ho\u015funa gitmeyen bir bo\u015fluktan \u015fikayet\u00e7idir. Bu bo\u015flu\u011fu doldurup yok etmek i\u00e7in \u00e7ok \u00e7e\u015fitli yollar dener. Peki ba\u015far\u0131l\u0131 olabilecek midir? Hayat rastlant\u0131larla doludur. Ayr\u0131ca kay\u0131plarla<span class=\"excerpt-hellip\"> [\u2026]<\/span><\/p>\n","protected":false},"featured_media":0,"template":"","meta":{"_monsterinsights_skip_tracking":false,"_monsterinsights_sitenote_active":false,"_monsterinsights_sitenote_note":"","_monsterinsights_sitenote_category":0},"product_brand":[],"product_cat":[30023,13527],"product_tag":[],"class_list":{"0":"post-710944","1":"product","2":"type-product","3":"status-publish","5":"product_cat-edebiyat-sureli-yayinlar","6":"product_cat-sureli-yayinlar","7":"pa_cilt-ciltli","8":"pa_tur-kitap","9":"pa_yayinevi-nesin-yayinlari","10":"pa_yazar-anna-llenas","12":"first","13":"instock","14":"sale","15":"shipping-taxable","16":"purchasable","17":"product-type-simple"},"_links":{"self":[{"href":"https:\/\/roveyayinevi.com.tr\/index.php\/wp-json\/wp\/v2\/product\/710944","targetHints":{"allow":["GET"]}}],"collection":[{"href":"https:\/\/roveyayinevi.com.tr\/index.php\/wp-json\/wp\/v2\/product"}],"about":[{"href":"https:\/\/roveyayinevi.com.tr\/index.php\/wp-json\/wp\/v2\/types\/product"}],"wp:attachment":[{"href":"https:\/\/roveyayinevi.com.tr\/index.php\/wp-json\/wp\/v2\/media?parent=710944"}],"wp:term":[{"taxonomy":"product_brand","embeddable":true,"href":"https:\/\/roveyayinevi.com.tr\/index.php\/wp-json\/wp\/v2\/product_brand?post=710944"},{"taxonomy":"product_cat","embeddable":true,"href":"https:\/\/roveyayinevi.com.tr\/index.php\/wp-json\/wp\/v2\/product_cat?post=710944"},{"taxonomy":"product_tag","embeddable":true,"href":"https:\/\/roveyayinevi.com.tr\/index.php\/wp-json\/wp\/v2\/product_tag?post=710944"}],"curies":[{"name":"wp","href":"https:\/\/api.w.org\/{rel}","templated":true}]}}