{"id":710940,"date":"2025-08-27T16:40:42","date_gmt":"2025-08-27T13:40:42","guid":{"rendered":"https:\/\/roveyayinevi.com.tr\/index.php\/urun\/kordugum-2\/"},"modified":"2026-04-16T02:19:43","modified_gmt":"2026-04-15T23:19:43","slug":"kordugum-2","status":"publish","type":"product","link":"https:\/\/roveyayinevi.com.tr\/index.php\/urun\/kordugum-2\/","title":{"rendered":"K\u00f6rd\u00fc\u011f\u00fcm"},"content":{"rendered":"<p>\u201cHayat\u0131m, beni cehenneme savuran bir r\u00fczg\u00e2rla alt\u00fcst olmu\u015ftu, b\u00f6yle olmas\u0131nda ne su\u00e7um ne de katk\u0131m vard\u0131. Etraf\u0131mda neler d\u00f6n\u00fcyor, bilmiyordum. Fakat tuhaf bir \u015fekilde i\u00e7inde bocalad\u0131\u011f\u0131m \u00e7aresizlik duygusu giderek m\u00fccadele ruhuyla yer de\u011fi\u015ftiriyordu\u2026\u201d Esrarengiz bir kaza sonucu bellek kayb\u0131 ya\u015fayan, bu nedenle  \u201cGizem\u201d ad\u0131yla an\u0131lan gen\u00e7 kad\u0131n\u0131n tek bir iste\u011fi vard\u0131r:  kendi ger\u00e7e\u011fine ula\u015fmak\u2026 Bir s\u00fcre hastanede kald\u0131ktan sonra \u00f6zel bir klini\u011fe yat\u0131r\u0131lan  Gizem, bu kapal\u0131 ortamda, hayal bile edemeyece\u011fi travmalar ya\u015fam\u0131\u015f gen\u00e7 bir kad\u0131nla ve onunla \u00f6zel olarak ilgilenen  Doktor Orhan\u2019la ili\u015fki kurar. Zamanla kendinde unutu\u015fun o s\u0131ms\u0131k\u0131 kilitli kap\u0131s\u0131n\u0131 aralayacak g\u00fcc\u00fc bulan Gizem, hat\u0131rlad\u0131klar\u0131yla kumpaslar, entrikalar ve rastlant\u0131larla \u00f6r\u00fcl\u00fc, T\u00fcrkiye\u2019de ya\u015fanan bu karma\u015f\u0131k g\u00fcnleri de i\u00e7ine alan esasl\u0131 bir kas\u0131rgaya kap\u0131lm\u0131\u015f gitmekte oldu\u011funu g\u00f6recektir. K\u00f6rd\u00fc\u011f\u00fcm, hayat\u0131n\u0131n hassas bir evresinde, g\u00fcn\u00fcm\u00fcz\u00fcn ac\u0131mas\u0131z \u00e7arklar\u0131 aras\u0131na s\u0131k\u0131\u015fm\u0131\u015f gen\u00e7 bir kad\u0131n\u0131n ya\u015fad\u0131klar\u0131n\u0131 \u00e7arp\u0131c\u0131 bir \u201cgeri d\u00f6n\u00fc\u015f\u201d hikayesiyle anlat\u0131yor.  Ay\u015fe Kulin \u00e7ok sevilen Kanad\u0131 K\u0131r\u0131k Ku\u015flar\u2019da oldu\u011fu gibi, \u00fclkesinin \u00e7alkant\u0131lar\u0131 ile sars\u0131lan ama tutkular\u0131na da sorumluluklar\u0131na da sahip \u00e7\u0131kan gen\u00e7 bir kad\u0131n\u0131n ayakta kalma m\u00fccadelesini g\u00f6zler \u00f6n\u00fcne seriyor. <\/p>\n","protected":false},"excerpt":{"rendered":"<p>\u201cHayat\u0131m, beni cehenneme savuran bir r\u00fczg\u00e2rla alt\u00fcst olmu\u015ftu, b\u00f6yle olmas\u0131nda ne su\u00e7um ne de katk\u0131m vard\u0131. Etraf\u0131mda neler d\u00f6n\u00fcyor, bilmiyordum. Fakat tuhaf bir \u015fekilde i\u00e7inde bocalad\u0131\u011f\u0131m<span class=\"excerpt-hellip\"> [\u2026]<\/span><\/p>\n","protected":false},"featured_media":0,"template":"","meta":{"_monsterinsights_skip_tracking":false,"_monsterinsights_sitenote_active":false,"_monsterinsights_sitenote_note":"","_monsterinsights_sitenote_category":0},"product_brand":[],"product_cat":[12291,12711],"product_tag":[],"class_list":{"0":"post-710940","1":"product","2":"type-product","3":"status-publish","5":"product_cat-edebiyat","6":"product_cat-roman-oyku","7":"pa_cilt-ciltsiz","8":"pa_tur-kitap","9":"pa_yayinevi-everest-yayinlari","10":"pa_yazar-ayse-kulin","12":"first","13":"instock","14":"sale","15":"shipping-taxable","16":"purchasable","17":"product-type-simple"},"_links":{"self":[{"href":"https:\/\/roveyayinevi.com.tr\/index.php\/wp-json\/wp\/v2\/product\/710940","targetHints":{"allow":["GET"]}}],"collection":[{"href":"https:\/\/roveyayinevi.com.tr\/index.php\/wp-json\/wp\/v2\/product"}],"about":[{"href":"https:\/\/roveyayinevi.com.tr\/index.php\/wp-json\/wp\/v2\/types\/product"}],"wp:attachment":[{"href":"https:\/\/roveyayinevi.com.tr\/index.php\/wp-json\/wp\/v2\/media?parent=710940"}],"wp:term":[{"taxonomy":"product_brand","embeddable":true,"href":"https:\/\/roveyayinevi.com.tr\/index.php\/wp-json\/wp\/v2\/product_brand?post=710940"},{"taxonomy":"product_cat","embeddable":true,"href":"https:\/\/roveyayinevi.com.tr\/index.php\/wp-json\/wp\/v2\/product_cat?post=710940"},{"taxonomy":"product_tag","embeddable":true,"href":"https:\/\/roveyayinevi.com.tr\/index.php\/wp-json\/wp\/v2\/product_tag?post=710940"}],"curies":[{"name":"wp","href":"https:\/\/api.w.org\/{rel}","templated":true}]}}