{"id":710937,"date":"2025-08-27T16:40:40","date_gmt":"2025-08-27T13:40:40","guid":{"rendered":"https:\/\/roveyayinevi.com.tr\/index.php\/urun\/matematik-1-gelistiren-etkinlikler\/"},"modified":"2026-04-16T02:19:43","modified_gmt":"2026-04-15T23:19:43","slug":"matematik-1-gelistiren-etkinlikler","status":"publish","type":"product","link":"https:\/\/roveyayinevi.com.tr\/index.php\/urun\/matematik-1-gelistiren-etkinlikler\/","title":{"rendered":"Matematik 1: Geli\u015ftiren Etkinlikler"},"content":{"rendered":"<p>Bu \u00e7al\u0131\u015fmalarla matematiksel durumlar\u0131n incelendi\u011fi ortamlar olu\u015fturarak; Ak\u0131l y\u00fcr\u00fctme, Problem \u00e7\u00f6zme yollar\u0131 geli\u015ftirme, Matemati\u011fi ger\u00e7ek ya\u015famda \u00f6nemseme, \u0130leti\u015fim kurma ve ili\u015fkilendirmeler yapma becerilerini geli\u015ftirmeyi ama\u00e7lad\u0131k. <\/p>\n","protected":false},"excerpt":{"rendered":"<p>Bu \u00e7al\u0131\u015fmalarla matematiksel durumlar\u0131n incelendi\u011fi ortamlar olu\u015fturarak; Ak\u0131l y\u00fcr\u00fctme, Problem \u00e7\u00f6zme yollar\u0131 geli\u015ftirme, Matemati\u011fi ger\u00e7ek ya\u015famda \u00f6nemseme, \u0130leti\u015fim kurma ve ili\u015fkilendirmeler yapma becerilerini geli\u015ftirmeyi ama\u00e7lad\u0131k.<\/p>\n","protected":false},"featured_media":0,"template":"","meta":{"_monsterinsights_skip_tracking":false,"_monsterinsights_sitenote_active":false,"_monsterinsights_sitenote_note":"","_monsterinsights_sitenote_category":0},"product_brand":[],"product_cat":[15351,15350],"product_tag":[],"class_list":{"0":"post-710937","1":"product","2":"type-product","3":"status-publish","5":"product_cat-ders-kitaplari","6":"product_cat-hukuk","7":"pa_cilt-ciltsiz","8":"pa_tur-kitap","9":"pa_yayinevi-kok-yayinevi","10":"pa_yazar-abdullah-bilgi","12":"first","13":"instock","14":"sale","15":"shipping-taxable","16":"purchasable","17":"product-type-simple"},"_links":{"self":[{"href":"https:\/\/roveyayinevi.com.tr\/index.php\/wp-json\/wp\/v2\/product\/710937","targetHints":{"allow":["GET"]}}],"collection":[{"href":"https:\/\/roveyayinevi.com.tr\/index.php\/wp-json\/wp\/v2\/product"}],"about":[{"href":"https:\/\/roveyayinevi.com.tr\/index.php\/wp-json\/wp\/v2\/types\/product"}],"wp:attachment":[{"href":"https:\/\/roveyayinevi.com.tr\/index.php\/wp-json\/wp\/v2\/media?parent=710937"}],"wp:term":[{"taxonomy":"product_brand","embeddable":true,"href":"https:\/\/roveyayinevi.com.tr\/index.php\/wp-json\/wp\/v2\/product_brand?post=710937"},{"taxonomy":"product_cat","embeddable":true,"href":"https:\/\/roveyayinevi.com.tr\/index.php\/wp-json\/wp\/v2\/product_cat?post=710937"},{"taxonomy":"product_tag","embeddable":true,"href":"https:\/\/roveyayinevi.com.tr\/index.php\/wp-json\/wp\/v2\/product_tag?post=710937"}],"curies":[{"name":"wp","href":"https:\/\/api.w.org\/{rel}","templated":true}]}}