{"id":710935,"date":"2025-08-27T16:40:39","date_gmt":"2025-08-27T13:40:39","guid":{"rendered":"https:\/\/roveyayinevi.com.tr\/index.php\/urun\/kemanci-ayi-masali\/"},"modified":"2026-04-16T02:19:43","modified_gmt":"2026-04-15T23:19:43","slug":"kemanci-ayi-masali","status":"publish","type":"product","link":"https:\/\/roveyayinevi.com.tr\/index.php\/urun\/kemanci-ayi-masali\/","title":{"rendered":"Kemanc\u0131 Ay\u0131 Masal\u0131"},"content":{"rendered":"<p>Sonbahar ve ard\u0131nadan k\u0131\u015f geldi. Ormandaki hayvanlar k\u0131\u015f uykusuna yatt\u0131. Her yer derin bir sessizli\u011fe g\u00f6m\u00fcld\u00fc. Do\u011fan\u0131n \u00e7a\u011fr\u0131s\u0131yd\u0131 bu; kar\u015f\u0131 konulamazd\u0131. Ama hay\u0131r&#8230; Biri vard\u0131 ki, yapmak istedi\u011fi \u015feyi yapabilmek u\u011fruna nice engeller a\u015fm\u0131\u015ft\u0131. Uykuya teslim olmayacakt\u0131. Ac\u0131yan g\u00f6zlerine ald\u0131r\u0131\u015f etmeksizin \u00e7al\u0131\u015f\u0131yor, \u00e7al\u0131\u015f\u0131yordu&#8230; Bir sebat \u00f6yk\u00fcs\u00fc&#8230; \ufffcTan\u0131t\u0131m Metni<\/p>\n","protected":false},"excerpt":{"rendered":"<p>Sonbahar ve ard\u0131nadan k\u0131\u015f geldi. Ormandaki hayvanlar k\u0131\u015f uykusuna yatt\u0131. Her yer derin bir sessizli\u011fe g\u00f6m\u00fcld\u00fc. Do\u011fan\u0131n \u00e7a\u011fr\u0131s\u0131yd\u0131 bu; kar\u015f\u0131 konulamazd\u0131. Ama hay\u0131r&#8230; Biri vard\u0131 ki,<span class=\"excerpt-hellip\"> [\u2026]<\/span><\/p>\n","protected":false},"featured_media":0,"template":"","meta":{"_monsterinsights_skip_tracking":false,"_monsterinsights_sitenote_active":false,"_monsterinsights_sitenote_note":"","_monsterinsights_sitenote_category":0},"product_brand":[],"product_cat":[12913,12274],"product_tag":[],"class_list":{"0":"post-710935","1":"product","2":"type-product","3":"status-publish","5":"product_cat-3-6-yas-kitaplari","6":"product_cat-cocuk-ve-genclik-kitaplari","7":"pa_cilt-ciltsiz","8":"pa_tur-kitap","9":"pa_yayinevi-mavi-bulut-yayinlari","10":"pa_yazar-fatih-erdogan","12":"first","13":"instock","14":"sale","15":"shipping-taxable","16":"purchasable","17":"product-type-simple"},"_links":{"self":[{"href":"https:\/\/roveyayinevi.com.tr\/index.php\/wp-json\/wp\/v2\/product\/710935","targetHints":{"allow":["GET"]}}],"collection":[{"href":"https:\/\/roveyayinevi.com.tr\/index.php\/wp-json\/wp\/v2\/product"}],"about":[{"href":"https:\/\/roveyayinevi.com.tr\/index.php\/wp-json\/wp\/v2\/types\/product"}],"wp:attachment":[{"href":"https:\/\/roveyayinevi.com.tr\/index.php\/wp-json\/wp\/v2\/media?parent=710935"}],"wp:term":[{"taxonomy":"product_brand","embeddable":true,"href":"https:\/\/roveyayinevi.com.tr\/index.php\/wp-json\/wp\/v2\/product_brand?post=710935"},{"taxonomy":"product_cat","embeddable":true,"href":"https:\/\/roveyayinevi.com.tr\/index.php\/wp-json\/wp\/v2\/product_cat?post=710935"},{"taxonomy":"product_tag","embeddable":true,"href":"https:\/\/roveyayinevi.com.tr\/index.php\/wp-json\/wp\/v2\/product_tag?post=710935"}],"curies":[{"name":"wp","href":"https:\/\/api.w.org\/{rel}","templated":true}]}}