{"id":710934,"date":"2025-08-27T16:40:38","date_gmt":"2025-08-27T13:40:38","guid":{"rendered":"https:\/\/roveyayinevi.com.tr\/index.php\/urun\/deniz-feneri-4\/"},"modified":"2026-04-08T02:25:16","modified_gmt":"2026-04-07T23:25:16","slug":"deniz-feneri-4","status":"publish","type":"product","link":"https:\/\/roveyayinevi.com.tr\/index.php\/urun\/deniz-feneri-4\/","title":{"rendered":"Deniz Feneri"},"content":{"rendered":"<p>\u00b7         \u201cEv, \u015fimdi hayat\u0131n b\u0131rakt\u0131\u011f\u0131 bo\u015flu\u011fu dolduracak kuru tuz taneleriyle \u00e7evrilmi\u015f kum tepelerinin \u00fczerindeki bir deniz kabu\u011fu gibi yapayaln\u0131zd\u0131. Uzun bir gece h\u00fck\u00fcm s\u00fcrmeye ba\u015fl\u0131yordu; i\u00e7 kemiren hafif r\u00fczg\u00e2rlar, beceriksizce al\u0131n\u0131p verilen so\u011fuk ve nemli nefesler zafer kazanm\u0131\u015ft\u0131.\u201d \u00b7         D\u00f6nemin feminist yazarlar\u0131ndan Virginia Woolf, anne ve babas\u0131n\u0131n izlerini ta\u015f\u0131yan bu roman\u0131nda bir ailenin hik\u00e2yesini, aile fertlerinin i\u00e7 d\u00fcnyalar\u0131na dokunarak, belirli bir zaman ve olay zinciri olmaks\u0131z\u0131n anlatmakta ve kad\u0131nlara dayat\u0131lan dogmalara ustaca de\u011finmektedir. <\/p>\n","protected":false},"excerpt":{"rendered":"<p>\u00b7 \u201cEv, \u015fimdi hayat\u0131n b\u0131rakt\u0131\u011f\u0131 bo\u015flu\u011fu dolduracak kuru tuz taneleriyle \u00e7evrilmi\u015f kum tepelerinin \u00fczerindeki bir deniz kabu\u011fu gibi yapayaln\u0131zd\u0131. Uzun bir gece h\u00fck\u00fcm s\u00fcrmeye ba\u015fl\u0131yordu; i\u00e7<span class=\"excerpt-hellip\"> [\u2026]<\/span><\/p>\n","protected":false},"featured_media":0,"template":"","meta":{"_monsterinsights_skip_tracking":false,"_monsterinsights_sitenote_active":false,"_monsterinsights_sitenote_note":"","_monsterinsights_sitenote_category":0},"product_brand":[],"product_cat":[12291,12711],"product_tag":[],"class_list":{"0":"post-710934","1":"product","2":"type-product","3":"status-publish","5":"product_cat-edebiyat","6":"product_cat-roman-oyku","7":"pa_cilt-ciltsiz","8":"pa_tur-kitap","9":"pa_yayinevi-oda-yayinlari","10":"pa_yazar-virginia-woolf","12":"first","13":"instock","14":"sale","15":"shipping-taxable","16":"purchasable","17":"product-type-simple"},"_links":{"self":[{"href":"https:\/\/roveyayinevi.com.tr\/index.php\/wp-json\/wp\/v2\/product\/710934","targetHints":{"allow":["GET"]}}],"collection":[{"href":"https:\/\/roveyayinevi.com.tr\/index.php\/wp-json\/wp\/v2\/product"}],"about":[{"href":"https:\/\/roveyayinevi.com.tr\/index.php\/wp-json\/wp\/v2\/types\/product"}],"wp:attachment":[{"href":"https:\/\/roveyayinevi.com.tr\/index.php\/wp-json\/wp\/v2\/media?parent=710934"}],"wp:term":[{"taxonomy":"product_brand","embeddable":true,"href":"https:\/\/roveyayinevi.com.tr\/index.php\/wp-json\/wp\/v2\/product_brand?post=710934"},{"taxonomy":"product_cat","embeddable":true,"href":"https:\/\/roveyayinevi.com.tr\/index.php\/wp-json\/wp\/v2\/product_cat?post=710934"},{"taxonomy":"product_tag","embeddable":true,"href":"https:\/\/roveyayinevi.com.tr\/index.php\/wp-json\/wp\/v2\/product_tag?post=710934"}],"curies":[{"name":"wp","href":"https:\/\/api.w.org\/{rel}","templated":true}]}}