{"id":710928,"date":"2025-08-27T16:40:35","date_gmt":"2025-08-27T13:40:35","guid":{"rendered":"https:\/\/roveyayinevi.com.tr\/index.php\/urun\/bir-ekonomik-tetikcinin-yeni-itiraflari\/"},"modified":"2026-04-16T02:19:28","modified_gmt":"2026-04-15T23:19:28","slug":"bir-ekonomik-tetikcinin-yeni-itiraflari","status":"publish","type":"product","link":"https:\/\/roveyayinevi.com.tr\/index.php\/urun\/bir-ekonomik-tetikcinin-yeni-itiraflari\/","title":{"rendered":"Bir Ekonomik Tetik\u00e7inin Yeni \u0130tiraflar\u0131"},"content":{"rendered":"<p>&#8216;Ekonomik tetik\u00e7iler (ET&#8217;ler) yerk\u00fcre \u00fczerindeki \u00fclkeleri trilyonlarca dolar doland\u0131ran y\u00fcksek \u00fccretli profesyonellerdir. D\u00fcnya Bankas\u0131, ABD Uluslararas\u0131 Kalk\u0131nma Ajans\u0131 ve di\u011fer yabanc\u0131 &#8220;yard\u0131m&#8221; kurulu\u015flar\u0131ndan b\u00fcy\u00fck \u015firketlerin kasalar\u0131na ve gezegenimizin tabii kaynaklar\u0131n\u0131 kontrol eden birka\u00e7 varl\u0131kl\u0131 ailenin ceplerine para aktar\u0131rlar. Kulland\u0131klar\u0131 ara\u00e7lar aras\u0131nda sahte finansal raporlar, hileli se\u00e7imler, r\u00fc\u015fvet, zorbal\u0131k, seks ve cinayet bulunmaktad\u0131r. Oynad\u0131klar\u0131 oyun imparatorluklar kadar eski olmas\u0131na ra\u011fmen, g\u00fcn\u00fcm\u00fczdeki k\u00fcreselle\u015fme s\u00fcrecinde yeni ve korkutucu bir boyuta ula\u015fm\u0131\u015ft\u0131r. Nereden mi biliyorum; ben de bir ET idim. \u201cBir Ekonomik Tetik\u00e7inin \u0130tiraflar\u0131\u2019n\u0131 okuduktan sadece birka\u00e7 y\u0131l sonra Perkins\u2019in g\u00f6zlerimizin \u00f6n\u00fcne capcanl\u0131 anlat\u0131m\u0131yla serdi\u011fi ekonomik darbeye maruz kalaca\u011f\u0131m\u0131 bilemezdim. Yeni \u0130tiraflar, ekonomik g\u00fcc\u00fcn demokratik denetimini dinamitlemek isteyenlere rehberlik eden yabani y\u00f6ntemler ve i\u011fren\u00e7 ekonomik ak\u0131ls\u0131zl\u0131klarla ilgili ki\u015fisel deneyimimle \u00f6rt\u00fc\u015f\u00fcyor. Perkins, siyasi, sosyal ve ekonomik g\u00fc\u00e7lerin ger\u00e7ek kaynaklar\u0131 hakk\u0131nda i\u00e7eriden d\u00fcr\u00fcst seslere ihtiya\u00e7 duyan d\u00fcnyam\u0131za yine esasl\u0131 bir katk\u0131da bulundu.Yanis Varoufakis, Yunanistan Eski Finans Bakan\u0131 Bir Ekonomik Tetik\u00e7inin Yeni \u0130tiraflar\u0131, ekonomik tetik\u00e7i ve \u00e7akallar\u0131n g\u00fc\u00e7lerini artt\u0131rmak i\u00e7in ba\u015fvurduklar\u0131 al\u00e7ak y\u00f6ntemlerin i\u00e7 y\u00fcz\u00fc hakk\u0131nda derin bilgiler sunuyor. ABD\u2019nin ve d\u00fcnyan\u0131n geri kalan\u0131n\u0131n tepesine nas\u0131l t\u00fcnediklerini g\u00f6steriyor. Bug\u00fcn kar\u015f\u0131la\u015ft\u0131\u011f\u0131m\u0131z krizleri ve onlar\u0131 durdurmak i\u00e7in gereken yol haritas\u0131n\u0131 ayd\u0131nlatan muhte\u015fem ve cesur bir kitap.Dr. John Grey, Erkekler Mars\u2019tan Kad\u0131nlar Ven\u00fcs\u2019ten kitab\u0131n\u0131n yazar\u0131 Bir Ekonomik Tetik\u00e7inin \u0130tiraflar\u0131&#8217;na bay\u0131ld\u0131m. On y\u0131l \u00f6nce ger\u00e7ekte ne olup bitti\u011fini ortaya koymu\u015ftu. Yeni \u0130tiraflar hikayenin geri kalan\u0131n\u0131 anlat\u0131yor. \u0130lk kitaptan bu yana ger\u00e7ekle\u015fen deh\u015fet verici olaylar\u0131 ve hepimizin bu \u00f6l\u00fcm ekonomisini bir ya\u015fam ekonomisine \u00e7evirmek i\u00e7in yapabileceklerimizi sorguluyor.Yoko Ono On y\u0131l \u00f6nce T\u00fcrkiye&#8217;de ve t\u00fcm d\u00fcnyada g\u00fcndemi sarsan ve her ge\u00e7en g\u00fcn daha \u00e7ok insan\u0131n g\u00f6z\u00fcn\u00fc a\u00e7an John Perkins yeni itiraflarla geri d\u00f6nd\u00fc! <\/p>\n","protected":false},"excerpt":{"rendered":"<p>&#8216;Ekonomik tetik\u00e7iler (ET&#8217;ler) yerk\u00fcre \u00fczerindeki \u00fclkeleri trilyonlarca dolar doland\u0131ran y\u00fcksek \u00fccretli profesyonellerdir. D\u00fcnya Bankas\u0131, ABD Uluslararas\u0131 Kalk\u0131nma Ajans\u0131 ve di\u011fer yabanc\u0131 &#8220;yard\u0131m&#8221; kurulu\u015flar\u0131ndan b\u00fcy\u00fck \u015firketlerin kasalar\u0131na<span class=\"excerpt-hellip\"> [\u2026]<\/span><\/p>\n","protected":false},"featured_media":0,"template":"","meta":{"_monsterinsights_skip_tracking":false,"_monsterinsights_sitenote_active":false,"_monsterinsights_sitenote_note":"","_monsterinsights_sitenote_category":0},"product_brand":[],"product_cat":[13044,13043],"product_tag":[],"class_list":{"0":"post-710928","1":"product","2":"type-product","3":"status-publish","5":"product_cat-dunya-ekonomisi","6":"product_cat-ekonomi","7":"pa_cilt-ciltsiz","8":"pa_tur-kitap","9":"pa_yayinevi-april-yayincilik","10":"pa_yazar-john-perkins","12":"first","13":"instock","14":"sale","15":"shipping-taxable","16":"purchasable","17":"product-type-simple"},"_links":{"self":[{"href":"https:\/\/roveyayinevi.com.tr\/index.php\/wp-json\/wp\/v2\/product\/710928","targetHints":{"allow":["GET"]}}],"collection":[{"href":"https:\/\/roveyayinevi.com.tr\/index.php\/wp-json\/wp\/v2\/product"}],"about":[{"href":"https:\/\/roveyayinevi.com.tr\/index.php\/wp-json\/wp\/v2\/types\/product"}],"wp:attachment":[{"href":"https:\/\/roveyayinevi.com.tr\/index.php\/wp-json\/wp\/v2\/media?parent=710928"}],"wp:term":[{"taxonomy":"product_brand","embeddable":true,"href":"https:\/\/roveyayinevi.com.tr\/index.php\/wp-json\/wp\/v2\/product_brand?post=710928"},{"taxonomy":"product_cat","embeddable":true,"href":"https:\/\/roveyayinevi.com.tr\/index.php\/wp-json\/wp\/v2\/product_cat?post=710928"},{"taxonomy":"product_tag","embeddable":true,"href":"https:\/\/roveyayinevi.com.tr\/index.php\/wp-json\/wp\/v2\/product_tag?post=710928"}],"curies":[{"name":"wp","href":"https:\/\/api.w.org\/{rel}","templated":true}]}}