{"id":710927,"date":"2025-08-27T16:40:35","date_gmt":"2025-08-27T13:40:35","guid":{"rendered":"https:\/\/roveyayinevi.com.tr\/index.php\/urun\/miras-ataturkun-7-emaneti-vatan-meclis-ordu-cumhuriyet-laiklik-kadin-haklari-turk-kimligi\/"},"modified":"2026-04-16T02:19:28","modified_gmt":"2026-04-15T23:19:28","slug":"miras-ataturkun-7-emaneti-vatan-meclis-ordu-cumhuriyet-laiklik-kadin-haklari-turk-kimligi","status":"publish","type":"product","link":"https:\/\/roveyayinevi.com.tr\/index.php\/urun\/miras-ataturkun-7-emaneti-vatan-meclis-ordu-cumhuriyet-laiklik-kadin-haklari-turk-kimligi\/","title":{"rendered":"Miras: Atat\u00fcrk\u2019\u00fcn 7 Emaneti Vatan &#8211; Meclis \u2013 Ordu &#8211; Cumhuriyet \u2013 Laiklik &#8211; Kad\u0131n Haklar\u0131 &#8211; T\u00fcrk Kimli\u011fi"},"content":{"rendered":"<p>100. Kurulu\u015f y\u0131l\u0131 2023\u2019e yakla\u015f\u0131rken, T\u00fcrkiye Cumhuriyeti h\u00e2l\u00e2 Atat\u00fcrk\u2019\u00fcn bize b\u0131rakt\u0131\u011f\u0131 zengin ve sa\u011flam \u2018miras\u2019 \u00fczerinde dimdik ayakta duruyor. D\u00fcnyaya T\u00fcrkiye\u2019de g\u00f6zlerini a\u00e7an her \u00e7ocuk, do\u011fu\u015ftan T\u00fcrkiye Cumhuriyeti vatanda\u015f\u0131 olarak bir dizi temel kuruma ve de\u011fere sahip olur. Bunlar\u0131n kendisine Atat\u00fcrk\u2019ten \u2018miras\u2019 kald\u0131\u011f\u0131n\u0131 ise ancak okuyup \u00f6\u011frenecek ya\u015fa gelince anlayabilir. Atat\u00fcrk\u2019\u00fcn heyecanl\u0131 ya\u015fam\u0131n\u0131 anlatan bir\u00e7ok eserde, onun bu kurumlar\u0131 nas\u0131l yaratt\u0131\u011f\u0131 biraz g\u00f6lgede, ikinci planda kal\u0131r. \u00d6nemi ve de\u011feri bazen yeterince anla\u015f\u0131lmaz\u2026 Miras kitab\u0131nda ilk kez, Atat\u00fcrk\u2019\u00fcn bug\u00fcn T\u00fcrkiye\u2019yi h\u00e2l\u00e2 ayakta tutan 7 temel kurum ve de\u011feri nas\u0131l d\u00fc\u015f\u00fcnd\u00fc\u011f\u00fc ve ger\u00e7ekle\u015ftirdi\u011fi ayr\u0131nt\u0131l\u0131 bir \u015fekilde anlat\u0131l\u0131yor. Atat\u00fcrk\u2019ten miras kalan ve \u00fclkemizi h\u00e2l\u00e2 ayakta tutan bu \u20187 Emanet, 7 Temel Direk\u2019 bu kitapta dikey bir bak\u0131\u015fla tek tek ele al\u0131n\u0131yor. <\/p>\n","protected":false},"excerpt":{"rendered":"<p>100. Kurulu\u015f y\u0131l\u0131 2023\u2019e yakla\u015f\u0131rken, T\u00fcrkiye Cumhuriyeti h\u00e2l\u00e2 Atat\u00fcrk\u2019\u00fcn bize b\u0131rakt\u0131\u011f\u0131 zengin ve sa\u011flam \u2018miras\u2019 \u00fczerinde dimdik ayakta duruyor. D\u00fcnyaya T\u00fcrkiye\u2019de g\u00f6zlerini a\u00e7an her \u00e7ocuk, do\u011fu\u015ftan<span class=\"excerpt-hellip\"> [\u2026]<\/span><\/p>\n","protected":false},"featured_media":0,"template":"","meta":{"_monsterinsights_skip_tracking":false,"_monsterinsights_sitenote_active":false,"_monsterinsights_sitenote_note":"","_monsterinsights_sitenote_category":0},"product_brand":[],"product_cat":[12370,12304],"product_tag":[],"class_list":{"0":"post-710927","1":"product","2":"type-product","3":"status-publish","5":"product_cat-arastirma-inceleme","6":"product_cat-tarih","7":"pa_cilt-ciltsiz","8":"pa_tur-kitap","9":"pa_yayinevi-remzi-kitabevi","10":"pa_yazar-kerem-caliskan","12":"first","13":"instock","14":"sale","15":"shipping-taxable","16":"purchasable","17":"product-type-simple"},"_links":{"self":[{"href":"https:\/\/roveyayinevi.com.tr\/index.php\/wp-json\/wp\/v2\/product\/710927","targetHints":{"allow":["GET"]}}],"collection":[{"href":"https:\/\/roveyayinevi.com.tr\/index.php\/wp-json\/wp\/v2\/product"}],"about":[{"href":"https:\/\/roveyayinevi.com.tr\/index.php\/wp-json\/wp\/v2\/types\/product"}],"wp:attachment":[{"href":"https:\/\/roveyayinevi.com.tr\/index.php\/wp-json\/wp\/v2\/media?parent=710927"}],"wp:term":[{"taxonomy":"product_brand","embeddable":true,"href":"https:\/\/roveyayinevi.com.tr\/index.php\/wp-json\/wp\/v2\/product_brand?post=710927"},{"taxonomy":"product_cat","embeddable":true,"href":"https:\/\/roveyayinevi.com.tr\/index.php\/wp-json\/wp\/v2\/product_cat?post=710927"},{"taxonomy":"product_tag","embeddable":true,"href":"https:\/\/roveyayinevi.com.tr\/index.php\/wp-json\/wp\/v2\/product_tag?post=710927"}],"curies":[{"name":"wp","href":"https:\/\/api.w.org\/{rel}","templated":true}]}}