{"id":710925,"date":"2025-08-27T16:40:34","date_gmt":"2025-08-27T13:40:34","guid":{"rendered":"https:\/\/roveyayinevi.com.tr\/index.php\/urun\/bir-harp-gelini-benanin-defteri\/"},"modified":"2026-04-16T02:19:28","modified_gmt":"2026-04-15T23:19:28","slug":"bir-harp-gelini-benanin-defteri","status":"publish","type":"product","link":"https:\/\/roveyayinevi.com.tr\/index.php\/urun\/bir-harp-gelini-benanin-defteri\/","title":{"rendered":"Bir Harp Gelini Benan\u2019\u0131n Defteri"},"content":{"rendered":"<p>Kuyuya hapsedilmi\u015f altm\u0131\u015f y\u0131ll\u0131k s\u0131r yukar\u0131ya y\u00fckselmi\u015f, o kadar sene f\u0131s\u0131lt\u0131yla bile dillenmemenin ac\u0131s\u0131n\u0131 \u00e7\u0131kar\u0131r gibi, \u00e7\u0131\u011fl\u0131\u011fa d\u00f6n\u00fc\u015fm\u00fc\u015ft\u00fc.   \u0130kinci D\u00fcnya Harbi\u2019nin s\u0131n\u0131rlar\u0131m\u0131za dayand\u0131\u011f\u0131, harbe girmeden harbin yoklu\u011funun, yoksunlu\u011funun ya\u015fand\u0131\u011f\u0131 g\u00fcnler&#8230;  Birbirine \u00e2\u015f\u0131k ama ge\u00e7mi\u015fleri, d\u00fcnya k\u00fclt\u00fcrleri, hik\u00e2yeleri \u00e7ok farkl\u0131 bir kar\u0131koca ile onlar\u0131n her \u015feyiyle birbirine z\u0131t iki k\u0131z\u0131. K\u0131zlardan biri babas\u0131n\u0131n g\u00f6zdesi, di\u011feri annesinin kanatlar\u0131 alt\u0131nda&#8230; ve bu ailenin 1940\u2019lar\u0131n T\u00fcrkiyesi\u2019nden 2000\u2019lere saklanan s\u0131rr\u0131&#8230; Bu s\u0131rdan y\u0131llar sonra, bir zamanlar babas\u0131n\u0131n bir tanesi, \u015fimdi seksen yedi ya\u015f\u0131nda olan Benan ve b\u00fcy\u00fck bir yalan\u0131n g\u00f6lgesinde ona k\u00fcs, \u00f6l\u00fcm d\u00f6\u015fe\u011findeki o\u011flu Hazar.Benan, bunca y\u0131ll\u0131k s\u0131rr\u0131n\u0131 payla\u015f\u0131nca o\u011fluyla bar\u0131\u015facak m\u0131, yoksa ger\u00e7ekler de, yalanlar gibi onlar\u0131 bir kez daha ay\u0131racak m\u0131?Her \u015fey, Benan\u2019\u0131n an\u0131 defterine ve tabii ana-o\u011fulun ne kadar \u00f6mr\u00fcn\u00fcn kald\u0131\u011f\u0131na ba\u011fl\u0131. <\/p>\n","protected":false},"excerpt":{"rendered":"<p>Kuyuya hapsedilmi\u015f altm\u0131\u015f y\u0131ll\u0131k s\u0131r yukar\u0131ya y\u00fckselmi\u015f, o kadar sene f\u0131s\u0131lt\u0131yla bile dillenmemenin ac\u0131s\u0131n\u0131 \u00e7\u0131kar\u0131r gibi, \u00e7\u0131\u011fl\u0131\u011fa d\u00f6n\u00fc\u015fm\u00fc\u015ft\u00fc. \u0130kinci D\u00fcnya Harbi\u2019nin s\u0131n\u0131rlar\u0131m\u0131za dayand\u0131\u011f\u0131, harbe girmeden harbin<span class=\"excerpt-hellip\"> [\u2026]<\/span><\/p>\n","protected":false},"featured_media":0,"template":"","meta":{"_monsterinsights_skip_tracking":false,"_monsterinsights_sitenote_active":false,"_monsterinsights_sitenote_note":"","_monsterinsights_sitenote_category":0},"product_brand":[],"product_cat":[12291],"product_tag":[],"class_list":{"0":"post-710925","1":"product","2":"type-product","3":"status-publish","5":"product_cat-edebiyat","6":"pa_cilt-ciltsiz","7":"pa_tur-kitap","8":"pa_yayinevi-dogan-kitap","9":"pa_yazar-nermin-bezmen","11":"first","12":"instock","13":"sale","14":"shipping-taxable","15":"purchasable","16":"product-type-simple"},"_links":{"self":[{"href":"https:\/\/roveyayinevi.com.tr\/index.php\/wp-json\/wp\/v2\/product\/710925","targetHints":{"allow":["GET"]}}],"collection":[{"href":"https:\/\/roveyayinevi.com.tr\/index.php\/wp-json\/wp\/v2\/product"}],"about":[{"href":"https:\/\/roveyayinevi.com.tr\/index.php\/wp-json\/wp\/v2\/types\/product"}],"wp:attachment":[{"href":"https:\/\/roveyayinevi.com.tr\/index.php\/wp-json\/wp\/v2\/media?parent=710925"}],"wp:term":[{"taxonomy":"product_brand","embeddable":true,"href":"https:\/\/roveyayinevi.com.tr\/index.php\/wp-json\/wp\/v2\/product_brand?post=710925"},{"taxonomy":"product_cat","embeddable":true,"href":"https:\/\/roveyayinevi.com.tr\/index.php\/wp-json\/wp\/v2\/product_cat?post=710925"},{"taxonomy":"product_tag","embeddable":true,"href":"https:\/\/roveyayinevi.com.tr\/index.php\/wp-json\/wp\/v2\/product_tag?post=710925"}],"curies":[{"name":"wp","href":"https:\/\/api.w.org\/{rel}","templated":true}]}}