{"id":710922,"date":"2025-08-27T16:40:32","date_gmt":"2025-08-27T13:40:32","guid":{"rendered":"https:\/\/roveyayinevi.com.tr\/index.php\/urun\/ibrani-masalllari\/"},"modified":"2026-04-16T02:19:28","modified_gmt":"2026-04-15T23:19:28","slug":"ibrani-masalllari","status":"publish","type":"product","link":"https:\/\/roveyayinevi.com.tr\/index.php\/urun\/ibrani-masalllari\/","title":{"rendered":"\u0130brani Masalllar\u0131"},"content":{"rendered":"<p>\u0130brani Masallar\u0131, tarihi boyunca farkl\u0131 topluluklara, zengin k\u00fclt\u00fcrlere ev sahipli\u011fi yapm\u0131\u015f bir co\u011frafyada ortaya \u00e7\u0131kt\u0131. Bi\u00e7im de\u011fi\u015ftirerek, \u00e7e\u015fitlenerek ve nesilden nesile aktar\u0131larak kendi zaman\u0131n\u0131n \u00f6tesine ge\u00e7ti. \u0130brani Masallar\u0131, geleneklerin ve inan\u0131\u015flar\u0131n birbirlerine eklemlenerek ortaya \u00e7ok katmanl\u0131 bir toplumsal yap\u0131 ve kolektif bellek \u00e7\u0131kard\u0131\u011f\u0131n\u0131 g\u00f6steriyor. Do\u011fdu\u011fu topraklarda s\u00fcregelen toplumsal ayr\u0131\u015fmalar\u0131n k\u00f6kenine dair de \u015fa\u015f\u0131rt\u0131c\u0131 ipu\u00e7lar\u0131 veriyor. <\/p>\n","protected":false},"excerpt":{"rendered":"<p>\u0130brani Masallar\u0131, tarihi boyunca farkl\u0131 topluluklara, zengin k\u00fclt\u00fcrlere ev sahipli\u011fi yapm\u0131\u015f bir co\u011frafyada ortaya \u00e7\u0131kt\u0131. Bi\u00e7im de\u011fi\u015ftirerek, \u00e7e\u015fitlenerek ve nesilden nesile aktar\u0131larak kendi zaman\u0131n\u0131n \u00f6tesine ge\u00e7ti.<span class=\"excerpt-hellip\"> [\u2026]<\/span><\/p>\n","protected":false},"featured_media":0,"template":"","meta":{"_monsterinsights_skip_tracking":false,"_monsterinsights_sitenote_active":false,"_monsterinsights_sitenote_note":"","_monsterinsights_sitenote_category":0},"product_brand":[],"product_cat":[12291,12711],"product_tag":[],"class_list":{"0":"post-710922","1":"product","2":"type-product","3":"status-publish","5":"product_cat-edebiyat","6":"product_cat-roman-oyku","7":"pa_cilt-ciltsiz","8":"pa_tur-kitap","9":"pa_yayinevi-kara-karga-yayinlari","10":"pa_yazar-kollektif","12":"first","13":"instock","14":"sale","15":"shipping-taxable","16":"purchasable","17":"product-type-simple"},"_links":{"self":[{"href":"https:\/\/roveyayinevi.com.tr\/index.php\/wp-json\/wp\/v2\/product\/710922","targetHints":{"allow":["GET"]}}],"collection":[{"href":"https:\/\/roveyayinevi.com.tr\/index.php\/wp-json\/wp\/v2\/product"}],"about":[{"href":"https:\/\/roveyayinevi.com.tr\/index.php\/wp-json\/wp\/v2\/types\/product"}],"wp:attachment":[{"href":"https:\/\/roveyayinevi.com.tr\/index.php\/wp-json\/wp\/v2\/media?parent=710922"}],"wp:term":[{"taxonomy":"product_brand","embeddable":true,"href":"https:\/\/roveyayinevi.com.tr\/index.php\/wp-json\/wp\/v2\/product_brand?post=710922"},{"taxonomy":"product_cat","embeddable":true,"href":"https:\/\/roveyayinevi.com.tr\/index.php\/wp-json\/wp\/v2\/product_cat?post=710922"},{"taxonomy":"product_tag","embeddable":true,"href":"https:\/\/roveyayinevi.com.tr\/index.php\/wp-json\/wp\/v2\/product_tag?post=710922"}],"curies":[{"name":"wp","href":"https:\/\/api.w.org\/{rel}","templated":true}]}}