{"id":710921,"date":"2025-08-27T16:40:31","date_gmt":"2025-08-27T13:40:31","guid":{"rendered":"https:\/\/roveyayinevi.com.tr\/index.php\/urun\/disimin-arasina-ask-kacti\/"},"modified":"2025-09-15T11:09:19","modified_gmt":"2025-09-15T08:09:19","slug":"disimin-arasina-ask-kacti","status":"publish","type":"product","link":"https:\/\/roveyayinevi.com.tr\/index.php\/urun\/disimin-arasina-ask-kacti\/","title":{"rendered":"Di\u015fimin Aras\u0131na A\u015fk Ka\u00e7t\u0131"},"content":{"rendered":"<p>\u201cBakt\u0131k\u00e7a, duyduk\u00e7a anlad\u0131m ki a\u015fk\u0131n i\u00e7ine \u00f6k\u00fcz ka\u00e7m\u0131\u015f. D\u00fc\u015f\u00fcnmek gerek dedim d\u00fc\u015f\u00fcnd\u00fck\u00e7e, ya\u015fad\u0131k\u00e7a, yazd\u0131k\u00e7a bir de bakt\u0131m ki o a\u015fk benim \u201cD\u2019i\u015fimin Aras\u0131na Ka\u00e7m\u0131\u015f\u201d \u0130\u015fimiz baya\u011f\u0131 zor. Hadi bakal\u0131m Bismillah\u2026\u201ddiyen Felsefe Terapisti, Felsefe Grubu \u00d6\u011fretmeni, \u0130leti\u015fim Uzman\u0131 olan yazardan a\u015fk\u0131n \u00f6ncesine ve sonras\u0131na dair bam telinize dokunacak bir eser\u2026   Ner-Gon\u2019un kendinden emin ve belki de biraz asi bir \u00fcslupla kaleme ald\u0131\u011f\u0131 hik\u00e2yelerde; kendi kahkahalar\u0131n\u0131z\u0131n, a\u011flamalar\u0131n\u0131z\u0131n sesini duyaca\u011f\u0131n\u0131zdan eminiz. <\/p>\n","protected":false},"excerpt":{"rendered":"<p>\u201cBakt\u0131k\u00e7a, duyduk\u00e7a anlad\u0131m ki a\u015fk\u0131n i\u00e7ine \u00f6k\u00fcz ka\u00e7m\u0131\u015f. D\u00fc\u015f\u00fcnmek gerek dedim d\u00fc\u015f\u00fcnd\u00fck\u00e7e, ya\u015fad\u0131k\u00e7a, yazd\u0131k\u00e7a bir de bakt\u0131m ki o a\u015fk benim \u201cD\u2019i\u015fimin Aras\u0131na Ka\u00e7m\u0131\u015f\u201d \u0130\u015fimiz baya\u011f\u0131<span class=\"excerpt-hellip\"> [\u2026]<\/span><\/p>\n","protected":false},"featured_media":0,"template":"","meta":{"_monsterinsights_skip_tracking":false,"_monsterinsights_sitenote_active":false,"_monsterinsights_sitenote_note":"","_monsterinsights_sitenote_category":0},"product_brand":[],"product_cat":[18545,12291],"product_tag":[],"class_list":{"0":"post-710921","1":"product","2":"type-product","3":"status-publish","5":"product_cat-anlati","6":"product_cat-edebiyat","7":"pa_cilt-ciltli","8":"pa_tur-kitap","9":"pa_yayinevi-arti-farma","10":"pa_yazar-nermin-gonca","12":"first","13":"instock","14":"sale","15":"shipping-taxable","16":"purchasable","17":"product-type-simple"},"_links":{"self":[{"href":"https:\/\/roveyayinevi.com.tr\/index.php\/wp-json\/wp\/v2\/product\/710921","targetHints":{"allow":["GET"]}}],"collection":[{"href":"https:\/\/roveyayinevi.com.tr\/index.php\/wp-json\/wp\/v2\/product"}],"about":[{"href":"https:\/\/roveyayinevi.com.tr\/index.php\/wp-json\/wp\/v2\/types\/product"}],"wp:attachment":[{"href":"https:\/\/roveyayinevi.com.tr\/index.php\/wp-json\/wp\/v2\/media?parent=710921"}],"wp:term":[{"taxonomy":"product_brand","embeddable":true,"href":"https:\/\/roveyayinevi.com.tr\/index.php\/wp-json\/wp\/v2\/product_brand?post=710921"},{"taxonomy":"product_cat","embeddable":true,"href":"https:\/\/roveyayinevi.com.tr\/index.php\/wp-json\/wp\/v2\/product_cat?post=710921"},{"taxonomy":"product_tag","embeddable":true,"href":"https:\/\/roveyayinevi.com.tr\/index.php\/wp-json\/wp\/v2\/product_tag?post=710921"}],"curies":[{"name":"wp","href":"https:\/\/api.w.org\/{rel}","templated":true}]}}