{"id":710920,"date":"2025-08-27T16:40:31","date_gmt":"2025-08-27T13:40:31","guid":{"rendered":"https:\/\/roveyayinevi.com.tr\/index.php\/urun\/evrensel-esit-kuyruklu-canli-4\/"},"modified":"2026-04-16T02:19:28","modified_gmt":"2026-04-15T23:19:28","slug":"evrensel-esit-kuyruklu-canli-4","status":"publish","type":"product","link":"https:\/\/roveyayinevi.com.tr\/index.php\/urun\/evrensel-esit-kuyruklu-canli-4\/","title":{"rendered":"Evrensel E\u015fit Kuyruklu Canl\u0131 4"},"content":{"rendered":"<p>Yakla\u015f\u0131k on be\u015f y\u0131ll\u0131k ara\u015ft\u0131rmalar\u0131n sonucu olarak ortaya \u00e7\u0131kan \u2018Evrensel E\u015fit Kuyruklu Canl\u0131\u2019 serisinin 4. ve son cildi bu kitap. \u00d6n T\u00fcrkler, \u00c7in, M\u0131s\u0131r, Hindistan gibi kadim uygarl\u0131klara ait mit, inisiye ve bilgilerin bir psikiyatrisin r\u00fcya analizleri ve mesleki deneyimleri ile sentezlenerek Kur\u2019an-\u0131 Kerim\u2019in derin simgesel anlamlar i\u00e7eren mesajlar\u0131na yo\u011funla\u015fan farkl\u0131 ve muazzam bir \u00e7al\u0131\u015fma.   \u0130slam dininin mesaj\u0131n\u0131n \u00f6z\u00fcn\u00fcn e\u015fitlik oldu\u011fu vurgusundan yola \u00e7\u0131kan yazar, \u0130slam toplumlar\u0131n\u0131n bug\u00fcn ya\u015fad\u0131\u011f\u0131 sorunlar\u0131n t\u00fcm\u00fcn\u00fcn bu mesaj\u0131n unutulmas\u0131 nedeniyle ortaya \u00e7\u0131kt\u0131\u011f\u0131na dikkat \u00e7ekerek, biat k\u00fclt\u00fcr\u00fcn\u00fcn y\u0131k\u0131lmas\u0131n\u0131n ancak mutlak e\u015fitlik bilgisinin yay\u0131lmas\u0131yla m\u00fcmk\u00fcn oldu\u011funu s\u00f6yl\u00fcyor. Kur\u2019an tefsirlerinden kadim uygarl\u0131klar\u0131n bilgeliklerine, r\u00fcya analizlerinden davran\u0131\u015f sorunlar\u0131na ve g\u00fcnl\u00fck siyasi tart\u0131\u015fmalara uzanan geni\u015f bir yelpazeyi irdeleyen \u00e7al\u0131\u015fma merakl\u0131 ve keyifli bir mecra sunuyor okurlara. <\/p>\n","protected":false},"excerpt":{"rendered":"<p>Yakla\u015f\u0131k on be\u015f y\u0131ll\u0131k ara\u015ft\u0131rmalar\u0131n sonucu olarak ortaya \u00e7\u0131kan \u2018Evrensel E\u015fit Kuyruklu Canl\u0131\u2019 serisinin 4. ve son cildi bu kitap. \u00d6n T\u00fcrkler, \u00c7in, M\u0131s\u0131r, Hindistan gibi<span class=\"excerpt-hellip\"> [\u2026]<\/span><\/p>\n","protected":false},"featured_media":0,"template":"","meta":{"_monsterinsights_skip_tracking":false,"_monsterinsights_sitenote_active":false,"_monsterinsights_sitenote_note":"","_monsterinsights_sitenote_category":0},"product_brand":[],"product_cat":[12358,12357],"product_tag":[],"class_list":{"0":"post-710920","1":"product","2":"type-product","3":"status-publish","5":"product_cat-genel-psikoloji","6":"product_cat-psikoloji","7":"pa_cilt-ciltsiz","8":"pa_tur-kitap","9":"pa_yayinevi-abis-yayincilik","10":"pa_yazar-nusret-kaya","12":"first","13":"instock","14":"sale","15":"shipping-taxable","16":"purchasable","17":"product-type-simple"},"_links":{"self":[{"href":"https:\/\/roveyayinevi.com.tr\/index.php\/wp-json\/wp\/v2\/product\/710920","targetHints":{"allow":["GET"]}}],"collection":[{"href":"https:\/\/roveyayinevi.com.tr\/index.php\/wp-json\/wp\/v2\/product"}],"about":[{"href":"https:\/\/roveyayinevi.com.tr\/index.php\/wp-json\/wp\/v2\/types\/product"}],"wp:attachment":[{"href":"https:\/\/roveyayinevi.com.tr\/index.php\/wp-json\/wp\/v2\/media?parent=710920"}],"wp:term":[{"taxonomy":"product_brand","embeddable":true,"href":"https:\/\/roveyayinevi.com.tr\/index.php\/wp-json\/wp\/v2\/product_brand?post=710920"},{"taxonomy":"product_cat","embeddable":true,"href":"https:\/\/roveyayinevi.com.tr\/index.php\/wp-json\/wp\/v2\/product_cat?post=710920"},{"taxonomy":"product_tag","embeddable":true,"href":"https:\/\/roveyayinevi.com.tr\/index.php\/wp-json\/wp\/v2\/product_tag?post=710920"}],"curies":[{"name":"wp","href":"https:\/\/api.w.org\/{rel}","templated":true}]}}