{"id":710919,"date":"2025-08-27T16:40:30","date_gmt":"2025-08-27T13:40:30","guid":{"rendered":"https:\/\/roveyayinevi.com.tr\/index.php\/urun\/munise\/"},"modified":"2026-04-16T02:19:28","modified_gmt":"2026-04-15T23:19:28","slug":"munise","status":"publish","type":"product","link":"https:\/\/roveyayinevi.com.tr\/index.php\/urun\/munise\/","title":{"rendered":"Munise"},"content":{"rendered":"<p>Hayalle hakikat aras\u0131nda, ge\u00e7mi\u015ften gelece\u011fe do\u011fru uzanm\u0131\u015f bir k\u00f6pr\u00fc gibi Munise\u2026   Yazar Alper Ak\u00e7am, amca Durmu\u015f\u2019un C\u0131lavuz \u00f6\u011fretmen okulu e\u011fitimi ve ekmek paras\u0131 i\u00e7in Ardahan\u2019dan Mu\u015f ovas\u0131na d\u00f6rt g\u00fcn d\u00f6rt gece da\u011flarda y\u00fcr\u00fcy\u00fcp bir ay g\u00fcne\u015fin alt\u0131nda a\u011falara t\u0131rpan \u00e7ekti\u011fi y\u0131llardan an\u0131lar\u0131n\u0131 yazd\u0131\u011f\u0131 \u201cAntep T\u0131rpanc\u0131lar\u0131\u201dn\u0131 alm\u0131\u015f eline, H\u00fcrrem Arman\u2019\u0131n \u201cPiramidin Taban\u0131\u201d adl\u0131 K\u00f6y Enstit\u00fcleri an\u0131t yap\u0131t\u0131n\u0131 da a\u00e7m\u0131\u015f, kendini Haymana, G\u00fcd\u00fcl, Beypazar\u0131 k\u00f6ylerinde okul yap\u0131m\u0131na, \u00f6\u011fretmenli\u011fe adam\u0131\u015f Topal Hasan Efendi\u2019yi katm\u0131\u015f metne, sekiz ya\u015f\u0131nda Ardahan\u2019dan ilk \u00e7\u0131k\u0131\u015f\u0131nda, zapzay\u0131f, kep\u00e7e kulakl\u0131 bir \u00e7ocuk iken, aste\u011fmen babas\u0131 Dursun Ak\u00e7am ve annesiyle birlikte \u0130stanbul Samatya hastanesinde ziyaretine gittikleri \u00fct\u00fcc\u00fc kad\u0131n, onlarca y\u0131l sonra telefonda sesini duydu\u011fu yetim Munise\u2019nin hayat hik\u00e2yesinden kula\u011f\u0131na \u00e7al\u0131nanlar\u0131 ana izlek tutarak, hepsinin \u00fcst\u00fcne hayal d\u00fcnyas\u0131n\u0131n ufuklar\u0131n\u0131 a\u00e7arak kurmaca denizinde bir araya getirmi\u015f. Kahramanlar\u0131n anlat\u0131c\u0131 oldu\u011fu, kahramanlar\u0131n birbirine ses ve el verdi\u011fi bir roman \u00e7\u0131km\u0131\u015f ortaya\u2026 Hayat\u0131n i\u00e7inde ama, hayat\u0131n \u00e7ok \u00f6tesinde; bir sis ve bulut d\u00fcnyas\u0131nda\u2026 <\/p>\n","protected":false},"excerpt":{"rendered":"<p>Hayalle hakikat aras\u0131nda, ge\u00e7mi\u015ften gelece\u011fe do\u011fru uzanm\u0131\u015f bir k\u00f6pr\u00fc gibi Munise\u2026 Yazar Alper Ak\u00e7am, amca Durmu\u015f\u2019un C\u0131lavuz \u00f6\u011fretmen okulu e\u011fitimi ve ekmek paras\u0131 i\u00e7in Ardahan\u2019dan Mu\u015f<span class=\"excerpt-hellip\"> [\u2026]<\/span><\/p>\n","protected":false},"featured_media":0,"template":"","meta":{"_monsterinsights_skip_tracking":false,"_monsterinsights_sitenote_active":false,"_monsterinsights_sitenote_note":"","_monsterinsights_sitenote_category":0},"product_brand":[],"product_cat":[12291,12711],"product_tag":[],"class_list":{"0":"post-710919","1":"product","2":"type-product","3":"status-publish","5":"product_cat-edebiyat","6":"product_cat-roman-oyku","7":"pa_cilt-ciltsiz","8":"pa_tur-kitap","9":"pa_yayinevi-abis-yayincilik","10":"pa_yazar-alper-akcam","12":"first","13":"instock","14":"sale","15":"shipping-taxable","16":"purchasable","17":"product-type-simple"},"_links":{"self":[{"href":"https:\/\/roveyayinevi.com.tr\/index.php\/wp-json\/wp\/v2\/product\/710919","targetHints":{"allow":["GET"]}}],"collection":[{"href":"https:\/\/roveyayinevi.com.tr\/index.php\/wp-json\/wp\/v2\/product"}],"about":[{"href":"https:\/\/roveyayinevi.com.tr\/index.php\/wp-json\/wp\/v2\/types\/product"}],"wp:attachment":[{"href":"https:\/\/roveyayinevi.com.tr\/index.php\/wp-json\/wp\/v2\/media?parent=710919"}],"wp:term":[{"taxonomy":"product_brand","embeddable":true,"href":"https:\/\/roveyayinevi.com.tr\/index.php\/wp-json\/wp\/v2\/product_brand?post=710919"},{"taxonomy":"product_cat","embeddable":true,"href":"https:\/\/roveyayinevi.com.tr\/index.php\/wp-json\/wp\/v2\/product_cat?post=710919"},{"taxonomy":"product_tag","embeddable":true,"href":"https:\/\/roveyayinevi.com.tr\/index.php\/wp-json\/wp\/v2\/product_tag?post=710919"}],"curies":[{"name":"wp","href":"https:\/\/api.w.org\/{rel}","templated":true}]}}