{"id":710918,"date":"2025-08-27T16:40:30","date_gmt":"2025-08-27T13:40:30","guid":{"rendered":"https:\/\/roveyayinevi.com.tr\/index.php\/urun\/gokyuzum-mavi\/"},"modified":"2026-04-16T02:19:28","modified_gmt":"2026-04-15T23:19:28","slug":"gokyuzum-mavi","status":"publish","type":"product","link":"https:\/\/roveyayinevi.com.tr\/index.php\/urun\/gokyuzum-mavi\/","title":{"rendered":"G\u00f6ky\u00fcz\u00fcm Mavi"},"content":{"rendered":"<p>G\u00f6ky\u00fcz\u00fcn\u00fcn en \u00fccra k\u00f6\u015fesindeyim. G\u00f6zlerimde \u00f6zlenilmi\u015flikler, yalvar\u0131\u015flar, yakar\u0131\u015flar&#8230; G\u00f6zlerimde olmay\u0131\u015f\u0131n\u0131n ka\u00e7\u0131nc\u0131 haftas\u0131, yoklu\u011funun omuzlar\u0131mda yapt\u0131\u011f\u0131 a\u011f\u0131rl\u0131k&#8230; G\u00f6zlerimde ya\u015flar&#8230; \u0130nsanlar, ya\u011fmur san\u0131r ama benim g\u00f6zlerim hep sana a\u011flar. Sevdam\u0131n kanad\u0131 k\u0131r\u0131k, i\u00e7imde d\u00fc\u015fme korkusu var. Bir u\u00e7urumun ucunday\u0131m, sona geldim sanm\u0131\u015fken, sana geldim&#8230; \u0130\u00e7imde d\u00fc\u015fme korkusu var. Bulutlara yans\u0131yan g\u00fcne\u015fin k\u0131z\u0131ll\u0131\u011f\u0131 g\u00f6z\u00fcm\u00fc al\u0131yor. Y\u00fcre\u011fin karanl\u0131klar aras\u0131na gizleniyor ama g\u00f6ky\u00fcz\u00fc h\u00e2l\u00e2 ayd\u0131nl\u0131k kal\u0131yor. G\u00f6\u011f\u00fcn kokusu y\u00fcz\u00fcm\u00fc ok\u015farken, bir kanad\u0131m daha k\u0131r\u0131l\u0131yor, i\u00e7imde d\u00fc\u015fme korkusu var. Vars\u0131n, bilmesin onlar. Biz el ele y\u00fcr\u00fcd\u00fck. Bunu sokak g\u00f6rd\u00fc. Deniz g\u00f6rd\u00fc. G\u00f6ky\u00fcz\u00fc g\u00f6rd\u00fc. Ay g\u00f6rd\u00fc.   En g\u00fczeli de;    Allah g\u00f6rd\u00fc. <\/p>\n","protected":false},"excerpt":{"rendered":"<p>G\u00f6ky\u00fcz\u00fcn\u00fcn en \u00fccra k\u00f6\u015fesindeyim. G\u00f6zlerimde \u00f6zlenilmi\u015flikler, yalvar\u0131\u015flar, yakar\u0131\u015flar&#8230; G\u00f6zlerimde olmay\u0131\u015f\u0131n\u0131n ka\u00e7\u0131nc\u0131 haftas\u0131, yoklu\u011funun omuzlar\u0131mda yapt\u0131\u011f\u0131 a\u011f\u0131rl\u0131k&#8230; G\u00f6zlerimde ya\u015flar&#8230; \u0130nsanlar, ya\u011fmur san\u0131r ama benim g\u00f6zlerim hep sana<span class=\"excerpt-hellip\"> [\u2026]<\/span><\/p>\n","protected":false},"featured_media":0,"template":"","meta":{"_monsterinsights_skip_tracking":false,"_monsterinsights_sitenote_active":false,"_monsterinsights_sitenote_note":"","_monsterinsights_sitenote_category":0},"product_brand":[],"product_cat":[12777,12291],"product_tag":[],"class_list":{"0":"post-710918","1":"product","2":"type-product","3":"status-publish","5":"product_cat-deneme","6":"product_cat-edebiyat","7":"pa_cilt-ciltsiz","8":"pa_tur-kitap","9":"pa_yayinevi-dokuz-yayinlari","10":"pa_yazar-yusuf-berk-ozkan","12":"first","13":"instock","14":"sale","15":"shipping-taxable","16":"purchasable","17":"product-type-simple"},"_links":{"self":[{"href":"https:\/\/roveyayinevi.com.tr\/index.php\/wp-json\/wp\/v2\/product\/710918","targetHints":{"allow":["GET"]}}],"collection":[{"href":"https:\/\/roveyayinevi.com.tr\/index.php\/wp-json\/wp\/v2\/product"}],"about":[{"href":"https:\/\/roveyayinevi.com.tr\/index.php\/wp-json\/wp\/v2\/types\/product"}],"wp:attachment":[{"href":"https:\/\/roveyayinevi.com.tr\/index.php\/wp-json\/wp\/v2\/media?parent=710918"}],"wp:term":[{"taxonomy":"product_brand","embeddable":true,"href":"https:\/\/roveyayinevi.com.tr\/index.php\/wp-json\/wp\/v2\/product_brand?post=710918"},{"taxonomy":"product_cat","embeddable":true,"href":"https:\/\/roveyayinevi.com.tr\/index.php\/wp-json\/wp\/v2\/product_cat?post=710918"},{"taxonomy":"product_tag","embeddable":true,"href":"https:\/\/roveyayinevi.com.tr\/index.php\/wp-json\/wp\/v2\/product_tag?post=710918"}],"curies":[{"name":"wp","href":"https:\/\/api.w.org\/{rel}","templated":true}]}}