{"id":710916,"date":"2025-08-27T16:40:29","date_gmt":"2025-08-27T13:40:29","guid":{"rendered":"https:\/\/roveyayinevi.com.tr\/index.php\/urun\/siz-yururken-ben-yatarken-yazi-yorum\/"},"modified":"2026-04-16T02:19:28","modified_gmt":"2026-04-15T23:19:28","slug":"siz-yururken-ben-yatarken-yazi-yorum","status":"publish","type":"product","link":"https:\/\/roveyayinevi.com.tr\/index.php\/urun\/siz-yururken-ben-yatarken-yazi-yorum\/","title":{"rendered":"Siz Y\u00fcr\u00fcrken Ben Yatarken Yaz\u0131-yorum"},"content":{"rendered":"<p>Bukitapnebircezaevig\u00fcnl\u00fc\u011f\u00fc,nedei\u00e7eridend\u0131\u015far\u0131yasiyasibirmanifesto.K\u00fcf\u00fcrkitab\u0131dade\u011fil.Hapsed\u00fc\u015ft\u00fc\u011f\u00fcmg\u00fcnsizy\u00fcr\u00fcmeyeba\u015flad\u0131n\u0131z,bendeyazmaya.Sonrabenyatmayaveyazmayadevamettim.SizlerdeAdaletaramaya.Birg\u00fcnmutlakabulu\u015faca\u011f\u0131z\u00f6zg\u00fcrl\u00fckte\u2026D\u00fcnolmad\u0131,bug\u00fcnde,amaeminimki,yar\u0131nlarbizim. <\/p>\n","protected":false},"excerpt":{"rendered":"<p>Bukitapnebircezaevig\u00fcnl\u00fc\u011f\u00fc,nedei\u00e7eridend\u0131\u015far\u0131yasiyasibirmanifesto.K\u00fcf\u00fcrkitab\u0131dade\u011fil.Hapsed\u00fc\u015ft\u00fc\u011f\u00fcmg\u00fcnsizy\u00fcr\u00fcmeyeba\u015flad\u0131n\u0131z,bendeyazmaya.Sonrabenyatmayaveyazmayadevamettim.SizlerdeAdaletaramaya.Birg\u00fcnmutlakabulu\u015faca\u011f\u0131z\u00f6zg\u00fcrl\u00fckte\u2026D\u00fcnolmad\u0131,bug\u00fcnde,amaeminimki,yar\u0131nlarbizim.<\/p>\n","protected":false},"featured_media":0,"template":"","meta":{"_monsterinsights_skip_tracking":false,"_monsterinsights_sitenote_active":false,"_monsterinsights_sitenote_note":"","_monsterinsights_sitenote_category":0},"product_brand":[],"product_cat":[31194,12337],"product_tag":[],"class_list":{"0":"post-710916","1":"product","2":"type-product","3":"status-publish","5":"product_cat-guncel-siyaset","6":"product_cat-politika-siyaset","7":"pa_cilt-ciltsiz","8":"pa_tur-kitap","9":"pa_yayinevi-halk-kitabevi","10":"pa_yazar-enis-berberoglu","12":"first","13":"instock","14":"sale","15":"shipping-taxable","16":"purchasable","17":"product-type-simple"},"_links":{"self":[{"href":"https:\/\/roveyayinevi.com.tr\/index.php\/wp-json\/wp\/v2\/product\/710916","targetHints":{"allow":["GET"]}}],"collection":[{"href":"https:\/\/roveyayinevi.com.tr\/index.php\/wp-json\/wp\/v2\/product"}],"about":[{"href":"https:\/\/roveyayinevi.com.tr\/index.php\/wp-json\/wp\/v2\/types\/product"}],"wp:attachment":[{"href":"https:\/\/roveyayinevi.com.tr\/index.php\/wp-json\/wp\/v2\/media?parent=710916"}],"wp:term":[{"taxonomy":"product_brand","embeddable":true,"href":"https:\/\/roveyayinevi.com.tr\/index.php\/wp-json\/wp\/v2\/product_brand?post=710916"},{"taxonomy":"product_cat","embeddable":true,"href":"https:\/\/roveyayinevi.com.tr\/index.php\/wp-json\/wp\/v2\/product_cat?post=710916"},{"taxonomy":"product_tag","embeddable":true,"href":"https:\/\/roveyayinevi.com.tr\/index.php\/wp-json\/wp\/v2\/product_tag?post=710916"}],"curies":[{"name":"wp","href":"https:\/\/api.w.org\/{rel}","templated":true}]}}