{"id":710914,"date":"2025-08-27T16:40:28","date_gmt":"2025-08-27T13:40:28","guid":{"rendered":"https:\/\/roveyayinevi.com.tr\/index.php\/urun\/bir-hikaye-i-sevda\/"},"modified":"2026-04-16T02:19:28","modified_gmt":"2026-04-15T23:19:28","slug":"bir-hikaye-i-sevda","status":"publish","type":"product","link":"https:\/\/roveyayinevi.com.tr\/index.php\/urun\/bir-hikaye-i-sevda\/","title":{"rendered":"Bir Hikaye-i Sevda"},"content":{"rendered":"<p>B\u00fcy\u00fck romanc\u0131m\u0131z Halid Ziya U\u015fakl\u0131gil\u2019in  Bir Hik\u00e2ye-i Sevda adl\u0131 kitab\u0131ndaki \u00f6yk\u00fcler 1894 ve 1921 tarihleri aras\u0131nda kaleme al\u0131nm\u0131\u015f ve ilk olarak 1922 y\u0131l\u0131nda yay\u0131nlanm\u0131\u015f, yeni harflerle ise 1985\u2019te bas\u0131lm\u0131\u015ft\u0131r. Yazar\u0131n olgunluk d\u00f6nemi eserlerinden say\u0131lan Bir Hik\u00e2ye-i Sevda\u2019n\u0131n en bilinen \u00f6yk\u00fcs\u00fc,  \u201cAlt\u0131n Nine\u201ddir.  \u201cG\u00fczel Artemisiya\u201d, \u201cB\u00fcy\u00fckbaba\u201d, \u201cVeznedar  Muavini\u201d, \u201cRaife Molla\u201d, \u201cYelpaze Alt\u0131nda\u201d, \u201cTramvayda Gelirken\u201d, \u201cEkmek\u00e7inin Beygiri\u201d, \u201c\u00c7olak Mesut\u201d, \u201cKeklik \u0130smail\u201d, \u201cRamiz Hoca\u201d, \u201cAlt\u0131n Nine\u201d, \u201cK\u0131rda A\u015fk\u201d, yazar\u0131n ya\u015fam\u0131ndan, \u0130zmir ve \u0130stanbul\u2019da ge\u00e7en \u00e7ocukluk an\u0131lar\u0131ndan esintiler ta\u015f\u0131r. <\/p>\n","protected":false},"excerpt":{"rendered":"<p>B\u00fcy\u00fck romanc\u0131m\u0131z Halid Ziya U\u015fakl\u0131gil\u2019in Bir Hik\u00e2ye-i Sevda adl\u0131 kitab\u0131ndaki \u00f6yk\u00fcler 1894 ve 1921 tarihleri aras\u0131nda kaleme al\u0131nm\u0131\u015f ve ilk olarak 1922 y\u0131l\u0131nda yay\u0131nlanm\u0131\u015f, yeni harflerle<span class=\"excerpt-hellip\"> [\u2026]<\/span><\/p>\n","protected":false},"featured_media":0,"template":"","meta":{"_monsterinsights_skip_tracking":false,"_monsterinsights_sitenote_active":false,"_monsterinsights_sitenote_note":"","_monsterinsights_sitenote_category":0},"product_brand":[],"product_cat":[12274,20117],"product_tag":[],"class_list":{"0":"post-710914","1":"product","2":"type-product","3":"status-publish","5":"product_cat-cocuk-ve-genclik-kitaplari","6":"product_cat-turk-klasikleri","7":"pa_cilt-ciltsiz","8":"pa_tur-kitap","9":"pa_yayinevi-inkilap-kitabevi","10":"pa_yazar-halid-ziya-usakligil","12":"first","13":"instock","14":"sale","15":"shipping-taxable","16":"purchasable","17":"product-type-simple"},"_links":{"self":[{"href":"https:\/\/roveyayinevi.com.tr\/index.php\/wp-json\/wp\/v2\/product\/710914","targetHints":{"allow":["GET"]}}],"collection":[{"href":"https:\/\/roveyayinevi.com.tr\/index.php\/wp-json\/wp\/v2\/product"}],"about":[{"href":"https:\/\/roveyayinevi.com.tr\/index.php\/wp-json\/wp\/v2\/types\/product"}],"wp:attachment":[{"href":"https:\/\/roveyayinevi.com.tr\/index.php\/wp-json\/wp\/v2\/media?parent=710914"}],"wp:term":[{"taxonomy":"product_brand","embeddable":true,"href":"https:\/\/roveyayinevi.com.tr\/index.php\/wp-json\/wp\/v2\/product_brand?post=710914"},{"taxonomy":"product_cat","embeddable":true,"href":"https:\/\/roveyayinevi.com.tr\/index.php\/wp-json\/wp\/v2\/product_cat?post=710914"},{"taxonomy":"product_tag","embeddable":true,"href":"https:\/\/roveyayinevi.com.tr\/index.php\/wp-json\/wp\/v2\/product_tag?post=710914"}],"curies":[{"name":"wp","href":"https:\/\/api.w.org\/{rel}","templated":true}]}}