{"id":710913,"date":"2025-08-27T16:40:27","date_gmt":"2025-08-27T13:40:27","guid":{"rendered":"https:\/\/roveyayinevi.com.tr\/index.php\/urun\/bir-yazintarihi\/"},"modified":"2026-04-16T02:19:28","modified_gmt":"2026-04-15T23:19:28","slug":"bir-yazintarihi","status":"publish","type":"product","link":"https:\/\/roveyayinevi.com.tr\/index.php\/urun\/bir-yazintarihi\/","title":{"rendered":"Bir Yaz\u0131nTarihi"},"content":{"rendered":"<p>T\u00fcrk roman\u0131n\u0131n kurucusu sayabilece\u011fimiz Halid Ziya\u2019n\u0131n \u00f6yk\u00fc dal\u0131nda ilk eseri olan Bir Yaz\u0131n Tarihi, yazar\u0131n dil konusundaki hassasiyetinin de g\u00f6ze \u00e7arpt\u0131\u011f\u0131 bir eserdir. Kendi imlas\u0131n\u0131n korunmas\u0131 y\u00f6n\u00fcndeki \u0131srar\u0131, Latin harfleriyle yap\u0131lan yeni bask\u0131larda da etkisini g\u00f6stermi\u015ftir. Kitaba ad\u0131n\u0131 veren Bir Yaz\u0131n Tarihi yazar\u0131n en bilinen hik\u00e2yelerinden olmakla beraber, kitab\u0131n neredeyse be\u015fte birini olu\u015fturan bir k\u0131sa roman niteli\u011fi ta\u015f\u0131yor. Halid Ziya, bu \u201cacemilik d\u00f6nemi\u201d eserinde dahi  okuyucunun duygular\u0131n\u0131 daima tetikte tutmay\u0131 ba\u015far\u0131yor. <\/p>\n","protected":false},"excerpt":{"rendered":"<p>T\u00fcrk roman\u0131n\u0131n kurucusu sayabilece\u011fimiz Halid Ziya\u2019n\u0131n \u00f6yk\u00fc dal\u0131nda ilk eseri olan Bir Yaz\u0131n Tarihi, yazar\u0131n dil konusundaki hassasiyetinin de g\u00f6ze \u00e7arpt\u0131\u011f\u0131 bir eserdir. Kendi imlas\u0131n\u0131n korunmas\u0131<span class=\"excerpt-hellip\"> [\u2026]<\/span><\/p>\n","protected":false},"featured_media":0,"template":"","meta":{"_monsterinsights_skip_tracking":false,"_monsterinsights_sitenote_active":false,"_monsterinsights_sitenote_note":"","_monsterinsights_sitenote_category":0},"product_brand":[],"product_cat":[12274,20117],"product_tag":[],"class_list":{"0":"post-710913","1":"product","2":"type-product","3":"status-publish","5":"product_cat-cocuk-ve-genclik-kitaplari","6":"product_cat-turk-klasikleri","7":"pa_cilt-ciltsiz","8":"pa_tur-kitap","9":"pa_yayinevi-inkilap-kitabevi","10":"pa_yazar-halid-ziya-usakligil","12":"first","13":"instock","14":"sale","15":"shipping-taxable","16":"purchasable","17":"product-type-simple"},"_links":{"self":[{"href":"https:\/\/roveyayinevi.com.tr\/index.php\/wp-json\/wp\/v2\/product\/710913","targetHints":{"allow":["GET"]}}],"collection":[{"href":"https:\/\/roveyayinevi.com.tr\/index.php\/wp-json\/wp\/v2\/product"}],"about":[{"href":"https:\/\/roveyayinevi.com.tr\/index.php\/wp-json\/wp\/v2\/types\/product"}],"wp:attachment":[{"href":"https:\/\/roveyayinevi.com.tr\/index.php\/wp-json\/wp\/v2\/media?parent=710913"}],"wp:term":[{"taxonomy":"product_brand","embeddable":true,"href":"https:\/\/roveyayinevi.com.tr\/index.php\/wp-json\/wp\/v2\/product_brand?post=710913"},{"taxonomy":"product_cat","embeddable":true,"href":"https:\/\/roveyayinevi.com.tr\/index.php\/wp-json\/wp\/v2\/product_cat?post=710913"},{"taxonomy":"product_tag","embeddable":true,"href":"https:\/\/roveyayinevi.com.tr\/index.php\/wp-json\/wp\/v2\/product_tag?post=710913"}],"curies":[{"name":"wp","href":"https:\/\/api.w.org\/{rel}","templated":true}]}}