{"id":710910,"date":"2025-08-27T16:40:26","date_gmt":"2025-08-27T13:40:26","guid":{"rendered":"https:\/\/roveyayinevi.com.tr\/index.php\/urun\/gelmeyeni-beklemek\/"},"modified":"2026-04-16T02:19:28","modified_gmt":"2026-04-15T23:19:28","slug":"gelmeyeni-beklemek","status":"publish","type":"product","link":"https:\/\/roveyayinevi.com.tr\/index.php\/urun\/gelmeyeni-beklemek\/","title":{"rendered":"Gelmeyeni Beklemek"},"content":{"rendered":"<p>Yaln\u0131zl\u0131\u011f\u0131 o kadar \u00e7ok sevmi\u015fiz ki sevilmeyi beklerken s\u00fcrekli kaybetmi\u015fiz. Sahi bekledi\u011fimiz, umut etti\u011fimiz \u015feyler bir g\u00fcn ger\u00e7ekle\u015fecek mi? Ger\u00e7ekle\u015fmeyecekse bile bu \u00e7ekti\u011fimiz s\u0131k\u0131nt\u0131lar, dertler bo\u015funa m\u0131? Ne olacak bu i\u00e7imizdeki yar\u0131m kalm\u0131\u015fl\u0131klar? Mutluluk bize u\u011fram\u0131yor, mutsuzlu\u011fa nedense yemin etmi\u015f gibiyiz. Olmamas\u0131 sorun de\u011fil. Olacakm\u0131\u015f gibi olup olmuyor ya, o k\u00f6t\u00fc i\u015fte. Ne eskisi gibi olabiliyoruz ne de ba\u015flad\u0131\u011f\u0131m\u0131z yere d\u00f6nebiliyoruz. Nas\u0131l yapal\u0131m?Ben b\u00fcy\u00fcyemedim, asl\u0131nda b\u00fcy\u00fcmek istemedim. Bu aralar ne istediysem olmuyor zaten. Neyse. Sevmek insan\u0131 olgunla\u015ft\u0131r\u0131yor; olgunla\u015ft\u0131k\u00e7a yaln\u0131zla\u015f\u0131yorsun, eksiliyorsun, yar\u0131m kal\u0131yorsun. Olmad\u0131. Ben yapamad\u0131m, di\u011fer insanlar gibi olmad\u0131m, di\u011ferleri gibi mutlu olmad\u0131m. Bu y\u00fczden galiba eksildim. Fakat mutlu olmak i\u00e7in s\u0131radanla\u015fmak m\u0131 gerekiyor? Di\u011fer insanlar gibi olmak m\u0131 gerekiyor?Ben b\u00fcy\u00fcmek istemiyorum. Di\u011ferleri gibi olmak istemiyorum. Mutsuz olmak da istemiyorum. Ben hi\u00e7bir \u015fey istemiyorum. Hissizle\u015ftim resmen. Beni kurtar\u0131n. Beni bu benlikten kurtar\u0131n. G\u00fclmeyi unuttum, insanlara g\u00fclmeyi, tebess\u00fcm etmeyi. Neden b\u00f6yle oluyor? Soruyorum, neden b\u00f6yle oluyor? Bir \u015fey yapmak laz\u0131m ama ben ne yapabilirim ki? Buraya yazd\u0131klar\u0131m\u0131 neyin var diye sormadan anlarlar m\u0131 acaba? B\u0131rak\u0131n, anlamas\u0131nlar. Zaten kim anlad\u0131 ki bizi, kim elimizden tuttu ki, kim seninle mutsuzlu\u011fa da var\u0131m dedi ki? Gelmedikleri i\u00e7in b\u0131rak\u0131n gitsinler. Y\u00fcr\u00fcs\u00fcn gitsinler\u2026Geldikleri zaman olmuyor, gittikleri zaman da olmuyor. Gelecek \u015feylerden \u00fcmidimiz yok ama o gemi bir g\u00fcn gelecek\u2026 <\/p>\n","protected":false},"excerpt":{"rendered":"<p>Yaln\u0131zl\u0131\u011f\u0131 o kadar \u00e7ok sevmi\u015fiz ki sevilmeyi beklerken s\u00fcrekli kaybetmi\u015fiz. Sahi bekledi\u011fimiz, umut etti\u011fimiz \u015feyler bir g\u00fcn ger\u00e7ekle\u015fecek mi? Ger\u00e7ekle\u015fmeyecekse bile bu \u00e7ekti\u011fimiz s\u0131k\u0131nt\u0131lar, dertler bo\u015funa<span class=\"excerpt-hellip\"> [\u2026]<\/span><\/p>\n","protected":false},"featured_media":0,"template":"","meta":{"_monsterinsights_skip_tracking":false,"_monsterinsights_sitenote_active":false,"_monsterinsights_sitenote_note":"","_monsterinsights_sitenote_category":0},"product_brand":[],"product_cat":[12777,12291],"product_tag":[],"class_list":{"0":"post-710910","1":"product","2":"type-product","3":"status-publish","5":"product_cat-deneme","6":"product_cat-edebiyat","7":"pa_cilt-ciltsiz","8":"pa_tur-kitap","9":"pa_yayinevi-dokuz-yayinlari","10":"pa_yazar-berkutay-soysal","12":"first","13":"instock","14":"sale","15":"shipping-taxable","16":"purchasable","17":"product-type-simple"},"_links":{"self":[{"href":"https:\/\/roveyayinevi.com.tr\/index.php\/wp-json\/wp\/v2\/product\/710910","targetHints":{"allow":["GET"]}}],"collection":[{"href":"https:\/\/roveyayinevi.com.tr\/index.php\/wp-json\/wp\/v2\/product"}],"about":[{"href":"https:\/\/roveyayinevi.com.tr\/index.php\/wp-json\/wp\/v2\/types\/product"}],"wp:attachment":[{"href":"https:\/\/roveyayinevi.com.tr\/index.php\/wp-json\/wp\/v2\/media?parent=710910"}],"wp:term":[{"taxonomy":"product_brand","embeddable":true,"href":"https:\/\/roveyayinevi.com.tr\/index.php\/wp-json\/wp\/v2\/product_brand?post=710910"},{"taxonomy":"product_cat","embeddable":true,"href":"https:\/\/roveyayinevi.com.tr\/index.php\/wp-json\/wp\/v2\/product_cat?post=710910"},{"taxonomy":"product_tag","embeddable":true,"href":"https:\/\/roveyayinevi.com.tr\/index.php\/wp-json\/wp\/v2\/product_tag?post=710910"}],"curies":[{"name":"wp","href":"https:\/\/api.w.org\/{rel}","templated":true}]}}