{"id":710909,"date":"2025-08-27T16:40:25","date_gmt":"2025-08-27T13:40:25","guid":{"rendered":"https:\/\/roveyayinevi.com.tr\/index.php\/urun\/papatya-ve-sigara\/"},"modified":"2026-04-16T02:19:28","modified_gmt":"2026-04-15T23:19:28","slug":"papatya-ve-sigara","status":"publish","type":"product","link":"https:\/\/roveyayinevi.com.tr\/index.php\/urun\/papatya-ve-sigara\/","title":{"rendered":"Papatya ve Sigara"},"content":{"rendered":"<p>Unutmad\u0131m. Onun elini nas\u0131l tuttu\u011funu, Benim kalbimi nas\u0131l k\u0131rd\u0131\u011f\u0131n\u0131 unutmad\u0131m sevgilim. Herkese tebess\u00fcm ederken Bana nas\u0131l nefretle bakt\u0131\u011f\u0131n\u0131, Herkese kol kanat gererken Beni nas\u0131l yaln\u0131z b\u0131rakt\u0131\u011f\u0131n\u0131, Onlar a\u011flarken a\u011flad\u0131\u011f\u0131n\u0131, Ben g\u00fclerken bile yan\u0131mda olmay\u0131\u015f\u0131n\u0131 Unutmad\u0131m. Bir seni diledi\u011fimi, Ama bir beni istemedi\u011fini, Bir tek benim i\u00e7in i\u00e7medi\u011fini, Can\u0131m yand\u0131\u011f\u0131nda bir sigara yakmad\u0131\u011f\u0131n\u0131, Beni mutlu oldu\u011fun yerlerde mahvetti\u011fini Unutmad\u0131m. Sen de unutma. Ke\u015fke \u00f6ld\u00fcrseydin de Bir ba\u015fkas\u0131n\u0131 sevmeseydin. Ke\u015fke \u00f6lseydim de Bir ba\u015fkas\u0131n\u0131 sevdi\u011fini g\u00f6rmeseydim. <\/p>\n","protected":false},"excerpt":{"rendered":"<p>Unutmad\u0131m. Onun elini nas\u0131l tuttu\u011funu, Benim kalbimi nas\u0131l k\u0131rd\u0131\u011f\u0131n\u0131 unutmad\u0131m sevgilim. Herkese tebess\u00fcm ederken Bana nas\u0131l nefretle bakt\u0131\u011f\u0131n\u0131, Herkese kol kanat gererken Beni nas\u0131l yaln\u0131z b\u0131rakt\u0131\u011f\u0131n\u0131,<span class=\"excerpt-hellip\"> [\u2026]<\/span><\/p>\n","protected":false},"featured_media":0,"template":"","meta":{"_monsterinsights_skip_tracking":false,"_monsterinsights_sitenote_active":false,"_monsterinsights_sitenote_note":"","_monsterinsights_sitenote_category":0},"product_brand":[],"product_cat":[12777,12291],"product_tag":[],"class_list":{"0":"post-710909","1":"product","2":"type-product","3":"status-publish","5":"product_cat-deneme","6":"product_cat-edebiyat","7":"pa_cilt-ciltsiz","8":"pa_tur-kitap","9":"pa_yayinevi-dokuz-yayinlari","10":"pa_yazar-huseyin-korkutacak","12":"first","13":"instock","14":"sale","15":"shipping-taxable","16":"purchasable","17":"product-type-simple"},"_links":{"self":[{"href":"https:\/\/roveyayinevi.com.tr\/index.php\/wp-json\/wp\/v2\/product\/710909","targetHints":{"allow":["GET"]}}],"collection":[{"href":"https:\/\/roveyayinevi.com.tr\/index.php\/wp-json\/wp\/v2\/product"}],"about":[{"href":"https:\/\/roveyayinevi.com.tr\/index.php\/wp-json\/wp\/v2\/types\/product"}],"wp:attachment":[{"href":"https:\/\/roveyayinevi.com.tr\/index.php\/wp-json\/wp\/v2\/media?parent=710909"}],"wp:term":[{"taxonomy":"product_brand","embeddable":true,"href":"https:\/\/roveyayinevi.com.tr\/index.php\/wp-json\/wp\/v2\/product_brand?post=710909"},{"taxonomy":"product_cat","embeddable":true,"href":"https:\/\/roveyayinevi.com.tr\/index.php\/wp-json\/wp\/v2\/product_cat?post=710909"},{"taxonomy":"product_tag","embeddable":true,"href":"https:\/\/roveyayinevi.com.tr\/index.php\/wp-json\/wp\/v2\/product_tag?post=710909"}],"curies":[{"name":"wp","href":"https:\/\/api.w.org\/{rel}","templated":true}]}}