{"id":710904,"date":"2025-08-27T16:40:23","date_gmt":"2025-08-27T13:40:23","guid":{"rendered":"https:\/\/roveyayinevi.com.tr\/index.php\/urun\/psikoloji-sozlugu-ciltli\/"},"modified":"2026-04-16T02:19:28","modified_gmt":"2026-04-15T23:19:28","slug":"psikoloji-sozlugu-ciltli","status":"publish","type":"product","link":"https:\/\/roveyayinevi.com.tr\/index.php\/urun\/psikoloji-sozlugu-ciltli\/","title":{"rendered":"Psikoloji S\u00f6zl\u00fc\u011f\u00fc (Ciltli)"},"content":{"rendered":"<p>Her D\u00fczeyde pskoloj okurunun genel s\u00f6zl\u00fck htyac\u0131na y\u00f6nelk olarak haz\u0131rlanan ve yakla\u015f\u0131k 9.000 term \u00e7eren br ba\u015fvuru kayna\u011f\u0131. Sosyoloj, antropoloj, pedagoj, byoloj ve t\u0131p bmndek psloloj le l\u015fkl t\u00fcm termler. S\u00f6zl\u00fc\u011f\u00fcn sonunda yer alan &#8220;Fobler S\u00f6zl\u00fc\u011f\u00fc&#8221; le &#8220;\u0130nglzce &#8211; T\u00fcrk\u00e7e Kar\u015f\u0131l\u0131klar S\u00f6zl\u00fc\u011f\u00fc&#8217;nden olu\u015fan &#8220;s\u00f6zl\u00fck &#8211; \u00e7nde -s\u00f6zl\u00fckler&#8221;. Alan\u0131nda yer doldurulamayan ba\u015fvuru ktab\u0131 \u00f6zell\u011fn hep koruyan s\u00f6zl\u00fck.<\/p>\n","protected":false},"excerpt":{"rendered":"<p>Her D\u00fczeyde pskoloj okurunun genel s\u00f6zl\u00fck htyac\u0131na y\u00f6nelk olarak haz\u0131rlanan ve yakla\u015f\u0131k 9.000 term \u00e7eren br ba\u015fvuru kayna\u011f\u0131. Sosyoloj, antropoloj, pedagoj, byoloj ve t\u0131p bmndek psloloj<span class=\"excerpt-hellip\"> [\u2026]<\/span><\/p>\n","protected":false},"featured_media":0,"template":"","meta":{"_monsterinsights_skip_tracking":false,"_monsterinsights_sitenote_active":false,"_monsterinsights_sitenote_note":"","_monsterinsights_sitenote_category":0},"product_brand":[],"product_cat":[13772,12364],"product_tag":[],"class_list":{"0":"post-710904","1":"product","2":"type-product","3":"status-publish","5":"product_cat-basvuru-kitaplari","6":"product_cat-genel-konular","7":"pa_cilt-ciltli","8":"pa_tur-kitap","9":"pa_yayinevi-bilim-ve-sanat-yayinlari","10":"pa_yazar-selcuk-budak","12":"first","13":"instock","14":"sale","15":"shipping-taxable","16":"purchasable","17":"product-type-simple"},"_links":{"self":[{"href":"https:\/\/roveyayinevi.com.tr\/index.php\/wp-json\/wp\/v2\/product\/710904","targetHints":{"allow":["GET"]}}],"collection":[{"href":"https:\/\/roveyayinevi.com.tr\/index.php\/wp-json\/wp\/v2\/product"}],"about":[{"href":"https:\/\/roveyayinevi.com.tr\/index.php\/wp-json\/wp\/v2\/types\/product"}],"wp:attachment":[{"href":"https:\/\/roveyayinevi.com.tr\/index.php\/wp-json\/wp\/v2\/media?parent=710904"}],"wp:term":[{"taxonomy":"product_brand","embeddable":true,"href":"https:\/\/roveyayinevi.com.tr\/index.php\/wp-json\/wp\/v2\/product_brand?post=710904"},{"taxonomy":"product_cat","embeddable":true,"href":"https:\/\/roveyayinevi.com.tr\/index.php\/wp-json\/wp\/v2\/product_cat?post=710904"},{"taxonomy":"product_tag","embeddable":true,"href":"https:\/\/roveyayinevi.com.tr\/index.php\/wp-json\/wp\/v2\/product_tag?post=710904"}],"curies":[{"name":"wp","href":"https:\/\/api.w.org\/{rel}","templated":true}]}}