{"id":710901,"date":"2025-08-27T16:40:21","date_gmt":"2025-08-27T13:40:21","guid":{"rendered":"https:\/\/roveyayinevi.com.tr\/index.php\/urun\/menora-isigin-golgesindeki-darbe\/"},"modified":"2026-04-16T02:19:28","modified_gmt":"2026-04-15T23:19:28","slug":"menora-isigin-golgesindeki-darbe","status":"publish","type":"product","link":"https:\/\/roveyayinevi.com.tr\/index.php\/urun\/menora-isigin-golgesindeki-darbe\/","title":{"rendered":"Menora : I\u015f\u0131\u011f\u0131n G\u00f6lgesindeki Darbe"},"content":{"rendered":"<p>Ben bir T\u00fcrk subay\u0131y\u0131m.Bu kitapta okuyaca\u011f\u0131n\u0131z her bir s\u00f6z\u00fcn a\u00e7\u0131k tan\u0131\u011f\u0131y\u0131m, gizlisi de\u011fil.\u00dclkemiz bir 15 Temmuz ya\u015fad\u0131, sonu\u00e7lar\u0131n\u0131 da h\u00e2l\u00e2 ya\u015f\u0131yor.T\u00fcrk milleti yaral\u0131; varl\u0131\u011f\u0131n\u0131 ve bekas\u0131n\u0131 emanet etti\u011fi ordusuna s\u0131zm\u0131\u015f i\u015fbirlik\u00e7iler eliyle s\u0131rt\u0131ndan han\u00e7erlendi\u011fini d\u00fc\u015f\u00fcn\u00fcyor.T\u00fcrk ordusu da yaral\u0131; kalbinden \u00f6yle bir vuruldu ki tedavisi h\u00e2l\u00e2 s\u00fcr\u00fcyor.\u00d6te yandan&#8230;Kom\u015fular\u0131m\u0131z olan Irak ve Suriye\u2019de b\u00fcy\u00fck bir yang\u0131n \u00e7\u0131km\u0131\u015f b\u00fcy\u00fcyor ama b\u0131rak\u0131n s\u00f6nd\u00fcr\u00fclmeyi \u00fczerine k\u00f6r\u00fckle gidiliyor.Ve T\u00fcrkiye bir sava\u015f\u0131n e\u015fi\u011fine s\u00fcr\u00fckleniyor.\u015eimdi&#8230;Bu co\u011frafyada hi\u00e7bir \u015fey tesad\u00fcfen olmaz.\u0130\u015fte bu kitap bu d\u00fc\u011f\u00fcm\u00fc \u00e7\u00f6z\u00fcyor.Sonu\u00e7ta kar\u015f\u0131n\u0131za bir resim \u00e7\u0131k\u0131yor ve her \u015fey bu resimde ne g\u00f6r\u00fcld\u00fc\u011f\u00fcne ba\u011fl\u0131&#8230;- Erdal Sar\u0131zeybek Ekim 2017, Ankara <\/p>\n","protected":false},"excerpt":{"rendered":"<p>Ben bir T\u00fcrk subay\u0131y\u0131m.Bu kitapta okuyaca\u011f\u0131n\u0131z her bir s\u00f6z\u00fcn a\u00e7\u0131k tan\u0131\u011f\u0131y\u0131m, gizlisi de\u011fil.\u00dclkemiz bir 15 Temmuz ya\u015fad\u0131, sonu\u00e7lar\u0131n\u0131 da h\u00e2l\u00e2 ya\u015f\u0131yor.T\u00fcrk milleti yaral\u0131; varl\u0131\u011f\u0131n\u0131 ve bekas\u0131n\u0131<span class=\"excerpt-hellip\"> [\u2026]<\/span><\/p>\n","protected":false},"featured_media":0,"template":"","meta":{"_monsterinsights_skip_tracking":false,"_monsterinsights_sitenote_active":false,"_monsterinsights_sitenote_note":"","_monsterinsights_sitenote_category":0},"product_brand":[],"product_cat":[13590,12337],"product_tag":[],"class_list":{"0":"post-710901","1":"product","2":"type-product","3":"status-publish","5":"product_cat-arastirma-inceleme-politika-siyaset","6":"product_cat-politika-siyaset","7":"pa_cilt-ciltsiz","8":"pa_tur-kitap","9":"pa_yayinevi-destek-yayinlari","10":"pa_yazar-erdal-sarizeybek","12":"first","13":"instock","14":"sale","15":"shipping-taxable","16":"purchasable","17":"product-type-simple"},"_links":{"self":[{"href":"https:\/\/roveyayinevi.com.tr\/index.php\/wp-json\/wp\/v2\/product\/710901","targetHints":{"allow":["GET"]}}],"collection":[{"href":"https:\/\/roveyayinevi.com.tr\/index.php\/wp-json\/wp\/v2\/product"}],"about":[{"href":"https:\/\/roveyayinevi.com.tr\/index.php\/wp-json\/wp\/v2\/types\/product"}],"wp:attachment":[{"href":"https:\/\/roveyayinevi.com.tr\/index.php\/wp-json\/wp\/v2\/media?parent=710901"}],"wp:term":[{"taxonomy":"product_brand","embeddable":true,"href":"https:\/\/roveyayinevi.com.tr\/index.php\/wp-json\/wp\/v2\/product_brand?post=710901"},{"taxonomy":"product_cat","embeddable":true,"href":"https:\/\/roveyayinevi.com.tr\/index.php\/wp-json\/wp\/v2\/product_cat?post=710901"},{"taxonomy":"product_tag","embeddable":true,"href":"https:\/\/roveyayinevi.com.tr\/index.php\/wp-json\/wp\/v2\/product_tag?post=710901"}],"curies":[{"name":"wp","href":"https:\/\/api.w.org\/{rel}","templated":true}]}}