{"id":710899,"date":"2025-08-27T16:40:20","date_gmt":"2025-08-27T13:40:20","guid":{"rendered":"https:\/\/roveyayinevi.com.tr\/index.php\/urun\/raziye-begum-sultan\/"},"modified":"2026-04-16T02:19:28","modified_gmt":"2026-04-15T23:19:28","slug":"raziye-begum-sultan","status":"publish","type":"product","link":"https:\/\/roveyayinevi.com.tr\/index.php\/urun\/raziye-begum-sultan\/","title":{"rendered":"Raziye Beg\u00fcm Sultan"},"content":{"rendered":"<p>Mo\u011fol zulm\u00fcnden ka\u00e7an M\u00fcsl\u00fcman T\u00fcrkleri Delhi T\u00fcrk Sultanl\u0131\u011f\u0131\u2019nda birle\u015ftiren \u0130ltutmu\u015f, g\u00fcc\u00fcne g\u00fc\u00e7 katm\u0131\u015ft\u0131. \u00d6mr\u00fc cenkle ge\u00e7en \u0130ltutmu\u015f, yine bir sefer s\u0131ras\u0131nda taht\u0131n\u0131 o\u011fullar\u0131ndan birine b\u0131rakmak yerine, zek\u00e2s\u0131na ve basiretine g\u00fcvendi\u011fi k\u0131z\u0131 Raziye Sultan\u2019a b\u0131rakt\u0131. <\/p>\n","protected":false},"excerpt":{"rendered":"<p>Mo\u011fol zulm\u00fcnden ka\u00e7an M\u00fcsl\u00fcman T\u00fcrkleri Delhi T\u00fcrk Sultanl\u0131\u011f\u0131\u2019nda birle\u015ftiren \u0130ltutmu\u015f, g\u00fcc\u00fcne g\u00fc\u00e7 katm\u0131\u015ft\u0131. \u00d6mr\u00fc cenkle ge\u00e7en \u0130ltutmu\u015f, yine bir sefer s\u0131ras\u0131nda taht\u0131n\u0131 o\u011fullar\u0131ndan birine b\u0131rakmak yerine,<span class=\"excerpt-hellip\"> [\u2026]<\/span><\/p>\n","protected":false},"featured_media":0,"template":"","meta":{"_monsterinsights_skip_tracking":false,"_monsterinsights_sitenote_active":false,"_monsterinsights_sitenote_note":"","_monsterinsights_sitenote_category":0},"product_brand":[],"product_cat":[12291,12745],"product_tag":[],"class_list":{"0":"post-710899","1":"product","2":"type-product","3":"status-publish","5":"product_cat-edebiyat","6":"product_cat-tarihi-roman","7":"pa_cilt-ciltsiz","8":"pa_tur-kitap","9":"pa_yayinevi-nesil-yayinlari","10":"pa_yazar-meryem-aybike-sinan","12":"first","13":"instock","14":"sale","15":"shipping-taxable","16":"purchasable","17":"product-type-simple"},"_links":{"self":[{"href":"https:\/\/roveyayinevi.com.tr\/index.php\/wp-json\/wp\/v2\/product\/710899","targetHints":{"allow":["GET"]}}],"collection":[{"href":"https:\/\/roveyayinevi.com.tr\/index.php\/wp-json\/wp\/v2\/product"}],"about":[{"href":"https:\/\/roveyayinevi.com.tr\/index.php\/wp-json\/wp\/v2\/types\/product"}],"wp:attachment":[{"href":"https:\/\/roveyayinevi.com.tr\/index.php\/wp-json\/wp\/v2\/media?parent=710899"}],"wp:term":[{"taxonomy":"product_brand","embeddable":true,"href":"https:\/\/roveyayinevi.com.tr\/index.php\/wp-json\/wp\/v2\/product_brand?post=710899"},{"taxonomy":"product_cat","embeddable":true,"href":"https:\/\/roveyayinevi.com.tr\/index.php\/wp-json\/wp\/v2\/product_cat?post=710899"},{"taxonomy":"product_tag","embeddable":true,"href":"https:\/\/roveyayinevi.com.tr\/index.php\/wp-json\/wp\/v2\/product_tag?post=710899"}],"curies":[{"name":"wp","href":"https:\/\/api.w.org\/{rel}","templated":true}]}}