{"id":710892,"date":"2025-08-27T16:40:16","date_gmt":"2025-08-27T13:40:16","guid":{"rendered":"https:\/\/roveyayinevi.com.tr\/index.php\/urun\/kadinlarin-nesi-var\/"},"modified":"2025-11-22T04:22:19","modified_gmt":"2025-11-22T01:22:19","slug":"kadinlarin-nesi-var","status":"publish","type":"product","link":"https:\/\/roveyayinevi.com.tr\/index.php\/urun\/kadinlarin-nesi-var\/","title":{"rendered":"Kad\u0131nlar\u0131n Nesi Var?"},"content":{"rendered":"<p>Nesi var sahi bu kad\u0131nlar\u0131n?Kollar\u0131 m\u0131 k\u0131sa, kafalar\u0131 m\u0131 k\u00fc\u00e7\u00fck yoksa sakallar\u0131 m\u0131 az?Sa\u00e7lar\u0131 \u015f\u00f6yle fazla k\u0131sa, b\u00f6yle de \u00e7ok mu uzun?Eski zamanlarda hi\u00e7 kad\u0131n yoktu. \u0130\u015fte bu y\u00fczden, okuldaki tarih derslerinde kad\u0131nlardan bahsedildi\u011fini duymazs\u0131n\u0131z. Erkekler elbette vard\u0131 ve b\u00fcy\u00fck k\u0131sm\u0131 da d\u00e2hiydi. Hepimiz onlar\u0131n ad\u0131n\u0131 \u00e7ocuklu\u011fumuzdan beri ezberledik. Ama yine de siz siz olun ve kimsenin s\u00f6z\u00fcne inanmay\u0131n. Hatta bu s\u00f6z Ayd\u0131nlanma \u00c7a\u011f\u0131\u2019n\u0131n &#8220;Yorulmaz D\u00e2hisi&#8221; Rousseau\u2019ya, Evrim Teorisi\u2019nin babas\u0131 Darwin\u2019e, psikanalizin kurucusu Freud\u2019a ait bile olsa\u2026\u0130ngiliz yazar, ill\u00fcstrat\u00f6r Jacky Fleming\u2019in, ince ele\u015ftiriler ve d\u00e2hiyane bir ironiyle, toplumsal hayatta varl\u0131k g\u00f6stermeye \u00e7al\u0131\u015fan kad\u0131nlar\u0131n m\u00fccadelesini ele ald\u0131\u011f\u0131 Kad\u0131nlar\u0131n Nesi Var?, son y\u0131llar\u0131n en iyi mizah kitaplar\u0131ndan biri. 2017 y\u0131l\u0131nda Art\u00e9misia Mizah \u00d6d\u00fcl\u00fc\u2019ne de\u011fer g\u00f6r\u00fclen eser, her kad\u0131n\u0131n ama en \u00e7ok da her erke\u011fin okumas\u0131 gereken kitaplardan. <\/p>\n","protected":false},"excerpt":{"rendered":"<p>Nesi var sahi bu kad\u0131nlar\u0131n?Kollar\u0131 m\u0131 k\u0131sa, kafalar\u0131 m\u0131 k\u00fc\u00e7\u00fck yoksa sakallar\u0131 m\u0131 az?Sa\u00e7lar\u0131 \u015f\u00f6yle fazla k\u0131sa, b\u00f6yle de \u00e7ok mu uzun?Eski zamanlarda hi\u00e7 kad\u0131n yoktu.<span class=\"excerpt-hellip\"> [\u2026]<\/span><\/p>\n","protected":false},"featured_media":0,"template":"","meta":{"_monsterinsights_skip_tracking":false,"_monsterinsights_sitenote_active":false,"_monsterinsights_sitenote_note":"","_monsterinsights_sitenote_category":0},"product_brand":[],"product_cat":[12291,14825],"product_tag":[],"class_list":{"0":"post-710892","1":"product","2":"type-product","3":"status-publish","5":"product_cat-edebiyat","6":"product_cat-mizah","7":"pa_cilt-ciltli","8":"pa_tur-kitap","9":"pa_yayinevi-desen-yayinlari","10":"pa_yazar-jacky-fleming","12":"first","13":"instock","14":"sale","15":"shipping-taxable","16":"purchasable","17":"product-type-simple"},"_links":{"self":[{"href":"https:\/\/roveyayinevi.com.tr\/index.php\/wp-json\/wp\/v2\/product\/710892","targetHints":{"allow":["GET"]}}],"collection":[{"href":"https:\/\/roveyayinevi.com.tr\/index.php\/wp-json\/wp\/v2\/product"}],"about":[{"href":"https:\/\/roveyayinevi.com.tr\/index.php\/wp-json\/wp\/v2\/types\/product"}],"wp:attachment":[{"href":"https:\/\/roveyayinevi.com.tr\/index.php\/wp-json\/wp\/v2\/media?parent=710892"}],"wp:term":[{"taxonomy":"product_brand","embeddable":true,"href":"https:\/\/roveyayinevi.com.tr\/index.php\/wp-json\/wp\/v2\/product_brand?post=710892"},{"taxonomy":"product_cat","embeddable":true,"href":"https:\/\/roveyayinevi.com.tr\/index.php\/wp-json\/wp\/v2\/product_cat?post=710892"},{"taxonomy":"product_tag","embeddable":true,"href":"https:\/\/roveyayinevi.com.tr\/index.php\/wp-json\/wp\/v2\/product_tag?post=710892"}],"curies":[{"name":"wp","href":"https:\/\/api.w.org\/{rel}","templated":true}]}}