{"id":710879,"date":"2025-08-27T16:40:10","date_gmt":"2025-08-27T13:40:10","guid":{"rendered":"https:\/\/roveyayinevi.com.tr\/index.php\/urun\/one-punch-man-cilt-11\/"},"modified":"2026-04-16T02:19:27","modified_gmt":"2026-04-15T23:19:27","slug":"one-punch-man-cilt-11","status":"publish","type":"product","link":"https:\/\/roveyayinevi.com.tr\/index.php\/urun\/one-punch-man-cilt-11\/","title":{"rendered":"One-Punch Man \u2013 Cilt 11"},"content":{"rendered":"<p>One-Punch Man \u2013 Cilt 11   Tam da Saitama\u2019n\u0131n bir d\u00f6v\u00fc\u015f sanatlar\u0131 turnuvas\u0131na yo\u011funla\u015fm\u0131\u015f oldu\u011fu s\u0131rada, t\u00fcrl\u00fc t\u00fcrl\u00fc canavarlar \u00e7e\u015fitli \u015fehirlere sald\u0131rmaya ba\u015fl\u0131yor. Bu canavarlar i\u00e7inde en korkutucu olan\u0131 En Ya\u015fl\u0131 K\u0131rkayak isminde ve \u00f6ylesine kocaman ki kar\u015f\u0131s\u0131na \u00e7\u0131kan Metal Sopa\u2019n\u0131n bile \u00e7ok zor anlar ya\u015famas\u0131na neden oluyor. Canavarlar\u0131n sald\u0131r\u0131s\u0131 devam ederken, Kahramanlar Birli\u011fi\u2019nin \u00fcyeleri bir de Garou ile ba\u015fa \u00e7\u0131kmak zorundalar. \u00d6te yandan Saitama da ilk m\u00fcsabakas\u0131na \u00e7\u0131kmak \u00fczere\u2026 <\/p>\n","protected":false},"excerpt":{"rendered":"<p>One-Punch Man \u2013 Cilt 11 Tam da Saitama\u2019n\u0131n bir d\u00f6v\u00fc\u015f sanatlar\u0131 turnuvas\u0131na yo\u011funla\u015fm\u0131\u015f oldu\u011fu s\u0131rada, t\u00fcrl\u00fc t\u00fcrl\u00fc canavarlar \u00e7e\u015fitli \u015fehirlere sald\u0131rmaya ba\u015fl\u0131yor. Bu canavarlar i\u00e7inde en<span class=\"excerpt-hellip\"> [\u2026]<\/span><\/p>\n","protected":false},"featured_media":0,"template":"","meta":{"_monsterinsights_skip_tracking":false,"_monsterinsights_sitenote_active":false,"_monsterinsights_sitenote_note":"","_monsterinsights_sitenote_category":0},"product_brand":[],"product_cat":[12416,12291],"product_tag":[],"class_list":{"0":"post-710879","1":"product","2":"type-product","3":"status-publish","5":"product_cat-cizgi-roman","6":"product_cat-edebiyat","7":"pa_cilt-ciltsiz","8":"pa_tur-kitap","9":"pa_yayinevi-akil-celen-kitaplar","10":"pa_yazar-yusuke-murata","12":"first","13":"instock","14":"sale","15":"shipping-taxable","16":"purchasable","17":"product-type-simple"},"_links":{"self":[{"href":"https:\/\/roveyayinevi.com.tr\/index.php\/wp-json\/wp\/v2\/product\/710879","targetHints":{"allow":["GET"]}}],"collection":[{"href":"https:\/\/roveyayinevi.com.tr\/index.php\/wp-json\/wp\/v2\/product"}],"about":[{"href":"https:\/\/roveyayinevi.com.tr\/index.php\/wp-json\/wp\/v2\/types\/product"}],"wp:attachment":[{"href":"https:\/\/roveyayinevi.com.tr\/index.php\/wp-json\/wp\/v2\/media?parent=710879"}],"wp:term":[{"taxonomy":"product_brand","embeddable":true,"href":"https:\/\/roveyayinevi.com.tr\/index.php\/wp-json\/wp\/v2\/product_brand?post=710879"},{"taxonomy":"product_cat","embeddable":true,"href":"https:\/\/roveyayinevi.com.tr\/index.php\/wp-json\/wp\/v2\/product_cat?post=710879"},{"taxonomy":"product_tag","embeddable":true,"href":"https:\/\/roveyayinevi.com.tr\/index.php\/wp-json\/wp\/v2\/product_tag?post=710879"}],"curies":[{"name":"wp","href":"https:\/\/api.w.org\/{rel}","templated":true}]}}