{"id":710878,"date":"2025-08-27T16:40:09","date_gmt":"2025-08-27T13:40:09","guid":{"rendered":"https:\/\/roveyayinevi.com.tr\/index.php\/urun\/ben-bir-kucuk-sanatciyim-gel-beraber-parmak-baski-yapalim\/"},"modified":"2026-04-16T02:19:27","modified_gmt":"2026-04-15T23:19:27","slug":"ben-bir-kucuk-sanatciyim-gel-beraber-parmak-baski-yapalim","status":"publish","type":"product","link":"https:\/\/roveyayinevi.com.tr\/index.php\/urun\/ben-bir-kucuk-sanatciyim-gel-beraber-parmak-baski-yapalim\/","title":{"rendered":"Ben Bir K\u00fc\u00e7\u00fck Sanat\u00e7\u0131y\u0131m \/ Gel Beraber Parmak Bask\u0131 Yapal\u0131m"},"content":{"rendered":"<p>Ben Bir K\u00fc\u00e7\u00fck Sanat\u00e7\u0131y\u0131m dizisinin ikinci kitab\u0131 Gel BeraberParmak Bask\u0131 Yapal\u0131m\u2019da birbirinden e\u011flenceli etkinlikler\u00e7ocuklar\u0131 bekliyor.Kitapta parmak bask\u0131yla nas\u0131l ku\u015f, y\u00fcz ifadesi ve bisiklet \u00e7izmeresimleri yap\u0131labilece\u011fi tarif ediliyor.Kendine \u00f6zg\u00fc tarz\u0131yla d\u00fcnya \u00e7ap\u0131nda tan\u0131nan \u0130sko\u00e7 ill\u00fcstrat\u00f6rMarion Deuchars, bir\u00e7ok uluslararas\u0131 tasar\u0131m ve ill\u00fcstrasyon\u00f6d\u00fcl\u00fcne lay\u0131k g\u00f6r\u00fclm\u00fc\u015ft\u00fcr. <\/p>\n","protected":false},"excerpt":{"rendered":"<p>Ben Bir K\u00fc\u00e7\u00fck Sanat\u00e7\u0131y\u0131m dizisinin ikinci kitab\u0131 Gel BeraberParmak Bask\u0131 Yapal\u0131m\u2019da birbirinden e\u011flenceli etkinlikler\u00e7ocuklar\u0131 bekliyor.Kitapta parmak bask\u0131yla nas\u0131l ku\u015f, y\u00fcz ifadesi ve bisiklet \u00e7izmeresimleri yap\u0131labilece\u011fi tarif<span class=\"excerpt-hellip\"> [\u2026]<\/span><\/p>\n","protected":false},"featured_media":0,"template":"","meta":{"_monsterinsights_skip_tracking":false,"_monsterinsights_sitenote_active":false,"_monsterinsights_sitenote_note":"","_monsterinsights_sitenote_category":0},"product_brand":[],"product_cat":[12274,12518],"product_tag":[],"class_list":{"0":"post-710878","1":"product","2":"type-product","3":"status-publish","5":"product_cat-cocuk-ve-genclik-kitaplari","6":"product_cat-okul-oncesi-kitaplar","7":"pa_cilt-ciltli","8":"pa_tur-kitap","9":"pa_yayinevi-hep-kitap","10":"pa_yazar-marion-deuchars","12":"first","13":"instock","14":"sale","15":"shipping-taxable","16":"purchasable","17":"product-type-simple"},"_links":{"self":[{"href":"https:\/\/roveyayinevi.com.tr\/index.php\/wp-json\/wp\/v2\/product\/710878","targetHints":{"allow":["GET"]}}],"collection":[{"href":"https:\/\/roveyayinevi.com.tr\/index.php\/wp-json\/wp\/v2\/product"}],"about":[{"href":"https:\/\/roveyayinevi.com.tr\/index.php\/wp-json\/wp\/v2\/types\/product"}],"wp:attachment":[{"href":"https:\/\/roveyayinevi.com.tr\/index.php\/wp-json\/wp\/v2\/media?parent=710878"}],"wp:term":[{"taxonomy":"product_brand","embeddable":true,"href":"https:\/\/roveyayinevi.com.tr\/index.php\/wp-json\/wp\/v2\/product_brand?post=710878"},{"taxonomy":"product_cat","embeddable":true,"href":"https:\/\/roveyayinevi.com.tr\/index.php\/wp-json\/wp\/v2\/product_cat?post=710878"},{"taxonomy":"product_tag","embeddable":true,"href":"https:\/\/roveyayinevi.com.tr\/index.php\/wp-json\/wp\/v2\/product_tag?post=710878"}],"curies":[{"name":"wp","href":"https:\/\/api.w.org\/{rel}","templated":true}]}}