{"id":710877,"date":"2025-08-27T16:40:09","date_gmt":"2025-08-27T13:40:09","guid":{"rendered":"https:\/\/roveyayinevi.com.tr\/index.php\/urun\/dev-havuc\/"},"modified":"2026-04-16T02:19:27","modified_gmt":"2026-04-15T23:19:27","slug":"dev-havuc","status":"publish","type":"product","link":"https:\/\/roveyayinevi.com.tr\/index.php\/urun\/dev-havuc\/","title":{"rendered":"Dev Havu\u00e7"},"content":{"rendered":"<p>Ya\u011fmurlar\u0131n dinmedi\u011fi bir yerde ge\u00e7imini havu\u00e7 yeti\u015ftirereksa\u011flayan bir \u00e7ift\u00e7i varm\u0131\u015f. \u00c7ift\u00e7i havu\u00e7larla ba\u015fka \u015feyler deyap\u0131labilece\u011fini biliyordu. Bir g\u00fcn o kadar b\u00fcy\u00fck, o kadar b\u00fcy\u00fckbir havu\u00e7 yeti\u015ftirdi ki ne yapaca\u011f\u0131n\u0131 bilemedi.Bu hik\u00e2yede hi\u00e7bir havu\u00e7 zarar g\u00f6rmemi\u015ftir!. <\/p>\n","protected":false},"excerpt":{"rendered":"<p>Ya\u011fmurlar\u0131n dinmedi\u011fi bir yerde ge\u00e7imini havu\u00e7 yeti\u015ftirereksa\u011flayan bir \u00e7ift\u00e7i varm\u0131\u015f. \u00c7ift\u00e7i havu\u00e7larla ba\u015fka \u015feyler deyap\u0131labilece\u011fini biliyordu. Bir g\u00fcn o kadar b\u00fcy\u00fck, o kadar b\u00fcy\u00fckbir havu\u00e7 yeti\u015ftirdi<span class=\"excerpt-hellip\"> [\u2026]<\/span><\/p>\n","protected":false},"featured_media":0,"template":"","meta":{"_monsterinsights_skip_tracking":false,"_monsterinsights_sitenote_active":false,"_monsterinsights_sitenote_note":"","_monsterinsights_sitenote_category":0},"product_brand":[],"product_cat":[12274,12518],"product_tag":[],"class_list":{"0":"post-710877","1":"product","2":"type-product","3":"status-publish","5":"product_cat-cocuk-ve-genclik-kitaplari","6":"product_cat-okul-oncesi-kitaplar","7":"pa_cilt-ciltsiz","8":"pa_tur-kitap","9":"pa_yayinevi-hep-kitap","10":"pa_yazar-gokce-irten","12":"first","13":"instock","14":"sale","15":"shipping-taxable","16":"purchasable","17":"product-type-simple"},"_links":{"self":[{"href":"https:\/\/roveyayinevi.com.tr\/index.php\/wp-json\/wp\/v2\/product\/710877","targetHints":{"allow":["GET"]}}],"collection":[{"href":"https:\/\/roveyayinevi.com.tr\/index.php\/wp-json\/wp\/v2\/product"}],"about":[{"href":"https:\/\/roveyayinevi.com.tr\/index.php\/wp-json\/wp\/v2\/types\/product"}],"wp:attachment":[{"href":"https:\/\/roveyayinevi.com.tr\/index.php\/wp-json\/wp\/v2\/media?parent=710877"}],"wp:term":[{"taxonomy":"product_brand","embeddable":true,"href":"https:\/\/roveyayinevi.com.tr\/index.php\/wp-json\/wp\/v2\/product_brand?post=710877"},{"taxonomy":"product_cat","embeddable":true,"href":"https:\/\/roveyayinevi.com.tr\/index.php\/wp-json\/wp\/v2\/product_cat?post=710877"},{"taxonomy":"product_tag","embeddable":true,"href":"https:\/\/roveyayinevi.com.tr\/index.php\/wp-json\/wp\/v2\/product_tag?post=710877"}],"curies":[{"name":"wp","href":"https:\/\/api.w.org\/{rel}","templated":true}]}}