{"id":710876,"date":"2025-08-27T16:40:08","date_gmt":"2025-08-27T13:40:08","guid":{"rendered":"https:\/\/roveyayinevi.com.tr\/index.php\/urun\/kirmizi-piyano\/"},"modified":"2026-04-16T02:19:27","modified_gmt":"2026-04-15T23:19:27","slug":"kirmizi-piyano","status":"publish","type":"product","link":"https:\/\/roveyayinevi.com.tr\/index.php\/urun\/kirmizi-piyano\/","title":{"rendered":"K\u0131rm\u0131z\u0131 Piyano"},"content":{"rendered":"<p>\u201cS\u0131n\u0131r bilmeyen bir t\u00fcrde s\u0131n\u0131r tan\u0131madan yazan Malerman, yirminci y\u00fczy\u0131l\u0131n b\u00fcy\u00fck korku ustalar\u0131 Shirley Jackson ve Robert Aickman\u2019\u0131n yapt\u0131\u011f\u0131 gibi deh\u015feti ve t\u00fcyler \u00fcrperten tuhafl\u0131\u011f\u0131 anlatmay\u0131 \u00e7ok iyi ba\u015far\u0131yor. Bu son roman\u0131n\u0131 da okurlar \u00e7ok sevecek.\u201d \u2013Library Journal (starred review)   \u201cJosh Malerman\u2019\u0131n Kafes\u2019i beklenmedik ve deh\u015fet vericiydi. Korku okurlar\u0131 K\u0131rm\u0131z\u0131 Piyano\u2019da da benzer hisleri ya\u015fayacak.\u201d \u2013Booklist   \u201cMalerman\u2019\u0131n yarat\u0131c\u0131l\u0131\u011f\u0131na s\u00f6ylenecek tek s\u00f6z yok. Yazar\u0131n rahats\u0131z edici, korku veren, karanl\u0131k ve s\u00fcr\u00fckleyici ikinci roman\u0131 ise bu y\u0131l i\u00e7erisinde okuyaca\u011f\u0131n\u0131z en s\u0131rad\u0131\u015f\u0131 kitaplardan biri olacak.\u201d \u2013Kirkus   \u201cMalerman\u2019\u0131n \u00fcslubu heyecan verici bir deneyim sunuyor. Konu ne kadar gerginse, yazar\u0131n \u00fcslubu da o kadar kusursuz.\u201d \u2013NPR   SESE KULAK VERME   KAFES K\u0130TABININ \u00c7OKSATAN YAZARI JOSH MALERMAN\u2019DAN BENZERS\u0130Z B\u0130R G\u0130ZEM ROMANI.   \u00c7\u00f6lde ke\u015ffedilen, kayna\u011f\u0131 belirlenemeyen bir ses\u2026   Philip Tonka ve grubu The Danes\u2019in bir sonraki hit \u015fark\u0131lar\u0131 i\u00e7in umutsuzca ilham arama \u00e7abalar\u0131, Amerikan ordusundan bir generalin ziyaretiyle b\u00f6l\u00fcnm\u00fc\u015ft\u00fc. Bir Afrika \u00e7\u00f6l\u00fcnde n\u00fckleer silahlar\u0131 bile etkisiz hale getirebilen bir ses ke\u015ffeden Amerikan ordusu, bu sesin kayna\u011f\u0131n\u0131 bulmak i\u00e7in Philip ve arkada\u015flar\u0131n\u0131 bir g\u00f6reve g\u00f6ndermek istiyordu. Bu ke\u015fif yolculu\u011fu, k\u0131zg\u0131n \u00e7\u00f6l kumlar\u0131 aras\u0131nda g\u00f6m\u00fcl\u00fc kalm\u0131\u015f bir gizemin kalbine yap\u0131lan bir yolculu\u011fa d\u00f6n\u00fc\u015fecekti.   Amerika\u2019da, g\u00f6zlerden sakl\u0131 bir hastanede Ellen isimli bir hem\u015fire, v\u00fccudundaki t\u00fcm kemikleri k\u0131r\u0131lm\u0131\u015f bir hastaya bak\u0131c\u0131l\u0131k yap\u0131yordu. Hasta bu \u015fekilde nas\u0131l yaraland\u0131\u011f\u0131 bilmiyordu fakat v\u00fccudu mucizevi bir h\u0131zda iyile\u015fiyordu. Ba\u015f\u0131na gelenler hakk\u0131nda her ge\u00e7en daha \u00e7ok \u015feyi hat\u0131rlayan bu gizemli hasta, Ellen\u2019\u0131 hi\u00e7 beklemedi\u011fi bir yola sokacakt\u0131. Peki bu gizemli hastan\u0131n Afrika\u2019daki olaylarla ne gibi bir ilgisi vard\u0131r? <\/p>\n","protected":false},"excerpt":{"rendered":"<p>\u201cS\u0131n\u0131r bilmeyen bir t\u00fcrde s\u0131n\u0131r tan\u0131madan yazan Malerman, yirminci y\u00fczy\u0131l\u0131n b\u00fcy\u00fck korku ustalar\u0131 Shirley Jackson ve Robert Aickman\u2019\u0131n yapt\u0131\u011f\u0131 gibi deh\u015feti ve t\u00fcyler \u00fcrperten tuhafl\u0131\u011f\u0131 anlatmay\u0131<span class=\"excerpt-hellip\"> [\u2026]<\/span><\/p>\n","protected":false},"featured_media":0,"template":"","meta":{"_monsterinsights_skip_tracking":false,"_monsterinsights_sitenote_active":false,"_monsterinsights_sitenote_note":"","_monsterinsights_sitenote_category":0},"product_brand":[],"product_cat":[12291,17033],"product_tag":[],"class_list":{"0":"post-710876","1":"product","2":"type-product","3":"status-publish","5":"product_cat-edebiyat","6":"product_cat-korku-gerilim","7":"pa_cilt-ciltsiz","8":"pa_tur-kitap","9":"pa_yayinevi-ithaki-yayinlari","10":"pa_yazar-josh-malerman","12":"first","13":"instock","14":"sale","15":"shipping-taxable","16":"purchasable","17":"product-type-simple"},"_links":{"self":[{"href":"https:\/\/roveyayinevi.com.tr\/index.php\/wp-json\/wp\/v2\/product\/710876","targetHints":{"allow":["GET"]}}],"collection":[{"href":"https:\/\/roveyayinevi.com.tr\/index.php\/wp-json\/wp\/v2\/product"}],"about":[{"href":"https:\/\/roveyayinevi.com.tr\/index.php\/wp-json\/wp\/v2\/types\/product"}],"wp:attachment":[{"href":"https:\/\/roveyayinevi.com.tr\/index.php\/wp-json\/wp\/v2\/media?parent=710876"}],"wp:term":[{"taxonomy":"product_brand","embeddable":true,"href":"https:\/\/roveyayinevi.com.tr\/index.php\/wp-json\/wp\/v2\/product_brand?post=710876"},{"taxonomy":"product_cat","embeddable":true,"href":"https:\/\/roveyayinevi.com.tr\/index.php\/wp-json\/wp\/v2\/product_cat?post=710876"},{"taxonomy":"product_tag","embeddable":true,"href":"https:\/\/roveyayinevi.com.tr\/index.php\/wp-json\/wp\/v2\/product_tag?post=710876"}],"curies":[{"name":"wp","href":"https:\/\/api.w.org\/{rel}","templated":true}]}}