{"id":710875,"date":"2025-08-27T16:40:08","date_gmt":"2025-08-27T13:40:08","guid":{"rendered":"https:\/\/roveyayinevi.com.tr\/index.php\/urun\/av-sifaci\/"},"modified":"2026-04-16T02:19:27","modified_gmt":"2026-04-15T23:19:27","slug":"av-sifaci","status":"publish","type":"product","link":"https:\/\/roveyayinevi.com.tr\/index.php\/urun\/av-sifaci\/","title":{"rendered":"Av \u2013 \u015eifac\u0131"},"content":{"rendered":"<p>AV TANITIMI: Bir cad\u0131 ile hortlak. Biri kanl\u0131 canl\u0131, di\u011feri \u00f6l\u00fc. Fifer ve Schuyler\u2019\u0131n ili\u015fkisi s\u0131rad\u0131\u015f\u0131 say\u0131l\u0131rd\u0131. Baz\u0131lar\u0131 mutlu bir sonla bitmeyece\u011fini bile iddia edebilirdi. Fakat birbirlerinden ne kadar uzak kalmaya \u00e7al\u0131\u015fsalar da, bir \u015feyler tekrar bir araya gelmelerine sebep oluyordu. Derken aralar\u0131na, birbirlerine kar\u015f\u0131 duyduklar\u0131 \u00e7ekimden daha g\u00fc\u00e7l\u00fc bir \u015fey girdi: Anglia\u2019n\u0131n en g\u00fc\u00e7l\u00fc adam\u0131 Blackwell, Schuyler\u2019a bir g\u00f6rev verdi. Sahibini yenilmez k\u0131lan efsanevi bir k\u0131l\u0131\u00e7, Anglia\u2019da bir yerde sakl\u0131 duruyordu ve Schuyler\u2019\u0131n onu bulmas\u0131 gerekiyordu. Bu s\u0131rada Fifer, Harrow\u2019da b\u00fcy\u00fc \u00e7al\u0131\u015f\u0131yordu ama bir yandan kalbini kapt\u0131rd\u0131\u011f\u0131 ki\u015fi i\u00e7in endi\u015felenmeden edemiyordu. Schuyler haftalard\u0131r kay\u0131pt\u0131 ve Fifer, onu bulabilecek ya da bulmak isteyecek kadar umursayacak tek ki\u015fiydi.   \u015e\u0130FACI TANITIMI: Anglia\u2019n\u0131n en yetenekli ve gen\u00e7 \u015fifac\u0131lar\u0131ndan John Raleigh, kendi k\u0131r\u0131k kalbi d\u0131\u015f\u0131nda her hastal\u0131\u011f\u0131 tedavi edebilirdi. Annesi ve k\u0131z karde\u015fi b\u00fcy\u00fc yapt\u0131klar\u0131 i\u00e7in yak\u0131ld\u0131\u011f\u0131ndan beri John, gecelerini k\u00e2buslarda bo\u011fularak, g\u00fcnlerini ise melankoli i\u00e7inde ge\u00e7iriyordu. Ta ki, hi\u00e7bir \u015fifac\u0131n\u0131n tedavi edemedi\u011fi gizemli bir hastal\u0131\u011f\u0131n pen\u00e7esine d\u00fc\u015fm\u00fc\u015f, krall\u0131\u011f\u0131n en g\u00fc\u00e7l\u00fc b\u00fcy\u00fcc\u00fcs\u00fc Nicholas Perevil\u2019in yan\u0131na \u00e7a\u011f\u0131r\u0131lana dek. John bunun s\u0131radan bir hastal\u0131k olmad\u0131\u011f\u0131n\u0131 hemen anlam\u0131\u015ft\u0131. Nicholas tehlikeli bir lanet y\u00fcz\u00fcnden gittik\u00e7e k\u00f6t\u00fcle\u015fiyordu ve tedavisi i\u00e7in bulduklar\u0131 tek ipucu bir isimdi: Elizabeth Grey. Bu k\u0131z kimdi ve b\u00f6ylesine karanl\u0131k bir b\u00fcy\u00fcye nas\u0131l bula\u015fm\u0131\u015ft\u0131? \u00d6l\u00fcm d\u00f6\u015fe\u011findeki k\u0131z\u0131 saray\u0131n hapishanesinden kurtar\u0131p getirdiklerinde, John akl\u0131ndaki t\u00fcm sorular\u0131 bir kenara koyarak Elizabeth ve Nicholas\u2019\u0131 kurtarmaya \u00e7al\u0131\u015facakt\u0131. Belki de bu s\u0131rada kalbini de kurtarabilirdi. <\/p>\n","protected":false},"excerpt":{"rendered":"<p>AV TANITIMI: Bir cad\u0131 ile hortlak. Biri kanl\u0131 canl\u0131, di\u011feri \u00f6l\u00fc. Fifer ve Schuyler\u2019\u0131n ili\u015fkisi s\u0131rad\u0131\u015f\u0131 say\u0131l\u0131rd\u0131. Baz\u0131lar\u0131 mutlu bir sonla bitmeyece\u011fini bile iddia edebilirdi. Fakat<span class=\"excerpt-hellip\"> [\u2026]<\/span><\/p>\n","protected":false},"featured_media":0,"template":"","meta":{"_monsterinsights_skip_tracking":false,"_monsterinsights_sitenote_active":false,"_monsterinsights_sitenote_note":"","_monsterinsights_sitenote_category":0},"product_brand":[],"product_cat":[12291,14777],"product_tag":[],"class_list":{"0":"post-710875","1":"product","2":"type-product","3":"status-publish","5":"product_cat-edebiyat","6":"product_cat-fantastik","7":"pa_cilt-ciltli","8":"pa_tur-kitap","9":"pa_yayinevi-yabanci-yayinevi","10":"pa_yazar-virginia-boecker","12":"first","13":"instock","14":"sale","15":"shipping-taxable","16":"purchasable","17":"product-type-simple"},"_links":{"self":[{"href":"https:\/\/roveyayinevi.com.tr\/index.php\/wp-json\/wp\/v2\/product\/710875","targetHints":{"allow":["GET"]}}],"collection":[{"href":"https:\/\/roveyayinevi.com.tr\/index.php\/wp-json\/wp\/v2\/product"}],"about":[{"href":"https:\/\/roveyayinevi.com.tr\/index.php\/wp-json\/wp\/v2\/types\/product"}],"wp:attachment":[{"href":"https:\/\/roveyayinevi.com.tr\/index.php\/wp-json\/wp\/v2\/media?parent=710875"}],"wp:term":[{"taxonomy":"product_brand","embeddable":true,"href":"https:\/\/roveyayinevi.com.tr\/index.php\/wp-json\/wp\/v2\/product_brand?post=710875"},{"taxonomy":"product_cat","embeddable":true,"href":"https:\/\/roveyayinevi.com.tr\/index.php\/wp-json\/wp\/v2\/product_cat?post=710875"},{"taxonomy":"product_tag","embeddable":true,"href":"https:\/\/roveyayinevi.com.tr\/index.php\/wp-json\/wp\/v2\/product_tag?post=710875"}],"curies":[{"name":"wp","href":"https:\/\/api.w.org\/{rel}","templated":true}]}}