{"id":710872,"date":"2025-08-27T16:40:06","date_gmt":"2025-08-27T13:40:06","guid":{"rendered":"https:\/\/roveyayinevi.com.tr\/index.php\/urun\/eski-cinde-dinler\/"},"modified":"2026-04-16T02:19:27","modified_gmt":"2026-04-15T23:19:27","slug":"eski-cinde-dinler","status":"publish","type":"product","link":"https:\/\/roveyayinevi.com.tr\/index.php\/urun\/eski-cinde-dinler\/","title":{"rendered":"Eski \u00c7in&#8217;de Dinler"},"content":{"rendered":"<p>\u201cEvrene dair meseleler \u00c7inli filozoflar i\u00e7in hi\u00e7bir zaman zorluk te\u015fkil etmedi. Her \u015fey ba\u015flamadan \u00f6nce Hi\u00e7lik vard\u0131. Y\u0131llar ge\u00e7tik\u00e7e Hi\u00e7lik, Birlik\u2019e d\u00f6n\u00fc\u015ft\u00fc, B\u00fcy\u00fck Monad haline geldi. Daha uzun bir s\u00fcre sonra B\u00fcy\u00fck Monad, temelde Erkek ve Di\u015fi olmak \u00fczere do\u011fa i\u00e7erisinde \u0130kilik yaratt\u0131 ve sonra, biyolojik t\u00fcreme s\u00fcreciyle birlikte g\u00f6r\u00fcn\u00fcr bir evren var oldu.\u201d \u00c7in mitolojisinde genel m\u00e2n\u00e2da kabul g\u00f6ren bu yarat\u0131l\u0131\u015f mitine g\u00f6re her \u015fey b\u00f6yle ba\u015flad\u0131. \u0130lk varl\u0131kt\u0131 k\u00e2inat\u0131 yaratan P\u2019anKu. Sonra insanlar tabiat\u0131 g\u00f6zlemledi, kendi eylem ve davran\u0131\u015flar\u0131n\u0131 do\u011fal olaylara benzetmeye \u00e7al\u0131\u015ft\u0131; korktu\u011fu, yaranmaya \u00e7al\u0131\u015ft\u0131\u011f\u0131 Tanr\u0131lar var etti, kimi zaman soyuttular, fakat \u00e7o\u011funlukla insan suretinde ve \u00f6zellikle de erkek, baba fig\u00fcrlerine sahip(ti)ler. Devaml\u0131 kehanetlerde bulunuldu, methiyeler d\u00fcz\u00fcld\u00fc, kurbanlar adand\u0131, h\u00fcrmeti ortaya koymak ad\u0131na rit\u00fceller sergilendi\u2026 Sonra bilinmezcilik benimsendi, Tanr\u0131lar bir yana art\u0131k onlar\u0131n el\u00e7ileri de belirmi\u015fti, daha fazla insan ve hayvan kurban edildi, \u00e7ok Tanr\u0131 tek Tanr\u0131 oldu\u2026 \u0130\u015fte b\u00f6ylece tamamen kendinden farkl\u0131 oldu\u011funu d\u00fc\u015f\u00fcnd\u00fc\u011f\u00fc \u00c7in\u2019le b\u00fcy\u00fck ortak noktalar buldu Bat\u0131. Birbirine uzak oldu\u011fu farzedilen noktalar aras\u0131ndaki ba\u011f\u0131 kurmada \u00f6nemli bir rol\u00fc olan ve \u00c7in dinlerine dair Bat\u0131\u2019da 20. y\u00fczy\u0131lda yap\u0131lan ilk \u00e7al\u0131\u015fmalardan biri Eski \u00c7in\u2019de Dinler. <\/p>\n","protected":false},"excerpt":{"rendered":"<p>\u201cEvrene dair meseleler \u00c7inli filozoflar i\u00e7in hi\u00e7bir zaman zorluk te\u015fkil etmedi. Her \u015fey ba\u015flamadan \u00f6nce Hi\u00e7lik vard\u0131. Y\u0131llar ge\u00e7tik\u00e7e Hi\u00e7lik, Birlik\u2019e d\u00f6n\u00fc\u015ft\u00fc, B\u00fcy\u00fck Monad haline geldi.<span class=\"excerpt-hellip\"> [\u2026]<\/span><\/p>\n","protected":false},"featured_media":0,"template":"","meta":{"_monsterinsights_skip_tracking":false,"_monsterinsights_sitenote_active":false,"_monsterinsights_sitenote_note":"","_monsterinsights_sitenote_category":0},"product_brand":[],"product_cat":[12718,16794],"product_tag":[],"class_list":{"0":"post-710872","1":"product","2":"type-product","3":"status-publish","5":"product_cat-din","6":"product_cat-dinler-tarihi","7":"pa_cilt-ciltsiz","8":"pa_tur-kitap","9":"pa_yayinevi-dogu-bati-yayinlari","10":"pa_yazar-herbert-allen-giles","12":"first","13":"instock","14":"sale","15":"shipping-taxable","16":"purchasable","17":"product-type-simple"},"_links":{"self":[{"href":"https:\/\/roveyayinevi.com.tr\/index.php\/wp-json\/wp\/v2\/product\/710872","targetHints":{"allow":["GET"]}}],"collection":[{"href":"https:\/\/roveyayinevi.com.tr\/index.php\/wp-json\/wp\/v2\/product"}],"about":[{"href":"https:\/\/roveyayinevi.com.tr\/index.php\/wp-json\/wp\/v2\/types\/product"}],"wp:attachment":[{"href":"https:\/\/roveyayinevi.com.tr\/index.php\/wp-json\/wp\/v2\/media?parent=710872"}],"wp:term":[{"taxonomy":"product_brand","embeddable":true,"href":"https:\/\/roveyayinevi.com.tr\/index.php\/wp-json\/wp\/v2\/product_brand?post=710872"},{"taxonomy":"product_cat","embeddable":true,"href":"https:\/\/roveyayinevi.com.tr\/index.php\/wp-json\/wp\/v2\/product_cat?post=710872"},{"taxonomy":"product_tag","embeddable":true,"href":"https:\/\/roveyayinevi.com.tr\/index.php\/wp-json\/wp\/v2\/product_tag?post=710872"}],"curies":[{"name":"wp","href":"https:\/\/api.w.org\/{rel}","templated":true}]}}