{"id":710871,"date":"2025-08-27T16:40:06","date_gmt":"2025-08-27T13:40:06","guid":{"rendered":"https:\/\/roveyayinevi.com.tr\/index.php\/urun\/esas-mesele-idi-fiil\/"},"modified":"2026-02-03T02:30:47","modified_gmt":"2026-02-02T23:30:47","slug":"esas-mesele-idi-fiil","status":"publish","type":"product","link":"https:\/\/roveyayinevi.com.tr\/index.php\/urun\/esas-mesele-idi-fiil\/","title":{"rendered":"Esas Mesele \u0130di Fiil"},"content":{"rendered":"<p>Ba\u015fka bir \u015fey ke\u015ffetseydik Belki d\u00fcnya daha ba\u015fka olurdu   Belki de daha k\u00f6t\u00fc olabilirdi   O halde tekerle\u011fi iyi ki ke\u015ffetmi\u015fiz Yoksa kutular\u0131 tekerleklere ba\u011flay\u0131p t\u0131rrrr F\u0131rrrrr uzaklara gidemezdik hi\u00e7 <\/p>\n","protected":false},"excerpt":{"rendered":"<p>Ba\u015fka bir \u015fey ke\u015ffetseydik Belki d\u00fcnya daha ba\u015fka olurdu Belki de daha k\u00f6t\u00fc olabilirdi O halde tekerle\u011fi iyi ki ke\u015ffetmi\u015fiz Yoksa kutular\u0131 tekerleklere ba\u011flay\u0131p t\u0131rrrr F\u0131rrrrr<span class=\"excerpt-hellip\"> [\u2026]<\/span><\/p>\n","protected":false},"featured_media":0,"template":"","meta":{"_monsterinsights_skip_tracking":false,"_monsterinsights_sitenote_active":false,"_monsterinsights_sitenote_note":"","_monsterinsights_sitenote_category":0},"product_brand":[],"product_cat":[12291,12711],"product_tag":[],"class_list":{"0":"post-710871","1":"product","2":"type-product","3":"status-publish","5":"product_cat-edebiyat","6":"product_cat-roman-oyku","7":"pa_cilt-ciltsiz","8":"pa_tur-kitap","9":"pa_yayinevi-can-yayinlari","10":"pa_yazar-komet","12":"first","13":"instock","14":"sale","15":"shipping-taxable","16":"purchasable","17":"product-type-simple"},"_links":{"self":[{"href":"https:\/\/roveyayinevi.com.tr\/index.php\/wp-json\/wp\/v2\/product\/710871","targetHints":{"allow":["GET"]}}],"collection":[{"href":"https:\/\/roveyayinevi.com.tr\/index.php\/wp-json\/wp\/v2\/product"}],"about":[{"href":"https:\/\/roveyayinevi.com.tr\/index.php\/wp-json\/wp\/v2\/types\/product"}],"wp:attachment":[{"href":"https:\/\/roveyayinevi.com.tr\/index.php\/wp-json\/wp\/v2\/media?parent=710871"}],"wp:term":[{"taxonomy":"product_brand","embeddable":true,"href":"https:\/\/roveyayinevi.com.tr\/index.php\/wp-json\/wp\/v2\/product_brand?post=710871"},{"taxonomy":"product_cat","embeddable":true,"href":"https:\/\/roveyayinevi.com.tr\/index.php\/wp-json\/wp\/v2\/product_cat?post=710871"},{"taxonomy":"product_tag","embeddable":true,"href":"https:\/\/roveyayinevi.com.tr\/index.php\/wp-json\/wp\/v2\/product_tag?post=710871"}],"curies":[{"name":"wp","href":"https:\/\/api.w.org\/{rel}","templated":true}]}}