{"id":710868,"date":"2025-08-27T16:40:04","date_gmt":"2025-08-27T13:40:04","guid":{"rendered":"https:\/\/roveyayinevi.com.tr\/index.php\/urun\/kokenler-labirenti-pera-gunlukleri-5\/"},"modified":"2026-04-16T02:19:27","modified_gmt":"2026-04-15T23:19:27","slug":"kokenler-labirenti-pera-gunlukleri-5","status":"publish","type":"product","link":"https:\/\/roveyayinevi.com.tr\/index.php\/urun\/kokenler-labirenti-pera-gunlukleri-5\/","title":{"rendered":"K\u00f6kenler Labirenti \u2013 Pera G\u00fcnl\u00fckleri 5"},"content":{"rendered":"<p>Lusin, Marmara Denizi\u2019nin derinliklerinde yatan Labirent\u2019te bilinmez bir gelece\u011fe ve y\u00fczle\u015fmek zorunda oldu\u011fu bir ge\u00e7mi\u015fe do\u011fru yol al\u0131rken, Ran, Rudabe ve Hakan, \u0130stanbul\u2019un farkl\u0131 \u00e7a\u011flar\u0131na yapt\u0131klar\u0131 yolculuklardan yepyeni cevaplarla d\u00f6n\u00fcyor. Halk\u0131n\u0131 kurtarmaya \u00e7al\u0131\u015fan Arietis, beklenmedik bir s\u0131rr\u0131n bek\u00e7ili\u011fini \u00fcstleniyor. Galata sokaklar\u0131nda gerginlik artarken, Soy ve Konsey aras\u0131ndaki sava\u015f son d\u00f6nemece giriyor. \u0130pu\u00e7lar\u0131 bizi her \u015feyin ba\u015flang\u0131c\u0131na, k\u00f6kenlere g\u00f6t\u00fcrd\u00fc\u011f\u00fcnde ise, s\u0131rlar bir olup ayn\u0131 soruyu ayd\u0131nlat\u0131yor: Yoksa her \u015fey bir Masal m\u0131? Tarihi ve bug\u00fcn\u00fc fantastik kurgularla bulu\u015fturan Delal Arya\u2019n\u0131n gizemlerle \u00f6r\u00fcl\u00fc dizisi \u201cPera G\u00fcnl\u00fckleri\u201d be\u015finci kitapla sona eriyor. Okurlarda ara\u015ft\u0131rma ve tarih merak\u0131n\u0131 k\u00f6r\u00fckleyen dizinin son kitab\u0131, insan\u0131n en \u00e7ok zarar verdi\u011fi \u015feyin yine kendi \u00f6yk\u00fcs\u00fc oldu\u011funu hat\u0131rlat\u0131yor. <\/p>\n","protected":false},"excerpt":{"rendered":"<p>Lusin, Marmara Denizi\u2019nin derinliklerinde yatan Labirent\u2019te bilinmez bir gelece\u011fe ve y\u00fczle\u015fmek zorunda oldu\u011fu bir ge\u00e7mi\u015fe do\u011fru yol al\u0131rken, Ran, Rudabe ve Hakan, \u0130stanbul\u2019un farkl\u0131 \u00e7a\u011flar\u0131na yapt\u0131klar\u0131<span class=\"excerpt-hellip\"> [\u2026]<\/span><\/p>\n","protected":false},"featured_media":0,"template":"","meta":{"_monsterinsights_skip_tracking":false,"_monsterinsights_sitenote_active":false,"_monsterinsights_sitenote_note":"","_monsterinsights_sitenote_category":0},"product_brand":[],"product_cat":[12291,14777],"product_tag":[],"class_list":{"0":"post-710868","1":"product","2":"type-product","3":"status-publish","5":"product_cat-edebiyat","6":"product_cat-fantastik","7":"pa_cilt-ciltsiz","8":"pa_tur-kitap","9":"pa_yayinevi-can-cocuk-yayinlari","10":"pa_yazar-delal-arya","12":"first","13":"instock","14":"sale","15":"shipping-taxable","16":"purchasable","17":"product-type-simple"},"_links":{"self":[{"href":"https:\/\/roveyayinevi.com.tr\/index.php\/wp-json\/wp\/v2\/product\/710868","targetHints":{"allow":["GET"]}}],"collection":[{"href":"https:\/\/roveyayinevi.com.tr\/index.php\/wp-json\/wp\/v2\/product"}],"about":[{"href":"https:\/\/roveyayinevi.com.tr\/index.php\/wp-json\/wp\/v2\/types\/product"}],"wp:attachment":[{"href":"https:\/\/roveyayinevi.com.tr\/index.php\/wp-json\/wp\/v2\/media?parent=710868"}],"wp:term":[{"taxonomy":"product_brand","embeddable":true,"href":"https:\/\/roveyayinevi.com.tr\/index.php\/wp-json\/wp\/v2\/product_brand?post=710868"},{"taxonomy":"product_cat","embeddable":true,"href":"https:\/\/roveyayinevi.com.tr\/index.php\/wp-json\/wp\/v2\/product_cat?post=710868"},{"taxonomy":"product_tag","embeddable":true,"href":"https:\/\/roveyayinevi.com.tr\/index.php\/wp-json\/wp\/v2\/product_tag?post=710868"}],"curies":[{"name":"wp","href":"https:\/\/api.w.org\/{rel}","templated":true}]}}