{"id":710864,"date":"2025-08-27T16:40:02","date_gmt":"2025-08-27T13:40:02","guid":{"rendered":"https:\/\/roveyayinevi.com.tr\/index.php\/urun\/ara-alem-3-yeniden-dogus-ciltli\/"},"modified":"2026-04-16T02:19:27","modified_gmt":"2026-04-15T23:19:27","slug":"ara-alem-3-yeniden-dogus-ciltli","status":"publish","type":"product","link":"https:\/\/roveyayinevi.com.tr\/index.php\/urun\/ara-alem-3-yeniden-dogus-ciltli\/","title":{"rendered":"Ara Alem 3 : Yeniden Do\u011fu\u015f : Ciltli"},"content":{"rendered":"<p>\u00c7ocuk ve gen\u00e7lik edebiyat\u0131nda farkl\u0131 t\u00fcrlerde kaleme ald\u0131\u011f\u0131 kitaplar\u0131yla tan\u0131nan bol \u00f6d\u00fcll\u00fc yazar Miyase Sertbarut\u2019un geceleri saat \u00fc\u00e7 bu\u00e7ukta uyan\u0131p yazd\u0131\u011f\u0131 &#8220;Ara \u00c2lem&#8221; \u00fc\u00e7lemesi, okurlar\u0131n\u0131 t\u00fcyler \u00fcrpertici bir evrene s\u00fcr\u00fckleyerek, ya\u015famla \u00f6l\u00fcm aras\u0131nda as\u0131l\u0131 kalan yaln\u0131z ruhlar\u0131n hik\u00e2yesine davet ediyor. Var olu\u015f m\u00fccadelesi veren, hayata tutunmaya \u00e7al\u0131\u015fan ve bir bedene kavu\u015fmay\u0131 \u00fcmit eden farkl\u0131 zamanlara ait iki ruhun macera dolu hik\u00e2yesi Yeniden Do\u011fu\u015f bir kez daha gen\u00e7lerin favorisi olacak.Marlon, yapt\u0131\u011f\u0131 resim be\u011fenilmedi\u011fi i\u00e7in be\u015f y\u00fcz y\u0131l \u00f6nce \u00f6ld\u00fcr\u00fclen gen\u00e7 bir ressam. Ruhu, resim yapmaya devam ediyor. Canan ise g\u00fcn\u00fcm\u00fczden&#8230; Ger\u00e7ek bir bedene kavu\u015fmak i\u00e7in her yolu deniyor. Var olu\u015f ilham\u0131n\u0131 bazen mezarl\u0131ktaki bir a\u011fa\u00e7tan, bazen eski bir nak\u0131\u015ftan, bazen daha eski bir alfabeden, bazen gizemli hik\u00e2yelerden al\u0131yor. Farkl\u0131 zamanlara ait iki ruhun var olu\u015f m\u00fccadelesi birbirlerinin hik\u00e2yelerine dokunmaya ba\u015flay\u0131nca bilinmezliklerle dolu bir maceran\u0131n perdesi de aralan\u0131yor.Tudem Yay\u0131nlar\u0131 etiketiyle raflardaki yerini alan dizinin, Yeniden Do\u011fu\u015f isimli son halkas\u0131nda, okurlar\u0131n\u0131 hem d\u00fc\u015f\u00fcnd\u00fcrmeyi hem de korkutmay\u0131 ba\u015faran Sertbarut, son y\u0131llar\u0131n en cesur ve ilgi \u00e7eken gen\u00e7lik dizilerinden birine imza at\u0131yor.\u0130nsan, var olan\u0131 reddedendir; insan kendine yeniden bi\u00e7im verebilendir. <\/p>\n","protected":false},"excerpt":{"rendered":"<p>\u00c7ocuk ve gen\u00e7lik edebiyat\u0131nda farkl\u0131 t\u00fcrlerde kaleme ald\u0131\u011f\u0131 kitaplar\u0131yla tan\u0131nan bol \u00f6d\u00fcll\u00fc yazar Miyase Sertbarut\u2019un geceleri saat \u00fc\u00e7 bu\u00e7ukta uyan\u0131p yazd\u0131\u011f\u0131 &#8220;Ara \u00c2lem&#8221; \u00fc\u00e7lemesi, okurlar\u0131n\u0131 t\u00fcyler<span class=\"excerpt-hellip\"> [\u2026]<\/span><\/p>\n","protected":false},"featured_media":0,"template":"","meta":{"_monsterinsights_skip_tracking":false,"_monsterinsights_sitenote_active":false,"_monsterinsights_sitenote_note":"","_monsterinsights_sitenote_category":0},"product_brand":[],"product_cat":[12291,14777],"product_tag":[],"class_list":{"0":"post-710864","1":"product","2":"type-product","3":"status-publish","5":"product_cat-edebiyat","6":"product_cat-fantastik","7":"pa_cilt-ciltli","8":"pa_tur-kitap","9":"pa_yayinevi-tudem-yayinlari","10":"pa_yazar-miyase-sertbarut","12":"first","13":"instock","14":"sale","15":"shipping-taxable","16":"purchasable","17":"product-type-simple"},"_links":{"self":[{"href":"https:\/\/roveyayinevi.com.tr\/index.php\/wp-json\/wp\/v2\/product\/710864","targetHints":{"allow":["GET"]}}],"collection":[{"href":"https:\/\/roveyayinevi.com.tr\/index.php\/wp-json\/wp\/v2\/product"}],"about":[{"href":"https:\/\/roveyayinevi.com.tr\/index.php\/wp-json\/wp\/v2\/types\/product"}],"wp:attachment":[{"href":"https:\/\/roveyayinevi.com.tr\/index.php\/wp-json\/wp\/v2\/media?parent=710864"}],"wp:term":[{"taxonomy":"product_brand","embeddable":true,"href":"https:\/\/roveyayinevi.com.tr\/index.php\/wp-json\/wp\/v2\/product_brand?post=710864"},{"taxonomy":"product_cat","embeddable":true,"href":"https:\/\/roveyayinevi.com.tr\/index.php\/wp-json\/wp\/v2\/product_cat?post=710864"},{"taxonomy":"product_tag","embeddable":true,"href":"https:\/\/roveyayinevi.com.tr\/index.php\/wp-json\/wp\/v2\/product_tag?post=710864"}],"curies":[{"name":"wp","href":"https:\/\/api.w.org\/{rel}","templated":true}]}}