{"id":710861,"date":"2025-08-27T16:40:00","date_gmt":"2025-08-27T13:40:00","guid":{"rendered":"https:\/\/roveyayinevi.com.tr\/index.php\/urun\/dorian-greyin-portresi\/"},"modified":"2026-04-12T02:22:46","modified_gmt":"2026-04-11T23:22:46","slug":"dorian-greyin-portresi","status":"publish","type":"product","link":"https:\/\/roveyayinevi.com.tr\/index.php\/urun\/dorian-greyin-portresi\/","title":{"rendered":"Dorian Grey\u2019in Portresi"},"content":{"rendered":"<p>El de\u011fmemi\u015f bir ruha sahip olan Dorian Grey, ressam Basil Hallward taraf\u0131ndan \u00e7izilen portresini g\u00f6rd\u00fckten sonra bu saf h\u00e2linin yok olaca\u011f\u0131n\u0131 anlar ve sonsuza kadar gen\u00e7 ve g\u00fczel kalmak i\u00e7in ruhunu \u015feytana satmaya karar verir ve bu iste\u011fi ger\u00e7ekle\u015fir. Her \u015feyin bir bedeli oldu\u011fu gibi bu de\u011fi\u015f toku\u015fun bedeli de a\u011f\u0131r olacak cinstendir. Dorian Grey, \u015feytanla\u015fan ruhuyla y\u00fcz\u00fcndeki o safl\u0131\u011f\u0131 ve g\u00fczelli\u011fi yava\u015f yava\u015f kaybetmeye ve \u00e7irkinle\u015fmeye ba\u015flar. \u00d6nceleri g\u00fczelli\u011fiyle etraf\u0131ndaki herkesi etkilemeyi ba\u015farm\u0131\u015f olan Dorian Grey\u2019in portresi art\u0131k yozla\u015fmayla, k\u00f6t\u00fcl\u00fcklerle ve skandallarla yan yana durmaktad\u0131r. Yapt\u0131\u011f\u0131 bu se\u00e7imin sonu\u00e7lar\u0131 g\u00fcn ge\u00e7tik\u00e7e a\u011f\u0131rla\u015fmakta, Dorian&#8217;\u0131n zulm\u00fc ve \u015feytani h\u00e2lleri ayn\u0131 \u015fekilde artmaktad\u0131r.   \u0130ngiliz edebiyat\u0131n\u0131n ak\u0131\u015f\u0131n\u0131 etkileyen ve edebiyat d\u00fcnyas\u0131nda pek \u00e7ok tart\u0131\u015fmaya sebep olan Oscar Wilde\u2019\u0131n bu tek roman\u0131 iyi ile k\u00f6t\u00fcy\u00fc birle\u015ftiren, esteti\u011fi sorgulayan ve bir yazar olarak Wilde\u2019a \u00fcn kazand\u0131ran muhte\u015fem bir eser. <\/p>\n","protected":false},"excerpt":{"rendered":"<p>El de\u011fmemi\u015f bir ruha sahip olan Dorian Grey, ressam Basil Hallward taraf\u0131ndan \u00e7izilen portresini g\u00f6rd\u00fckten sonra bu saf h\u00e2linin yok olaca\u011f\u0131n\u0131 anlar ve sonsuza kadar gen\u00e7<span class=\"excerpt-hellip\"> [\u2026]<\/span><\/p>\n","protected":false},"featured_media":0,"template":"","meta":{"_monsterinsights_skip_tracking":false,"_monsterinsights_sitenote_active":false,"_monsterinsights_sitenote_note":"","_monsterinsights_sitenote_category":0},"product_brand":[],"product_cat":[12291,12711],"product_tag":[],"class_list":{"0":"post-710861","1":"product","2":"type-product","3":"status-publish","5":"product_cat-edebiyat","6":"product_cat-roman-oyku","7":"pa_cilt-ciltsiz","8":"pa_tur-kitap","9":"pa_yayinevi-indigo-kitap","10":"pa_yazar-oscar-wilde","12":"first","13":"instock","14":"sale","15":"shipping-taxable","16":"purchasable","17":"product-type-simple"},"_links":{"self":[{"href":"https:\/\/roveyayinevi.com.tr\/index.php\/wp-json\/wp\/v2\/product\/710861","targetHints":{"allow":["GET"]}}],"collection":[{"href":"https:\/\/roveyayinevi.com.tr\/index.php\/wp-json\/wp\/v2\/product"}],"about":[{"href":"https:\/\/roveyayinevi.com.tr\/index.php\/wp-json\/wp\/v2\/types\/product"}],"wp:attachment":[{"href":"https:\/\/roveyayinevi.com.tr\/index.php\/wp-json\/wp\/v2\/media?parent=710861"}],"wp:term":[{"taxonomy":"product_brand","embeddable":true,"href":"https:\/\/roveyayinevi.com.tr\/index.php\/wp-json\/wp\/v2\/product_brand?post=710861"},{"taxonomy":"product_cat","embeddable":true,"href":"https:\/\/roveyayinevi.com.tr\/index.php\/wp-json\/wp\/v2\/product_cat?post=710861"},{"taxonomy":"product_tag","embeddable":true,"href":"https:\/\/roveyayinevi.com.tr\/index.php\/wp-json\/wp\/v2\/product_tag?post=710861"}],"curies":[{"name":"wp","href":"https:\/\/api.w.org\/{rel}","templated":true}]}}