{"id":710858,"date":"2025-08-27T16:39:59","date_gmt":"2025-08-27T13:39:59","guid":{"rendered":"https:\/\/roveyayinevi.com.tr\/index.php\/urun\/irk-lekesi\/"},"modified":"2026-04-16T02:19:27","modified_gmt":"2026-04-15T23:19:27","slug":"irk-lekesi","status":"publish","type":"product","link":"https:\/\/roveyayinevi.com.tr\/index.php\/urun\/irk-lekesi\/","title":{"rendered":"Irk Lekesi"},"content":{"rendered":"<p>G\u00fcndelik hayatta, siyasette ve hatta bilimde s\u0131kl\u0131kla kar\u015f\u0131m\u0131za \u00e7\u0131kar, yanl\u0131\u015f bilgiyi do\u011fru sanmak ve y\u00fczeysel bir bilgiden hareketle \u201cderin\u201d ve \u0131srarc\u0131 genellemeler yapmak. Bir bilim olarak antropoloji de bu duruma maruz kal\u0131r ve bir zamanlar baz\u0131 antropologlar\u0131n \u201c\u0131rk\u201d paradigmas\u0131yla kurdu\u011fu ili\u015fki y\u00fcz\u00fcnden \u201c\u0131rkbilim\u201d olarak an\u0131lmaktan kurtulamaz. \u00c7ok fazla \u00f6n plana \u00e7\u0131kart\u0131lmasa da, asl\u0131nda yine antropoloji i\u00e7inde \u201c\u0131rk ara\u015ft\u0131rmalar\u0131na\u201d ve \u201c\u0131rk\u00e7\u0131l\u0131\u011fa\u201d kar\u015f\u0131 bilimsel duru\u015flar\u0131 ilk d\u00f6nemlerden itibaren g\u00f6zlemlemek m\u00fcmk\u00fcnd\u00fcr. Ancak antropolojinin buna ra\u011fmen \u00fcst\u00fcne sinen \u201c\u0131rk lekesi\u201dnden hen\u00fcz kurtuldu\u011fu s\u00f6ylenemez. Ayn\u0131 bilgi karma\u015fas\u0131n\u0131n T\u00fcrkiye\u2019de de oldu\u011funu d\u00fc\u015f\u00fcn\u00fcrsek, konuyu T\u00fcrkiye \u00f6rne\u011finde incelemek, \u201c\u0131rkbilim\u201d alg\u0131s\u0131n\u0131n nereden kaynakland\u0131\u011f\u0131n\u0131 bulmaya \u00e7al\u0131\u015fmak ve paradigman\u0131n tarihsel s\u00fcre\u00e7 i\u00e7erisinde g\u00f6sterdi\u011fi de\u011fi\u015fikli\u011fi takip etmek \u00f6nemlidir.Bu nedenle metinde, T\u00fcrkiye antropolojisinin kurucu fig\u00fcrleri olan ve hepsi farkl\u0131 antropoloji alanlar\u0131nda uzmanla\u015fm\u0131\u015f bilim insanlar\u0131: \u015eevket Aziz Kansu, Afet \u0130nan, Seniha Tunakan, Muzaffer S\u00fcleyman \u015eeny\u00fcrek ve Nermin Erdentu\u011f\u2019un yakla\u015f\u0131mlar\u0131, yapt\u0131klar\u0131 \u00e7al\u0131\u015fmalar ve d\u00f6nem siyaseti ekseninde analiz edildi. B\u00f6ylelikle \u201cyerli\u201d ve \u201cmilli\u201d bir bilim arzusunun \u201cevrensel\u201d ve \u201cbilimsel\u201d bilgi kar\u015f\u0131s\u0131nda s\u00f6n\u00fcmlenmesini de g\u00f6rmek m\u00fcmk\u00fcn hale geldi. Bu y\u00fczden kitap, bir taraftan antropolojiye dair do\u011fru olan\u0131 y\u00fczeysellikten kurtar\u0131p, derinle\u015ftirmeye ve ayr\u0131nt\u0131land\u0131rmaya \u00e7al\u0131\u015f\u0131rken, di\u011fer taraftan yanl\u0131\u015f bilinip genelle\u015ftirileni de d\u00fczeltmenin pe\u015findedir. <\/p>\n","protected":false},"excerpt":{"rendered":"<p>G\u00fcndelik hayatta, siyasette ve hatta bilimde s\u0131kl\u0131kla kar\u015f\u0131m\u0131za \u00e7\u0131kar, yanl\u0131\u015f bilgiyi do\u011fru sanmak ve y\u00fczeysel bir bilgiden hareketle \u201cderin\u201d ve \u0131srarc\u0131 genellemeler yapmak. Bir bilim olarak<span class=\"excerpt-hellip\"> [\u2026]<\/span><\/p>\n","protected":false},"featured_media":0,"template":"","meta":{"_monsterinsights_skip_tracking":false,"_monsterinsights_sitenote_active":false,"_monsterinsights_sitenote_note":"","_monsterinsights_sitenote_category":0},"product_brand":[],"product_cat":[15499,13488],"product_tag":[],"class_list":{"0":"post-710858","1":"product","2":"type-product","3":"status-publish","5":"product_cat-antropoloji","6":"product_cat-toplum-ve-insan","7":"pa_cilt-ciltsiz","8":"pa_tur-kitap","9":"pa_yayinevi-heretik-yayincilik","10":"pa_yazar-hasan-munusoglu","12":"first","13":"instock","14":"sale","15":"shipping-taxable","16":"purchasable","17":"product-type-simple"},"_links":{"self":[{"href":"https:\/\/roveyayinevi.com.tr\/index.php\/wp-json\/wp\/v2\/product\/710858","targetHints":{"allow":["GET"]}}],"collection":[{"href":"https:\/\/roveyayinevi.com.tr\/index.php\/wp-json\/wp\/v2\/product"}],"about":[{"href":"https:\/\/roveyayinevi.com.tr\/index.php\/wp-json\/wp\/v2\/types\/product"}],"wp:attachment":[{"href":"https:\/\/roveyayinevi.com.tr\/index.php\/wp-json\/wp\/v2\/media?parent=710858"}],"wp:term":[{"taxonomy":"product_brand","embeddable":true,"href":"https:\/\/roveyayinevi.com.tr\/index.php\/wp-json\/wp\/v2\/product_brand?post=710858"},{"taxonomy":"product_cat","embeddable":true,"href":"https:\/\/roveyayinevi.com.tr\/index.php\/wp-json\/wp\/v2\/product_cat?post=710858"},{"taxonomy":"product_tag","embeddable":true,"href":"https:\/\/roveyayinevi.com.tr\/index.php\/wp-json\/wp\/v2\/product_tag?post=710858"}],"curies":[{"name":"wp","href":"https:\/\/api.w.org\/{rel}","templated":true}]}}