{"id":710856,"date":"2025-08-27T16:39:58","date_gmt":"2025-08-27T13:39:58","guid":{"rendered":"https:\/\/roveyayinevi.com.tr\/index.php\/urun\/uc-mevsim-mektuplari\/"},"modified":"2026-04-16T02:19:27","modified_gmt":"2026-04-15T23:19:27","slug":"uc-mevsim-mektuplari","status":"publish","type":"product","link":"https:\/\/roveyayinevi.com.tr\/index.php\/urun\/uc-mevsim-mektuplari\/","title":{"rendered":"\u00dc\u00e7 Mevsim Mektuplar\u0131"},"content":{"rendered":"<p>\u00dc\u00e7 Mevsim Mektuplar\u0131. Ahmet Ero\u011flu&#8217;nun ya\u015fama ili\u015fkin denemeleri&#8230;H\u00fcz\u00fcn, umut, sevin\u00e7 ! A\u015fk ve tutku ! <\/p>\n","protected":false},"excerpt":{"rendered":"<p>\u00dc\u00e7 Mevsim Mektuplar\u0131. Ahmet Ero\u011flu&#8217;nun ya\u015fama ili\u015fkin denemeleri&#8230;H\u00fcz\u00fcn, umut, sevin\u00e7 ! A\u015fk ve tutku !<\/p>\n","protected":false},"featured_media":0,"template":"","meta":{"_monsterinsights_skip_tracking":false,"_monsterinsights_sitenote_active":false,"_monsterinsights_sitenote_note":"","_monsterinsights_sitenote_category":0},"product_brand":[],"product_cat":[12777,12291],"product_tag":[],"class_list":{"0":"post-710856","1":"product","2":"type-product","3":"status-publish","5":"product_cat-deneme","6":"product_cat-edebiyat","7":"pa_cilt-ciltsiz","8":"pa_tur-kitap","9":"pa_yayinevi-ayata-kitap","10":"pa_yazar-ahmet-eroglu","12":"first","13":"instock","14":"sale","15":"shipping-taxable","16":"purchasable","17":"product-type-simple"},"_links":{"self":[{"href":"https:\/\/roveyayinevi.com.tr\/index.php\/wp-json\/wp\/v2\/product\/710856","targetHints":{"allow":["GET"]}}],"collection":[{"href":"https:\/\/roveyayinevi.com.tr\/index.php\/wp-json\/wp\/v2\/product"}],"about":[{"href":"https:\/\/roveyayinevi.com.tr\/index.php\/wp-json\/wp\/v2\/types\/product"}],"wp:attachment":[{"href":"https:\/\/roveyayinevi.com.tr\/index.php\/wp-json\/wp\/v2\/media?parent=710856"}],"wp:term":[{"taxonomy":"product_brand","embeddable":true,"href":"https:\/\/roveyayinevi.com.tr\/index.php\/wp-json\/wp\/v2\/product_brand?post=710856"},{"taxonomy":"product_cat","embeddable":true,"href":"https:\/\/roveyayinevi.com.tr\/index.php\/wp-json\/wp\/v2\/product_cat?post=710856"},{"taxonomy":"product_tag","embeddable":true,"href":"https:\/\/roveyayinevi.com.tr\/index.php\/wp-json\/wp\/v2\/product_tag?post=710856"}],"curies":[{"name":"wp","href":"https:\/\/api.w.org\/{rel}","templated":true}]}}