{"id":710851,"date":"2025-08-27T16:39:55","date_gmt":"2025-08-27T13:39:55","guid":{"rendered":"https:\/\/roveyayinevi.com.tr\/index.php\/urun\/capulcu\/"},"modified":"2026-04-16T02:19:27","modified_gmt":"2026-04-15T23:19:27","slug":"capulcu","status":"publish","type":"product","link":"https:\/\/roveyayinevi.com.tr\/index.php\/urun\/capulcu\/","title":{"rendered":"\u00c7apulcu"},"content":{"rendered":"<p>Bu eser Gezi Olaylar\u0131 ile ilgili 2013 Y\u0131l\u0131 Temmuz\u2019unda \u00e7\u0131kan ilk ve en kapsaml\u0131 kitapt\u0131r.Yanda\u015f medya, bask\u0131 alt\u0131ndaki medya, \u00f6zg\u00fcr medya g\u00f6z\u00fcyle Gezi Olaylar\u0131n\u0131n incelendi\u011fi, konuyla ilgili her makalenin okunup, yap\u0131lan her televizyon program\u0131n\u0131n izlenip al\u0131nt\u0131land\u0131\u011f\u0131 belgesel niteli\u011findeki bu eser; Dost Kitap gibi sayg\u0131n bir kitapevinde Ay\u0131n Kitaplar\u0131 aras\u0131na girmi\u015f; D&amp;R gibi sekt\u00f6r\u00fcn en b\u00fcy\u00fck firmas\u0131n\u0131n \u201c\u00c7ok Sat\u0131lan \u0130lk On Kitap\u201d listesinde aylarca kalm\u0131\u015ft\u0131r.D\u00fcn, Tayyip Erdo\u011fan ve AKP\u2019yi me\u015frula\u015ft\u0131rma merkezinin maa\u015fl\u0131 elemanlar\u0131 gibi \u00e7al\u0131\u015fan yanda\u015flardan \u00e7o\u011fu bu g\u00fcn cezaevlerinde. Tamam\u0131na yak\u0131n\u0131 i\u015ften \u00e7\u0131kar\u0131ld\u0131. \u0130\u015fte onlardan Gezi yorumlar\u0131; \u201cBu sat\u0131rlar\u0131n yazar\u0131, Ak Parti\u2019yi iktidara getiren \u2018geni\u015f koalisyonun muhtemelen sonsuza dek sona ermi\u015f olabilece\u011fi\u2019 h\u00fckm\u00fcn\u00fc veriyor.\u201d-Cengiz \u00c7andar <\/p>\n","protected":false},"excerpt":{"rendered":"<p>Bu eser Gezi Olaylar\u0131 ile ilgili 2013 Y\u0131l\u0131 Temmuz\u2019unda \u00e7\u0131kan ilk ve en kapsaml\u0131 kitapt\u0131r.Yanda\u015f medya, bask\u0131 alt\u0131ndaki medya, \u00f6zg\u00fcr medya g\u00f6z\u00fcyle Gezi Olaylar\u0131n\u0131n incelendi\u011fi, konuyla<span class=\"excerpt-hellip\"> [\u2026]<\/span><\/p>\n","protected":false},"featured_media":0,"template":"","meta":{"_monsterinsights_skip_tracking":false,"_monsterinsights_sitenote_active":false,"_monsterinsights_sitenote_note":"","_monsterinsights_sitenote_category":0},"product_brand":[],"product_cat":[17574,13527],"product_tag":[],"class_list":{"0":"post-710851","1":"product","2":"type-product","3":"status-publish","5":"product_cat-politika","6":"product_cat-sureli-yayinlar","7":"pa_cilt-ciltsiz","8":"pa_tur-kitap","9":"pa_yayinevi-altayli-yayinlari","10":"pa_yazar-bekir-ozturk","12":"first","13":"instock","14":"sale","15":"shipping-taxable","16":"purchasable","17":"product-type-simple"},"_links":{"self":[{"href":"https:\/\/roveyayinevi.com.tr\/index.php\/wp-json\/wp\/v2\/product\/710851","targetHints":{"allow":["GET"]}}],"collection":[{"href":"https:\/\/roveyayinevi.com.tr\/index.php\/wp-json\/wp\/v2\/product"}],"about":[{"href":"https:\/\/roveyayinevi.com.tr\/index.php\/wp-json\/wp\/v2\/types\/product"}],"wp:attachment":[{"href":"https:\/\/roveyayinevi.com.tr\/index.php\/wp-json\/wp\/v2\/media?parent=710851"}],"wp:term":[{"taxonomy":"product_brand","embeddable":true,"href":"https:\/\/roveyayinevi.com.tr\/index.php\/wp-json\/wp\/v2\/product_brand?post=710851"},{"taxonomy":"product_cat","embeddable":true,"href":"https:\/\/roveyayinevi.com.tr\/index.php\/wp-json\/wp\/v2\/product_cat?post=710851"},{"taxonomy":"product_tag","embeddable":true,"href":"https:\/\/roveyayinevi.com.tr\/index.php\/wp-json\/wp\/v2\/product_tag?post=710851"}],"curies":[{"name":"wp","href":"https:\/\/api.w.org\/{rel}","templated":true}]}}