{"id":710850,"date":"2025-08-27T16:39:55","date_gmt":"2025-08-27T13:39:55","guid":{"rendered":"https:\/\/roveyayinevi.com.tr\/index.php\/urun\/paralel-kumpas\/"},"modified":"2026-04-16T02:19:27","modified_gmt":"2026-04-15T23:19:27","slug":"paralel-kumpas","status":"publish","type":"product","link":"https:\/\/roveyayinevi.com.tr\/index.php\/urun\/paralel-kumpas\/","title":{"rendered":"Paralel Kumpas"},"content":{"rendered":"<p>Ergenekon ve Balyoz Davas\u0131 san\u0131klar\u0131n\u0131n en az yar\u0131s\u0131, savunmalar\u0131 s\u0131ras\u0131nda bu davalar \u00fczerinden s\u00fcrd\u00fcr\u00fclen hukud\u0131\u015f\u0131 s\u00fcrecin, T\u00fcrk Milleti ve TSK`ya y\u00f6nelik bir kumpas, tertip, oyun, itibar infazc\u0131, oldu\u011funu resmi savunular\u0131yla tutanaklara ge\u00e7irmi\u015fti. Bu hukuksuz s\u00fcrecin 22 ay esir edilen bir ma\u011fduru olarak bende; y\u00fcr\u00fctme, yarg\u0131, kolluk ittifak\u0131 kurdunuz, Orduya, Atat\u00fcrk`e, millilere vurdunuz, Ergenekon masal\u0131, anlatt\u0131n\u0131z durdunuz, Gazeteci, yazar m\u0131? hakim mi, savc\u0131 m\u0131s\u0131n? Ne oldu\u011fu belirsiz kalle\u015f bir avc\u0131 m\u0131s\u0131n ?Dizeleri ile tespitlerimi ifade etmi\u015ftim. T\u00fcrkiye`yi bi\u00e7imlendirme projesi i\u00e7in el ele, omuz omuza \u00e7al\u0131\u015fan AKP-Cemaat paralel yap\u0131s\u0131, menfaat temelli bir sava\u015f tutu\u015funca, paralel devletin, kozlar\u0131 ve devlet g\u00fcc\u00fcn\u00fc elinde bulunduran taraf\u0131, yani AKP h\u00fck\u00fcmeti, eski ortaklar\u0131n\u0131 &#8220;illegal \u00f6rg\u00fct&#8221; ilan ediyordu. Kavga her ge\u00e7en g\u00fcn giderek b\u00fcy\u00fcrken, Cemaate devrettiklerini itiraf ettikleri Emniyet te\u015fkilat\u0131 ve F ethullah G\u00fclen`in &#8220;Hakim kiralayacaks\u0131n\u0131z&#8221; ifadelerinin gere\u011fi olarak ortaya \u00e7\u0131kan yarg\u0131 i\u00e7indeki F ethullah\u00e7\u0131 yap\u0131lanmas\u0131 tasfiye ediliyordu. Bu kitapta, en ba\u015f\u0131ndan bu yana, devletin i\u00e7inde iki de\u011fi\u015fik paralel yap\u0131lanmay\u0131 bizzat olu\u015fturan AKP ile Cemattin, bug\u00fcn ortaya \u00e7\u0131kan her\u015feyi birlikte planlad\u0131klar\u0131n\u0131 ve icra ettiklerini, &#8220;Cemaat&#8221; diyerek k\u00fc\u00e7\u00fcmsenen &#8220;paralel yap\u0131&#8221;n\u0131n sadece Cematten ibaret olmad\u0131\u011f\u0131n\u0131, AKP`nin yeni d\u00fc\u015fman\u0131n\u0131n, eski dostu C\u0130A, yani ABD oldu\u011funu okuyacaks\u0131n\u0131z. <\/p>\n","protected":false},"excerpt":{"rendered":"<p>Ergenekon ve Balyoz Davas\u0131 san\u0131klar\u0131n\u0131n en az yar\u0131s\u0131, savunmalar\u0131 s\u0131ras\u0131nda bu davalar \u00fczerinden s\u00fcrd\u00fcr\u00fclen hukud\u0131\u015f\u0131 s\u00fcrecin, T\u00fcrk Milleti ve TSK`ya y\u00f6nelik bir kumpas, tertip, oyun, itibar<span class=\"excerpt-hellip\"> [\u2026]<\/span><\/p>\n","protected":false},"featured_media":0,"template":"","meta":{"_monsterinsights_skip_tracking":false,"_monsterinsights_sitenote_active":false,"_monsterinsights_sitenote_note":"","_monsterinsights_sitenote_category":0},"product_brand":[],"product_cat":[17574,13527],"product_tag":[],"class_list":{"0":"post-710850","1":"product","2":"type-product","3":"status-publish","5":"product_cat-politika","6":"product_cat-sureli-yayinlar","7":"pa_cilt-ciltsiz","8":"pa_tur-kitap","9":"pa_yayinevi-altayli-yayinlari","10":"pa_yazar-bekir-ozturk","12":"first","13":"instock","14":"sale","15":"shipping-taxable","16":"purchasable","17":"product-type-simple"},"_links":{"self":[{"href":"https:\/\/roveyayinevi.com.tr\/index.php\/wp-json\/wp\/v2\/product\/710850","targetHints":{"allow":["GET"]}}],"collection":[{"href":"https:\/\/roveyayinevi.com.tr\/index.php\/wp-json\/wp\/v2\/product"}],"about":[{"href":"https:\/\/roveyayinevi.com.tr\/index.php\/wp-json\/wp\/v2\/types\/product"}],"wp:attachment":[{"href":"https:\/\/roveyayinevi.com.tr\/index.php\/wp-json\/wp\/v2\/media?parent=710850"}],"wp:term":[{"taxonomy":"product_brand","embeddable":true,"href":"https:\/\/roveyayinevi.com.tr\/index.php\/wp-json\/wp\/v2\/product_brand?post=710850"},{"taxonomy":"product_cat","embeddable":true,"href":"https:\/\/roveyayinevi.com.tr\/index.php\/wp-json\/wp\/v2\/product_cat?post=710850"},{"taxonomy":"product_tag","embeddable":true,"href":"https:\/\/roveyayinevi.com.tr\/index.php\/wp-json\/wp\/v2\/product_tag?post=710850"}],"curies":[{"name":"wp","href":"https:\/\/api.w.org\/{rel}","templated":true}]}}