{"id":710849,"date":"2025-08-27T16:39:55","date_gmt":"2025-08-27T13:39:55","guid":{"rendered":"https:\/\/roveyayinevi.com.tr\/index.php\/urun\/mufredat\/"},"modified":"2026-04-16T02:19:27","modified_gmt":"2026-04-15T23:19:27","slug":"mufredat","status":"publish","type":"product","link":"https:\/\/roveyayinevi.com.tr\/index.php\/urun\/mufredat\/","title":{"rendered":"M\u00fcfredat"},"content":{"rendered":"<p>AKP H\u00fck\u00fcmetlerinin en beceriksiz oldu\u011fu konular\u0131n ba\u015f\u0131nda e\u011fitim geliyor. Bu nedenle olsa gerek 15 y\u0131ld\u0131r devam eden AKP H\u00fck\u00fcmetleri e\u011fitimi Tarikat ve Cemaatlere teslim etmi\u015ftir.E\u011fitim nedir? Nas\u0131l verilmelidir? E\u011fitimin temel ve yasal dayanaklar\u0131 nelerdir? Bir \u00fclkenin kalk\u0131nmas\u0131nda e\u011fitimin rol\u00fc nedir? E\u011fitim yanda\u015f \u015firketlere, Tarikat ve Cemaatlere rant kap\u0131s\u0131 olarak nas\u0131l devredildi? T\u00fcm bu sorulara cevap aram\u0131\u015f E\u011fitimci Ara\u015ft\u0131rmac\u0131 Yazar \u0130smail Tezgel.Sadece bu mu? De\u011fil elbette.Her ge\u00e7en y\u0131l biraz daha yobazla\u015ft\u0131r\u0131lan, Atat\u00fcrk\u2019\u00fcn silinmeye \u00e7al\u0131\u015f\u0131ld\u0131\u011f\u0131, daha ilk \u00f6\u011fretim ve anas\u0131n\u0131f\u0131 \u00e7a\u011f\u0131nda \u00e7ocuklara adeta s\u00fcbyan mektebi e\u011fitimi verir gibi sa\u00e7ma sapan haz\u0131rlanan m\u00fcfredattan, her y\u0131l ayar\u0131yla oynanan, yazboz tahtas\u0131na \u00e7evrilen e\u011fitim sistemine, mucize yaratacakm\u0131\u015f gibi takdim edilerek konulan, bir y\u0131l sonra ba\u015fkalar\u0131 yapm\u0131\u015f gibi k\u00f6t\u00fcleyerek kald\u0131r\u0131lan s\u0131nav sistemlerine, e\u011fitim ile ilgili \u00e7ok \u00f6nemli konularda \u00e7ok de\u011ferli bilgileri bu kitapta okuyabilirsiniz.Sormayan, sorgulamayan, itaat eden bir nesil yeti\u015ftirmek i\u00e7in kurgulanan bu sisteme kar\u015f\u0131 durmak her T\u00fcrk Ayd\u0131n\u0131n\u0131n g\u00f6revidir. Onun i\u00e7in bu kitap \u00f6nemli ve de\u011ferlidir. <\/p>\n","protected":false},"excerpt":{"rendered":"<p>AKP H\u00fck\u00fcmetlerinin en beceriksiz oldu\u011fu konular\u0131n ba\u015f\u0131nda e\u011fitim geliyor. Bu nedenle olsa gerek 15 y\u0131ld\u0131r devam eden AKP H\u00fck\u00fcmetleri e\u011fitimi Tarikat ve Cemaatlere teslim etmi\u015ftir.E\u011fitim nedir?<span class=\"excerpt-hellip\"> [\u2026]<\/span><\/p>\n","protected":false},"featured_media":0,"template":"","meta":{"_monsterinsights_skip_tracking":false,"_monsterinsights_sitenote_active":false,"_monsterinsights_sitenote_note":"","_monsterinsights_sitenote_category":0},"product_brand":[],"product_cat":[17574,13527],"product_tag":[],"class_list":{"0":"post-710849","1":"product","2":"type-product","3":"status-publish","5":"product_cat-politika","6":"product_cat-sureli-yayinlar","7":"pa_cilt-ciltsiz","8":"pa_tur-kitap","9":"pa_yayinevi-altayli-yayinlari","10":"pa_yazar-ismail-tezgel","12":"first","13":"instock","14":"sale","15":"shipping-taxable","16":"purchasable","17":"product-type-simple"},"_links":{"self":[{"href":"https:\/\/roveyayinevi.com.tr\/index.php\/wp-json\/wp\/v2\/product\/710849","targetHints":{"allow":["GET"]}}],"collection":[{"href":"https:\/\/roveyayinevi.com.tr\/index.php\/wp-json\/wp\/v2\/product"}],"about":[{"href":"https:\/\/roveyayinevi.com.tr\/index.php\/wp-json\/wp\/v2\/types\/product"}],"wp:attachment":[{"href":"https:\/\/roveyayinevi.com.tr\/index.php\/wp-json\/wp\/v2\/media?parent=710849"}],"wp:term":[{"taxonomy":"product_brand","embeddable":true,"href":"https:\/\/roveyayinevi.com.tr\/index.php\/wp-json\/wp\/v2\/product_brand?post=710849"},{"taxonomy":"product_cat","embeddable":true,"href":"https:\/\/roveyayinevi.com.tr\/index.php\/wp-json\/wp\/v2\/product_cat?post=710849"},{"taxonomy":"product_tag","embeddable":true,"href":"https:\/\/roveyayinevi.com.tr\/index.php\/wp-json\/wp\/v2\/product_tag?post=710849"}],"curies":[{"name":"wp","href":"https:\/\/api.w.org\/{rel}","templated":true}]}}