{"id":710843,"date":"2025-08-27T16:39:51","date_gmt":"2025-08-27T13:39:51","guid":{"rendered":"https:\/\/roveyayinevi.com.tr\/index.php\/urun\/sarkimin-oykusu\/"},"modified":"2025-11-22T04:22:06","modified_gmt":"2025-11-22T01:22:06","slug":"sarkimin-oykusu","status":"publish","type":"product","link":"https:\/\/roveyayinevi.com.tr\/index.php\/urun\/sarkimin-oykusu\/","title":{"rendered":"\u015eark\u0131m\u0131n \u00d6yk\u00fcs\u00fc"},"content":{"rendered":"<p>Her \u015fark\u0131n\u0131n anlataca\u011f\u0131 bir \u00f6yk\u00fc vard\u0131r. um:ag \u0130\u00e7imdeki G\u00fcne\u015f Kitaplar\u0131, \u015fark\u0131lar\u0131n \u00f6yk\u00fcs\u00fcn\u00fc anlatan bir kitap \/ CD ile \u00e7ocuklar\u0131n kar\u015f\u0131s\u0131nda. Ay\u00e7a Nur Kipin kaleme ald\u0131\u011f\u0131 \u00f6yk\u00fcler ve besteledi\u011fi \u015fark\u0131lar \u015eark\u0131m\u0131n \u00d6yk\u00fcs\u00fc korosunca s\u00f6ylendi ve G\u00fcl Oral\u0131 Bak\u0131r&#8217;\u0131n s\u0131cac\u0131k \u00e7izimleriyle bulu\u015ftu. \u015eark\u0131m\u0131n Oyk\u00fcs\u00fc&#8217;nde sunulan 18 \u00f6yk\u00fc 18 \u00f6zg\u00fcn \u015fark\u0131yla \u00e7ocuklar\u0131m\u0131z\u0131n yaz\u0131yla beraber m\u00fczi\u011fin ritmini de hissetmelerini sa\u011fl\u0131yor. <\/p>\n","protected":false},"excerpt":{"rendered":"<p>Her \u015fark\u0131n\u0131n anlataca\u011f\u0131 bir \u00f6yk\u00fc vard\u0131r. um:ag \u0130\u00e7imdeki G\u00fcne\u015f Kitaplar\u0131, \u015fark\u0131lar\u0131n \u00f6yk\u00fcs\u00fcn\u00fc anlatan bir kitap \/ CD ile \u00e7ocuklar\u0131n kar\u015f\u0131s\u0131nda. Ay\u00e7a Nur Kipin kaleme ald\u0131\u011f\u0131 \u00f6yk\u00fcler<span class=\"excerpt-hellip\"> [\u2026]<\/span><\/p>\n","protected":false},"featured_media":0,"template":"","meta":{"_monsterinsights_skip_tracking":false,"_monsterinsights_sitenote_active":false,"_monsterinsights_sitenote_note":"","_monsterinsights_sitenote_category":0},"product_brand":[],"product_cat":[30023,13527],"product_tag":[],"class_list":{"0":"post-710843","1":"product","2":"type-product","3":"status-publish","5":"product_cat-edebiyat-sureli-yayinlar","6":"product_cat-sureli-yayinlar","7":"pa_cilt-ciltsiz","8":"pa_tur-kitap","9":"pa_yayinevi-umag-yayinevi","10":"pa_yazar-ayca-nur-kip","12":"first","13":"instock","14":"sale","15":"shipping-taxable","16":"purchasable","17":"product-type-simple"},"_links":{"self":[{"href":"https:\/\/roveyayinevi.com.tr\/index.php\/wp-json\/wp\/v2\/product\/710843","targetHints":{"allow":["GET"]}}],"collection":[{"href":"https:\/\/roveyayinevi.com.tr\/index.php\/wp-json\/wp\/v2\/product"}],"about":[{"href":"https:\/\/roveyayinevi.com.tr\/index.php\/wp-json\/wp\/v2\/types\/product"}],"wp:attachment":[{"href":"https:\/\/roveyayinevi.com.tr\/index.php\/wp-json\/wp\/v2\/media?parent=710843"}],"wp:term":[{"taxonomy":"product_brand","embeddable":true,"href":"https:\/\/roveyayinevi.com.tr\/index.php\/wp-json\/wp\/v2\/product_brand?post=710843"},{"taxonomy":"product_cat","embeddable":true,"href":"https:\/\/roveyayinevi.com.tr\/index.php\/wp-json\/wp\/v2\/product_cat?post=710843"},{"taxonomy":"product_tag","embeddable":true,"href":"https:\/\/roveyayinevi.com.tr\/index.php\/wp-json\/wp\/v2\/product_tag?post=710843"}],"curies":[{"name":"wp","href":"https:\/\/api.w.org\/{rel}","templated":true}]}}