{"id":710842,"date":"2025-08-27T16:39:51","date_gmt":"2025-08-27T13:39:51","guid":{"rendered":"https:\/\/roveyayinevi.com.tr\/index.php\/urun\/kok-hucre-diyaloglari-tibbin-sinirlarinda-felsefi-ve-bilimsel-arayislar\/"},"modified":"2026-04-16T02:19:26","modified_gmt":"2026-04-15T23:19:26","slug":"kok-hucre-diyaloglari-tibbin-sinirlarinda-felsefi-ve-bilimsel-arayislar","status":"publish","type":"product","link":"https:\/\/roveyayinevi.com.tr\/index.php\/urun\/kok-hucre-diyaloglari-tibbin-sinirlarinda-felsefi-ve-bilimsel-arayislar\/","title":{"rendered":"K\u00f6k H\u00fccre Diyaloglar\u0131: T\u0131bb\u0131n S\u0131n\u0131rlar\u0131nda Felsefi Ve Bilimsel Aray\u0131\u015flar"},"content":{"rendered":"<p>\u0130nsanl\u0131\u011f\u0131n yarar\u0131na bile olsa ara\u015ft\u0131rma u\u011fruna embriyolar\u0131 tahrip etmeye hakk\u0131m\u0131z var m\u0131? Gayriahlaki eylemlerden iyilik do\u011far m\u0131? Bedenimiz \u00fczerindeki m\u00fclki haklar\u0131m\u0131z\u0131n s\u0131n\u0131r\u0131 nereye uzan\u0131r? Onaylanmam\u0131\u015f bir tedaviyi deneme \u00f6zg\u00fcrl\u00fc\u011f\u00fcm\u00fcz var m\u0131? Biyolojinin yeni g\u00f6zdesi K\u00f6k H\u00fccreler bildi\u011fimiz t\u00fcm tan\u0131mlar\u0131 ve s\u0131n\u0131rlar\u0131 zorlayan, y\u0131kan ve yeniden yapan olu\u015fumlar. K\u00f6k H\u00fccre Diyaloglar\u0131\u2019nda Sheldon Krimsky okuru, fel\u00e7lilerin y\u00fcr\u00fcmeye ba\u015flayaca\u011f\u0131, kanserin tedavi edilece\u011fi, erkeklerin kad\u0131ns\u0131z, kad\u0131nlar\u0131n erkeksiz \u00fcreyebilece\u011fi, hastal\u0131klara \u00e7arenin kendi h\u00fccrelerimizden gelece\u011fi bu d\u00fcnyada s\u00fcr\u00fckleyici bir yolculu\u011fa \u00e7\u0131kar\u0131yor. Sheldon Krimsky Tufts \u00dcniversitesi\u2019nde \u00e7evre ve biyoteknoloji profes\u00f6r\u00fc. <\/p>\n","protected":false},"excerpt":{"rendered":"<p>\u0130nsanl\u0131\u011f\u0131n yarar\u0131na bile olsa ara\u015ft\u0131rma u\u011fruna embriyolar\u0131 tahrip etmeye hakk\u0131m\u0131z var m\u0131? Gayriahlaki eylemlerden iyilik do\u011far m\u0131? Bedenimiz \u00fczerindeki m\u00fclki haklar\u0131m\u0131z\u0131n s\u0131n\u0131r\u0131 nereye uzan\u0131r? Onaylanmam\u0131\u015f bir<span class=\"excerpt-hellip\"> [\u2026]<\/span><\/p>\n","protected":false},"featured_media":0,"template":"","meta":{"_monsterinsights_skip_tracking":false,"_monsterinsights_sitenote_active":false,"_monsterinsights_sitenote_note":"","_monsterinsights_sitenote_category":0},"product_brand":[],"product_cat":[13005,38128],"product_tag":[],"class_list":{"0":"post-710842","1":"product","2":"type-product","3":"status-publish","5":"product_cat-bilim-muhendislik","6":"product_cat-tip-bilimleri","7":"pa_cilt-ciltsiz","8":"pa_tur-kitap","9":"pa_yayinevi-koc-universitesi-yayinlari","10":"pa_yazar-sheldon-krimsky","12":"first","13":"instock","14":"sale","15":"shipping-taxable","16":"purchasable","17":"product-type-simple"},"_links":{"self":[{"href":"https:\/\/roveyayinevi.com.tr\/index.php\/wp-json\/wp\/v2\/product\/710842","targetHints":{"allow":["GET"]}}],"collection":[{"href":"https:\/\/roveyayinevi.com.tr\/index.php\/wp-json\/wp\/v2\/product"}],"about":[{"href":"https:\/\/roveyayinevi.com.tr\/index.php\/wp-json\/wp\/v2\/types\/product"}],"wp:attachment":[{"href":"https:\/\/roveyayinevi.com.tr\/index.php\/wp-json\/wp\/v2\/media?parent=710842"}],"wp:term":[{"taxonomy":"product_brand","embeddable":true,"href":"https:\/\/roveyayinevi.com.tr\/index.php\/wp-json\/wp\/v2\/product_brand?post=710842"},{"taxonomy":"product_cat","embeddable":true,"href":"https:\/\/roveyayinevi.com.tr\/index.php\/wp-json\/wp\/v2\/product_cat?post=710842"},{"taxonomy":"product_tag","embeddable":true,"href":"https:\/\/roveyayinevi.com.tr\/index.php\/wp-json\/wp\/v2\/product_tag?post=710842"}],"curies":[{"name":"wp","href":"https:\/\/api.w.org\/{rel}","templated":true}]}}