{"id":710841,"date":"2025-08-27T16:39:50","date_gmt":"2025-08-27T13:39:50","guid":{"rendered":"https:\/\/roveyayinevi.com.tr\/index.php\/urun\/bil-bakalim-nedir-ve-nasil-olusur-ciltli\/"},"modified":"2026-04-16T02:19:26","modified_gmt":"2026-04-15T23:19:26","slug":"bil-bakalim-nedir-ve-nasil-olusur-ciltli","status":"publish","type":"product","link":"https:\/\/roveyayinevi.com.tr\/index.php\/urun\/bil-bakalim-nedir-ve-nasil-olusur-ciltli\/","title":{"rendered":"Bil Bakal\u0131m Nedir Ve Nas\u0131l Olu\u015fur? (Ciltli)"},"content":{"rendered":"<p>Bu kitapta \u00e7ocuklar\u0131n her zaman sordu\u011fu ancak b\u00fcy\u00fcklerin \u00e7o\u011fu zaman yan\u0131tlayamad\u0131\u011f\u0131 200 kadar sorunun yan\u0131t\u0131 sakl\u0131\u2026   Bil Bakal\u0131m Nedir ve Nas\u0131l Olu\u015fur? ise, g\u00fcndelik hayat\u0131m\u0131z\u0131n vazge\u00e7ilmez par\u00e7alar\u0131 olmu\u015f ama nas\u0131l yap\u0131ld\u0131\u011f\u0131n\u0131 bilmedi\u011fimiz video oyunu, \u015feker gibi nesnelerden morluk gibi olgulara var\u0131ncaya dek pek \u00e7ok e\u015fya, alet ve durum hakk\u0131nda keyifli bilgiler veren e\u011flenceli bir kitap&#8230; <\/p>\n","protected":false},"excerpt":{"rendered":"<p>Bu kitapta \u00e7ocuklar\u0131n her zaman sordu\u011fu ancak b\u00fcy\u00fcklerin \u00e7o\u011fu zaman yan\u0131tlayamad\u0131\u011f\u0131 200 kadar sorunun yan\u0131t\u0131 sakl\u0131\u2026 Bil Bakal\u0131m Nedir ve Nas\u0131l Olu\u015fur? ise, g\u00fcndelik hayat\u0131m\u0131z\u0131n vazge\u00e7ilmez<span class=\"excerpt-hellip\"> [\u2026]<\/span><\/p>\n","protected":false},"featured_media":0,"template":"","meta":{"_monsterinsights_skip_tracking":false,"_monsterinsights_sitenote_active":false,"_monsterinsights_sitenote_note":"","_monsterinsights_sitenote_category":0},"product_brand":[],"product_cat":[12275,12274],"product_tag":[],"class_list":{"0":"post-710841","1":"product","2":"type-product","3":"status-publish","5":"product_cat-6-12-yas-kitaplari","6":"product_cat-cocuk-ve-genclik-kitaplari","7":"pa_cilt-ciltli","8":"pa_tur-kitap","9":"pa_yayinevi-yapi-kredi-yayinlari","10":"pa_yazar-sophie-de-mullenheim","12":"first","13":"instock","14":"sale","15":"shipping-taxable","16":"purchasable","17":"product-type-simple"},"_links":{"self":[{"href":"https:\/\/roveyayinevi.com.tr\/index.php\/wp-json\/wp\/v2\/product\/710841","targetHints":{"allow":["GET"]}}],"collection":[{"href":"https:\/\/roveyayinevi.com.tr\/index.php\/wp-json\/wp\/v2\/product"}],"about":[{"href":"https:\/\/roveyayinevi.com.tr\/index.php\/wp-json\/wp\/v2\/types\/product"}],"wp:attachment":[{"href":"https:\/\/roveyayinevi.com.tr\/index.php\/wp-json\/wp\/v2\/media?parent=710841"}],"wp:term":[{"taxonomy":"product_brand","embeddable":true,"href":"https:\/\/roveyayinevi.com.tr\/index.php\/wp-json\/wp\/v2\/product_brand?post=710841"},{"taxonomy":"product_cat","embeddable":true,"href":"https:\/\/roveyayinevi.com.tr\/index.php\/wp-json\/wp\/v2\/product_cat?post=710841"},{"taxonomy":"product_tag","embeddable":true,"href":"https:\/\/roveyayinevi.com.tr\/index.php\/wp-json\/wp\/v2\/product_tag?post=710841"}],"curies":[{"name":"wp","href":"https:\/\/api.w.org\/{rel}","templated":true}]}}