{"id":710837,"date":"2025-08-27T16:39:48","date_gmt":"2025-08-27T13:39:48","guid":{"rendered":"https:\/\/roveyayinevi.com.tr\/index.php\/urun\/insanin-anlama-yetisi-uzerine-bir-sorusturma-2\/"},"modified":"2026-04-16T02:19:26","modified_gmt":"2026-04-15T23:19:26","slug":"insanin-anlama-yetisi-uzerine-bir-sorusturma-2","status":"publish","type":"product","link":"https:\/\/roveyayinevi.com.tr\/index.php\/urun\/insanin-anlama-yetisi-uzerine-bir-sorusturma-2\/","title":{"rendered":"\u0130nsan\u0131n Anlama Yetisi \u00dczerine Bir Soru\u015fturma"},"content":{"rendered":"<p>David Hume (1711-1776): \u0130sko\u00e7yal\u0131 filozof ve tarih\u00e7i.12 ya\u015f\u0131nda kaydoldu\u011fu Edinburgh \u00dcniversitesinde hukuke\u011fitimi alsa da, felsefenin b\u00fcy\u00fcs\u00fcne kap\u0131ld\u0131\u011f\u0131ndan e\u011fitiminiyar\u0131da b\u0131rakt\u0131. \u0130lk eseri Treatise of Human Nature1739-1740 y\u0131llar\u0131nda yay\u0131mland\u0131. 1748 y\u0131l\u0131nda \u00fcnl\u00fcsoru\u015fturmalar\u0131n\u0131n ilk versiyonu olan Philosophical EssaysConcerning Human Understanding eseri yay\u0131mland\u0131ysada pek ilgi g\u00f6rmedi.K\u00fct\u00fcphane m\u00fcd\u00fcr\u00fcyken yazmaya ba\u015flad\u0131\u011f\u0131 alt\u0131 ciltlik History of England eseri, felsefieserlerinden \u00e7ok daha fazla ba\u015far\u0131 ve \u00fcn kazanmas\u0131n\u0131sa\u011flad\u0131.\u0130ktisat konulu denemeleriyle ba\u015fta yak\u0131n dostuAdam Smith olmak \u00fczere liberal iktisat\u00e7\u0131lar \u00fczerindede etkili oldu. David Hume, Locke\u2019un ampirizmine,Berkeley\u2019in idealizmine dayanan felsefesiyle, ba\u015ftaKant olmak \u00fczere kendinden sonraki pek \u00e7ok filozofu etkilemi\u015ftir.\u0130nsan\u0131n Anlama Yetisi \u00dczerine Bir Soru\u015fturmaHume\u2019un ilk eserinde inceledi\u011fi konular\u0131n keskin ve a\u00e7\u0131kbir \u00f6zetini yapt\u0131\u011f\u0131, fikirlerin k\u00f6keninden \u00f6zg\u00fcr iradeye,nedensellik ilkesine dair \u015f\u00fcphelerden, mucizelerekadar en \u00fcnl\u00fc arg\u00fcmanlar\u0131n\u0131 form\u00fcle etti\u011fi ustal\u0131k d\u00f6nemin en yetkin eseridir. <\/p>\n","protected":false},"excerpt":{"rendered":"<p>David Hume (1711-1776): \u0130sko\u00e7yal\u0131 filozof ve tarih\u00e7i.12 ya\u015f\u0131nda kaydoldu\u011fu Edinburgh \u00dcniversitesinde hukuke\u011fitimi alsa da, felsefenin b\u00fcy\u00fcs\u00fcne kap\u0131ld\u0131\u011f\u0131ndan e\u011fitiminiyar\u0131da b\u0131rakt\u0131. \u0130lk eseri Treatise of Human Nature1739-1740 y\u0131llar\u0131nda<span class=\"excerpt-hellip\"> [\u2026]<\/span><\/p>\n","protected":false},"featured_media":0,"template":"","meta":{"_monsterinsights_skip_tracking":false,"_monsterinsights_sitenote_active":false,"_monsterinsights_sitenote_note":"","_monsterinsights_sitenote_category":0},"product_brand":[],"product_cat":[12388,13555],"product_tag":[],"class_list":{"0":"post-710837","1":"product","2":"type-product","3":"status-publish","5":"product_cat-felsefe","6":"product_cat-genel-felsefe","7":"pa_cilt-ciltsiz","8":"pa_tur-kitap","9":"pa_yayinevi-is-bankasi-kultur-yayinlari","10":"pa_yazar-david-hume","12":"first","13":"instock","14":"sale","15":"shipping-taxable","16":"purchasable","17":"product-type-simple"},"_links":{"self":[{"href":"https:\/\/roveyayinevi.com.tr\/index.php\/wp-json\/wp\/v2\/product\/710837","targetHints":{"allow":["GET"]}}],"collection":[{"href":"https:\/\/roveyayinevi.com.tr\/index.php\/wp-json\/wp\/v2\/product"}],"about":[{"href":"https:\/\/roveyayinevi.com.tr\/index.php\/wp-json\/wp\/v2\/types\/product"}],"wp:attachment":[{"href":"https:\/\/roveyayinevi.com.tr\/index.php\/wp-json\/wp\/v2\/media?parent=710837"}],"wp:term":[{"taxonomy":"product_brand","embeddable":true,"href":"https:\/\/roveyayinevi.com.tr\/index.php\/wp-json\/wp\/v2\/product_brand?post=710837"},{"taxonomy":"product_cat","embeddable":true,"href":"https:\/\/roveyayinevi.com.tr\/index.php\/wp-json\/wp\/v2\/product_cat?post=710837"},{"taxonomy":"product_tag","embeddable":true,"href":"https:\/\/roveyayinevi.com.tr\/index.php\/wp-json\/wp\/v2\/product_tag?post=710837"}],"curies":[{"name":"wp","href":"https:\/\/api.w.org\/{rel}","templated":true}]}}