{"id":710833,"date":"2025-08-27T16:39:41","date_gmt":"2025-08-27T13:39:41","guid":{"rendered":"https:\/\/roveyayinevi.com.tr\/index.php\/urun\/gocebe-ozneler\/"},"modified":"2026-04-16T02:19:26","modified_gmt":"2026-04-15T23:19:26","slug":"gocebe-ozneler","status":"publish","type":"product","link":"https:\/\/roveyayinevi.com.tr\/index.php\/urun\/gocebe-ozneler\/","title":{"rendered":"G\u00f6\u00e7ebe \u00d6zneler"},"content":{"rendered":"<p>G\u00f6\u00e7ebe \u00d6zneler Rosi Bradiotti\u2019nin 21. y\u00fczy\u0131lda k\u0131ta felsefesini ve \u00e7a\u011fda\u015f feminist kuram\u0131 derinden etkileyen makalelerini bir araya getiriyor. \u00d6znellik, cinsiyet farkl\u0131l\u0131\u011f\u0131, beden politikalar\u0131, queer kuram\u0131 ve \u201c\u00f6tekilik\u201d gibi meseleleri g\u00f6\u00e7ebelik \u00e7er\u00e7evesinde ele alan Bradiotti yarat\u0131c\u0131 ve \u00f6znel \u00fcslubuyla \u00e7a\u011fda\u015f akademik yaz\u0131 disiplininin kar\u015f\u0131 kutbuna yerle\u015fiyor ve feminist yaz\u0131na bir \u201colu\u015f\u201d alan\u0131 a\u00e7\u0131yor. Bradiotti bir yandan 20. y\u00fczy\u0131l K\u0131ta Avrupas\u0131 felsefe gelene\u011fini \u015fekillendiren d\u00fc\u015f\u00fcn\u00fcrleri feminist ba\u011flamda ele\u015ftirel bir okumaya tabi tutarken, di\u011fer yandan feminist kuramc\u0131lar\u0131n metinlerinde cinsiyet farkl\u0131l\u0131\u011f\u0131 kuram\u0131n\u0131n izlerini s\u00fcr\u00fcyor. Deleuze ve Guattari\u2019nin \u201cg\u00f6\u00e7ebelik\u201d kavram\u0131n\u0131 feminist kimlik, mek\u00e2n ve beden politikalar\u0131 ba\u011flam\u0131nda yeniden d\u00fc\u015f\u00fcn\u00fcyor ve kad\u0131n hareketinin siyasal kuram\u0131 hem yarat\u0131c\u0131 hem de ele\u015ftirel bir \u015fekilde tekrar in\u015fa etmesini \u00f6neriyor. <\/p>\n","protected":false},"excerpt":{"rendered":"<p>G\u00f6\u00e7ebe \u00d6zneler Rosi Bradiotti\u2019nin 21. y\u00fczy\u0131lda k\u0131ta felsefesini ve \u00e7a\u011fda\u015f feminist kuram\u0131 derinden etkileyen makalelerini bir araya getiriyor. \u00d6znellik, cinsiyet farkl\u0131l\u0131\u011f\u0131, beden politikalar\u0131, queer kuram\u0131 ve<span class=\"excerpt-hellip\"> [\u2026]<\/span><\/p>\n","protected":false},"featured_media":0,"template":"","meta":{"_monsterinsights_skip_tracking":false,"_monsterinsights_sitenote_active":false,"_monsterinsights_sitenote_note":"","_monsterinsights_sitenote_category":0},"product_brand":[],"product_cat":[20351,12388],"product_tag":[],"class_list":{"0":"post-710833","1":"product","2":"type-product","3":"status-publish","5":"product_cat-dusunce","6":"product_cat-felsefe","7":"pa_cilt-ciltsiz","8":"pa_tur-kitap","9":"pa_yayinevi-kolektif-kitap","10":"pa_yazar-rosi-braidotti","12":"first","13":"instock","14":"sale","15":"shipping-taxable","16":"purchasable","17":"product-type-simple"},"_links":{"self":[{"href":"https:\/\/roveyayinevi.com.tr\/index.php\/wp-json\/wp\/v2\/product\/710833","targetHints":{"allow":["GET"]}}],"collection":[{"href":"https:\/\/roveyayinevi.com.tr\/index.php\/wp-json\/wp\/v2\/product"}],"about":[{"href":"https:\/\/roveyayinevi.com.tr\/index.php\/wp-json\/wp\/v2\/types\/product"}],"wp:attachment":[{"href":"https:\/\/roveyayinevi.com.tr\/index.php\/wp-json\/wp\/v2\/media?parent=710833"}],"wp:term":[{"taxonomy":"product_brand","embeddable":true,"href":"https:\/\/roveyayinevi.com.tr\/index.php\/wp-json\/wp\/v2\/product_brand?post=710833"},{"taxonomy":"product_cat","embeddable":true,"href":"https:\/\/roveyayinevi.com.tr\/index.php\/wp-json\/wp\/v2\/product_cat?post=710833"},{"taxonomy":"product_tag","embeddable":true,"href":"https:\/\/roveyayinevi.com.tr\/index.php\/wp-json\/wp\/v2\/product_tag?post=710833"}],"curies":[{"name":"wp","href":"https:\/\/api.w.org\/{rel}","templated":true}]}}