{"id":710832,"date":"2025-08-27T16:39:40","date_gmt":"2025-08-27T13:39:40","guid":{"rendered":"https:\/\/roveyayinevi.com.tr\/index.php\/urun\/robot-anatomisi\/"},"modified":"2026-04-16T02:19:26","modified_gmt":"2026-04-15T23:19:26","slug":"robot-anatomisi","status":"publish","type":"product","link":"https:\/\/roveyayinevi.com.tr\/index.php\/urun\/robot-anatomisi\/","title":{"rendered":"Robot Anatomisi"},"content":{"rendered":"<p>Robot Anatomisi robotu bir teknolojik geli\u015fme konusu olman\u0131n \u00e7ok \u00f6tesinde edebiyat, sinema, hukuk, siyaset, reklam veya pop\u00fcler k\u00fclt\u00fcr \u00fcr\u00fcnleriyle durmaks\u0131z\u0131n \u00e7o\u011falt\u0131lan bir fenomen  olarak ele al\u0131yor. Despina Kakoudaki hakim tart\u0131\u015fmalardan farkl\u0131 olarak, yapay insan s\u00f6yleminin Antik Yunan s\u00f6ylencelerinden kutsal metinlere, Sanayi Devrimi\u2019nden g\u00fcn\u00fcm\u00fcze dek izini s\u00fcrerken, robotlar\u0131n hik\u00e2yesine insanl\u0131\u011f\u0131n tarih boyunca farkl\u0131 co\u011frafyalarda, farkl\u0131 zamanlarda, farkl\u0131 \u00f6znelere \u00e7ekinmeden g\u00f6sterdi\u011fi d\u0131\u015flay\u0131c\u0131 tavr\u0131n en a\u00e7\u0131k yans\u0131malar\u0131ndan biri olarak yakla\u015f\u0131yor. <\/p>\n","protected":false},"excerpt":{"rendered":"<p>Robot Anatomisi robotu bir teknolojik geli\u015fme konusu olman\u0131n \u00e7ok \u00f6tesinde edebiyat, sinema, hukuk, siyaset, reklam veya pop\u00fcler k\u00fclt\u00fcr \u00fcr\u00fcnleriyle durmaks\u0131z\u0131n \u00e7o\u011falt\u0131lan bir fenomen olarak ele al\u0131yor.<span class=\"excerpt-hellip\"> [\u2026]<\/span><\/p>\n","protected":false},"featured_media":0,"template":"","meta":{"_monsterinsights_skip_tracking":false,"_monsterinsights_sitenote_active":false,"_monsterinsights_sitenote_note":"","_monsterinsights_sitenote_category":0},"product_brand":[],"product_cat":[13590,12337],"product_tag":[],"class_list":{"0":"post-710832","1":"product","2":"type-product","3":"status-publish","5":"product_cat-arastirma-inceleme-politika-siyaset","6":"product_cat-politika-siyaset","7":"pa_cilt-ciltsiz","8":"pa_tur-kitap","9":"pa_yayinevi-kolektif-kitap","10":"pa_yazar-despina-kakoudaki","12":"first","13":"instock","14":"sale","15":"shipping-taxable","16":"purchasable","17":"product-type-simple"},"_links":{"self":[{"href":"https:\/\/roveyayinevi.com.tr\/index.php\/wp-json\/wp\/v2\/product\/710832","targetHints":{"allow":["GET"]}}],"collection":[{"href":"https:\/\/roveyayinevi.com.tr\/index.php\/wp-json\/wp\/v2\/product"}],"about":[{"href":"https:\/\/roveyayinevi.com.tr\/index.php\/wp-json\/wp\/v2\/types\/product"}],"wp:attachment":[{"href":"https:\/\/roveyayinevi.com.tr\/index.php\/wp-json\/wp\/v2\/media?parent=710832"}],"wp:term":[{"taxonomy":"product_brand","embeddable":true,"href":"https:\/\/roveyayinevi.com.tr\/index.php\/wp-json\/wp\/v2\/product_brand?post=710832"},{"taxonomy":"product_cat","embeddable":true,"href":"https:\/\/roveyayinevi.com.tr\/index.php\/wp-json\/wp\/v2\/product_cat?post=710832"},{"taxonomy":"product_tag","embeddable":true,"href":"https:\/\/roveyayinevi.com.tr\/index.php\/wp-json\/wp\/v2\/product_tag?post=710832"}],"curies":[{"name":"wp","href":"https:\/\/api.w.org\/{rel}","templated":true}]}}